{"id":609,"date":"2020-10-20T18:26:49","date_gmt":"2020-10-20T21:26:49","guid":{"rendered":"https:\/\/www.appoloviracel.com.uy\/?post_type=product&#038;p=609"},"modified":"2022-05-02T09:33:54","modified_gmt":"2022-05-02T12:33:54","slug":"apple-ear-pods-lightning-mmtn2am","status":"publish","type":"product","link":"https:\/\/www.appoloviracel.com.uy\/index.php\/product\/apple-ear-pods-lightning-mmtn2am\/","title":{"rendered":"Auricular Apple \u00abEarPods Lightning Conector\u00bb (Intrauditivo)"},"content":{"rendered":"<h4>Caracter\u00edsticas y especificaciones:<\/h4>\n<p>Dise\u00f1ados por Apple.<br \/>\nTonos bajos m\u00e1s ricos y profundos.<br \/>\nM\u00e1s protecci\u00f3n contra el agua y la transpiraci\u00f3n.<br \/>\nControle la reproducci\u00f3n de m\u00fasica y videos.<br \/>\nResponda y finaliza llamadas.<br \/>\nIncluye control in-line y micr\u00f3fono.<br \/>\n<strong>Conexi\u00f3n\u00a0Lightning<\/strong>: creado por Apple, es un conector usado en sus productos como cable espec\u00edfico para transferencia de datos, reemplaz\u00f3 los 30 pines por 8 y es un 80% m\u00e1s peque\u00f1o.<\/p>\n<h5><strong>*Las im\u00e1genes son a modo ilustrativo.<\/strong><\/h5>\n","protected":false},"excerpt":{"rendered":"<h3><span style=\"color: #339966;\">$ 1.490<\/span><\/h3>\n","protected":false},"featured_media":610,"comment_status":"open","ping_status":"closed","template":"","meta":[],"_links":{"self":[{"href":"https:\/\/www.appoloviracel.com.uy\/index.php\/wp-json\/wp\/v2\/product\/609"}],"collection":[{"href":"https:\/\/www.appoloviracel.com.uy\/index.php\/wp-json\/wp\/v2\/product"}],"about":[{"href":"https:\/\/www.appoloviracel.com.uy\/index.php\/wp-json\/wp\/v2\/types\/product"}],"replies":[{"embeddable":true,"href":"https:\/\/www.appoloviracel.com.uy\/index.php\/wp-json\/wp\/v2\/comments?post=609"}],"wp:featuredmedia":[{"embeddable":true,"href":"https:\/\/www.appoloviracel.com.uy\/index.php\/wp-json\/wp\/v2\/media\/610"}],"wp:attachment":[{"href":"https:\/\/www.appoloviracel.com.uy\/index.php\/wp-json\/wp\/v2\/media?parent=609"}],"curies":[{"name":"wp","href":"https:\/\/api.w.org\/{rel}","templated":true}]}}