{"id":6051,"date":"2021-05-21T22:06:08","date_gmt":"2021-05-22T01:06:08","guid":{"rendered":"https:\/\/www.appoloviracel.com.uy\/?post_type=product&#038;p=6051"},"modified":"2022-10-17T19:03:55","modified_gmt":"2022-10-17T22:03:55","slug":"smart-bracelet-m5-xmsh07hm","status":"publish","type":"product","link":"https:\/\/www.appoloviracel.com.uy\/index.php\/product\/smart-bracelet-m5-xmsh07hm\/","title":{"rendered":"Smart Bracelet M5 \u00abXMSH07HM\u00bb"},"content":{"rendered":"<h4>Caracter\u00edsticas y especificaciones:<\/h4>\n<ul>\n<li>Pantalla t\u00e1ctil \u00fanica 0,96 pulgadas TFT.<\/li>\n<li>Nueva Funci\u00f3n: Podr\u00e1s manejar la c\u00e1mara de tu SmartPhone desde tu <strong>Smart<\/strong> Band <strong>M5<\/strong>.<\/li>\n<li>Recordatorio de llamadas y Mensajes de Texto.<\/li>\n<li>Notificaci\u00f3n de Mensajes de Redes Sociales: Twitter, Facebook, Instagram, Skype, WhatsApp y Similares.<\/li>\n<li><strong>Garant\u00eda<\/strong>: 3 meses contra defecto de fabricaci\u00f3n<\/li>\n<\/ul>\n<h4><\/h4>\n<h4><span style=\"color: #ff0000;\"><strong>* La garant\u00eda no cubre falla que se pueda dar por un uso intensivo.<\/strong><\/span><\/h4>\n<h5><strong>*Las im\u00e1genes son a modo ilustrativo.<\/strong><\/h5>\n","protected":false},"excerpt":{"rendered":"<h3><span style=\"color: #ff0000;\"><strong>\u00abArt\u00edculo Agotado\u00bb<\/strong><\/span><\/h3>\n<h3><span style=\"color: #ff0000;\"><strong>\u00a0<\/strong><\/span><\/h3>\n","protected":false},"featured_media":6052,"comment_status":"open","ping_status":"closed","template":"","meta":[],"_links":{"self":[{"href":"https:\/\/www.appoloviracel.com.uy\/index.php\/wp-json\/wp\/v2\/product\/6051"}],"collection":[{"href":"https:\/\/www.appoloviracel.com.uy\/index.php\/wp-json\/wp\/v2\/product"}],"about":[{"href":"https:\/\/www.appoloviracel.com.uy\/index.php\/wp-json\/wp\/v2\/types\/product"}],"replies":[{"embeddable":true,"href":"https:\/\/www.appoloviracel.com.uy\/index.php\/wp-json\/wp\/v2\/comments?post=6051"}],"wp:featuredmedia":[{"embeddable":true,"href":"https:\/\/www.appoloviracel.com.uy\/index.php\/wp-json\/wp\/v2\/media\/6052"}],"wp:attachment":[{"href":"https:\/\/www.appoloviracel.com.uy\/index.php\/wp-json\/wp\/v2\/media?parent=6051"}],"curies":[{"name":"wp","href":"https:\/\/api.w.org\/{rel}","templated":true}]}}