{"id":5951,"date":"2021-05-15T12:52:56","date_gmt":"2021-05-15T15:52:56","guid":{"rendered":"https:\/\/www.appoloviracel.com.uy\/?post_type=product&#038;p=5951"},"modified":"2024-09-20T16:57:27","modified_gmt":"2024-09-20T19:57:27","slug":"auricular-roca-i12s-tws-bluetooth","status":"publish","type":"product","link":"https:\/\/www.appoloviracel.com.uy\/index.php\/product\/auricular-roca-i12s-tws-bluetooth\/","title":{"rendered":"Auricular ROCA \u00abi12s\u00bb TWS (Bluetooth)"},"content":{"rendered":"<h4>Caracter\u00edsticas y especificaciones:<\/h4>\n<p>Uno de los clones m\u00e1s atractivos, tanto por caracter\u00edsticas como precio, son los i12 TWS. Unos auriculares que comparten un buen n\u00famero de funciones y con una est\u00e9tica pr\u00e1cticamente id\u00e9ntica a los originales. En el interior de los i12 TWS contamos con las\u00a0<strong>bater\u00edas y chips de conexi\u00f3n,<\/strong>\u00a0pero pierden los sensores \u00f3pticos de los AirPods, de manera que no se desconectan cuando nos los quitamos.<\/p>\n<p>Con una l\u00ednea de dise\u00f1o id\u00e9ntica, los auriculares resultan ser\u00a0<strong>c\u00f3modos, ligeros<\/strong>\u00a0y con una sujeci\u00f3n para evitar ca\u00eddas accidentales. Los auriculares i12 TWS aguanta muy bien los movimientos, incluso pueden utilizarse para actividades deportivas como running o musculaci\u00f3n. Presentan el caracter\u00edstico color blanco del modelo original, tambi\u00e9n en la caja de carga.<\/p>\n<p>Escuch\u00e1 tu m\u00fasica donde quieras y con la caja cargadora recarg\u00e1 tus auriculares hasta 3 veces sin necesidad de enchufarla.<br \/>\nNo tienen bot\u00f3n, los sacas de la caja y conectan autom\u00e1ticamente.<br \/>\nCon un toque en el auricular pausas la m\u00fasica o atendes llamadas, 2 toques sub\u00eds o bajas el volumen, 3 toques pasas de canci\u00f3n y manteniendo 3 segundos activas el asistente del celular.<br \/>\nBluetooth 5.0 que permite que en llamadas funcionen ambos auriculares<br \/>\nDuraci\u00f3n de la bater\u00eda 3 hs. aprox.<\/p>\n<p>Carga con cable Lightning (incluye cable)<br \/>\nConexi\u00f3n bluetooth inteligente (como AirPods) a auriclares y case<br \/>\nBotones t\u00e1ctiles<br \/>\nSe puede usar solo uno o ambos auriculares<br \/>\nMicr\u00f3fono incorporado para manos libres<br \/>\nCase con bater\u00eda de 400mAh (funciona para recargar auriculares)<\/p>\n<h5><strong>*Las im\u00e1genes son a modo ilustrativo.<\/strong><\/h5>\n","protected":false},"excerpt":{"rendered":"<h3><span style=\"color: #339966;\"><strong>$ 1.090<\/strong><\/span><\/h3>\n","protected":false},"featured_media":5952,"comment_status":"open","ping_status":"closed","template":"","meta":[],"_links":{"self":[{"href":"https:\/\/www.appoloviracel.com.uy\/index.php\/wp-json\/wp\/v2\/product\/5951"}],"collection":[{"href":"https:\/\/www.appoloviracel.com.uy\/index.php\/wp-json\/wp\/v2\/product"}],"about":[{"href":"https:\/\/www.appoloviracel.com.uy\/index.php\/wp-json\/wp\/v2\/types\/product"}],"replies":[{"embeddable":true,"href":"https:\/\/www.appoloviracel.com.uy\/index.php\/wp-json\/wp\/v2\/comments?post=5951"}],"wp:featuredmedia":[{"embeddable":true,"href":"https:\/\/www.appoloviracel.com.uy\/index.php\/wp-json\/wp\/v2\/media\/5952"}],"wp:attachment":[{"href":"https:\/\/www.appoloviracel.com.uy\/index.php\/wp-json\/wp\/v2\/media?parent=5951"}],"curies":[{"name":"wp","href":"https:\/\/api.w.org\/{rel}","templated":true}]}}