{"id":5919,"date":"2021-05-05T22:01:42","date_gmt":"2021-05-06T01:01:42","guid":{"rendered":"https:\/\/www.appoloviracel.com.uy\/?post_type=product&#038;p=5919"},"modified":"2022-10-17T19:05:23","modified_gmt":"2022-10-17T22:05:23","slug":"smartwatch-hyundai-pulse-6-p260-gold","status":"publish","type":"product","link":"https:\/\/www.appoloviracel.com.uy\/index.php\/product\/smartwatch-hyundai-pulse-6-p260-gold\/","title":{"rendered":"Smartwatch Hyundai \u00abPulse 6 P260\u00bb Gold"},"content":{"rendered":"<h4>Caracter\u00edsticas y especificaciones:<\/h4>\n<p><strong>M\u00daLTIPLES MODOS DEPORTIVOS.-RECORDATORIO DE SEDENTARISMO.-POD\u00d3METRO.-C\u00c1LCULO DE CALOR\u00cdAS.-MONITOREO DE SUE\u00d1O.-MONITOREO DE FRECUENCIA CARD\u00cdACA.-MONITOREO DE OX\u00cdGENO EN SANGRE.-NOTIFICACIONES.<\/strong><br \/>\n<strong>M\u00daLTIPLES ESFERAS DE RELOJ.-<\/strong> GRADO IMPERMEABLE: IP64.<\/p>\n<ul>\n<li>Sensores: Frecuencia card\u00edaca, gravedad, nivel de ox\u00edgeno en sangre y presi\u00f3n<\/li>\n<li>Bater\u00eda: 350mAh, con duraci\u00f3n de aproximadamente 20 d\u00edas<\/li>\n<li>Control de m\u00fasica, monitor de sue\u00f1o, recordatorio de sedentarismo<\/li>\n<li>Notificaciones, llamadas entrantes, mensajes, etc<\/li>\n<li>13 Modos multideportivos<\/li>\n<li>Impermeable nivel IP64<\/li>\n<li>Bluetooth 5.0 compatible con Android e IOS<\/li>\n<li>Pantalla t\u00e1ctil 3D ARC TFT de 1.28&#8243; (240 x 240 p\u00edxeles)<\/li>\n<li>Pod\u00f3metro, medidor de calor\u00edas y distancia<\/li>\n<li>Pantalla: 1,28&#8243; T\u00c1CTIL 3D ARC TFT. 240 x 240 p\u00edxeles.<\/li>\n<li>Procesador: REALTEK RTL8762C.<\/li>\n<li>Compatibilidad: ANDROID \/ IOS.<\/li>\n<li>Memoria RAM: 160 KB.<\/li>\n<li>Memoria ROM: 384 KB, 128 MB SPI.<\/li>\n<li>Conectividad: BLUETOOTH 5.0.<\/li>\n<li>Sensores: Frecuencia Card\u00edaca, Gravedad.<\/li>\n<li>Dimensiones: 46 x 13 mm APROX.<\/li>\n<li>Bater\u00eda: 350 mAh.<\/li>\n<li>Tiempo de Uso: 30 d\u00edas (en espera) APROX.<\/li>\n<li>APP: GLORY FIT.<\/li>\n<li>Color: Esfera Grey (Gris), malla Green \u2013 Verde<\/li>\n<li><strong>Garant\u00eda<\/strong>: 3 meses contra defecto de fabricaci\u00f3n<\/li>\n<\/ul>\n<h4><\/h4>\n<h4><span style=\"color: #ff0000;\"><strong>* La garant\u00eda no cubre falla que se pueda dar por un uso intensivo.<\/strong><\/span><\/h4>\n<h5><strong>*Las im\u00e1genes son a modo ilustrativo.<\/strong><\/h5>\n","protected":false},"excerpt":{"rendered":"<h3><span style=\"color: #ff0000;\"><strong>\u00abArt\u00edculo Agotado\u00bb<\/strong><\/span><\/h3>\n<h3><span style=\"color: #ff0000;\"><strong>\u00a0<\/strong><\/span><\/h3>\n","protected":false},"featured_media":5920,"comment_status":"open","ping_status":"closed","template":"","meta":[],"_links":{"self":[{"href":"https:\/\/www.appoloviracel.com.uy\/index.php\/wp-json\/wp\/v2\/product\/5919"}],"collection":[{"href":"https:\/\/www.appoloviracel.com.uy\/index.php\/wp-json\/wp\/v2\/product"}],"about":[{"href":"https:\/\/www.appoloviracel.com.uy\/index.php\/wp-json\/wp\/v2\/types\/product"}],"replies":[{"embeddable":true,"href":"https:\/\/www.appoloviracel.com.uy\/index.php\/wp-json\/wp\/v2\/comments?post=5919"}],"wp:featuredmedia":[{"embeddable":true,"href":"https:\/\/www.appoloviracel.com.uy\/index.php\/wp-json\/wp\/v2\/media\/5920"}],"wp:attachment":[{"href":"https:\/\/www.appoloviracel.com.uy\/index.php\/wp-json\/wp\/v2\/media?parent=5919"}],"curies":[{"name":"wp","href":"https:\/\/api.w.org\/{rel}","templated":true}]}}