{"id":5901,"date":"2021-05-05T21:51:35","date_gmt":"2021-05-06T00:51:35","guid":{"rendered":"https:\/\/www.appoloviracel.com.uy\/?post_type=product&#038;p=5901"},"modified":"2022-09-27T17:48:30","modified_gmt":"2022-09-27T20:48:30","slug":"celular-samsung-galaxy-a72-128gb-6gb","status":"publish","type":"product","link":"https:\/\/www.appoloviracel.com.uy\/index.php\/product\/celular-samsung-galaxy-a72-128gb-6gb\/","title":{"rendered":"Celular Samsung \u00abGalaxy A72\u00bb (128Gb-6Gb)"},"content":{"rendered":"<h4>Caracter\u00edsticas y especificaciones:<\/h4>\n<p>El <strong>Samsung Galaxy A72<\/strong> es el sucesor del Galaxy A71. Con una pantalla Super AMOLED de 6.7 pulgadas a resoluci\u00f3n Full HD+, el Galaxy A72 llega con un procesador Qualcomm Snapdragon 720G con configuraciones disponibles de 6GB de memoria RAM con 128GB de almacenamiento interno o bien 8GB de RAM con 256GB de almacenamiento. La c\u00e1mara posterior del Galaxy A72 es cu\u00e1druple, con lentes de 64MP, 12MP, 8MP y 5MP, mientras que la c\u00e1mara frontal es de 32MP. Una generosa bater\u00eda de 5000 mAh provee la energ\u00eda y cuenta con carga r\u00e1pida, tiene parlantes est\u00e9reo, lector de huellas bajo pantalla, resiste el polvo y agua, y corre One UI 3.1 basado en Android 11.<\/p>\n<ul>\n<li>Pantalla Super AMOLED de 6.7\u201d.<\/li>\n<li>Tiene 4 c\u00e1maras traseras de 64Mpx\/12Mpx\/8Mpx\/5Mpx.<\/li>\n<li>C\u00e1mara delantera de 32Mpx.<\/li>\n<li>Procesador Snapdragon 720G Octa-Core de 2.3GHz con 6GB de RAM.<\/li>\n<li>Bater\u00eda de 5000mAh.<\/li>\n<li>Memoria interna de 128GB. Apto para tarjeta SD de 1TB.<\/li>\n<li>Resistente al agua.<\/li>\n<li>Con sensor de huella dactilar.<\/li>\n<li>Resistente al polvo.<\/li>\n<li>Se incluyen los siguientes accesorios: <strong>Cargador y Manual<\/strong><\/li>\n<li><strong>Garant\u00eda:<\/strong> 12 meses contra defecto de fabricaci\u00f3n<\/li>\n<\/ul>\n<p>&nbsp;<\/p>\n<h4><span style=\"color: #ff0000;\"><strong>Contado efectivo: 10% de Descuento<\/strong><\/span><\/h4>\n<h5><strong>*Las im\u00e1genes son a modo ilustrativo.<\/strong><\/h5>\n","protected":false},"excerpt":{"rendered":"<h3><span style=\"color: #ff0000;\"><strong>\u00abArt\u00edculo Agotado\u00bb<\/strong><\/span><\/h3>\n<h3><strong style=\"color: #ff0000; font-size: 16px;\">\u00a0<\/strong><\/h3>\n","protected":false},"featured_media":5902,"comment_status":"open","ping_status":"closed","template":"","meta":[],"_links":{"self":[{"href":"https:\/\/www.appoloviracel.com.uy\/index.php\/wp-json\/wp\/v2\/product\/5901"}],"collection":[{"href":"https:\/\/www.appoloviracel.com.uy\/index.php\/wp-json\/wp\/v2\/product"}],"about":[{"href":"https:\/\/www.appoloviracel.com.uy\/index.php\/wp-json\/wp\/v2\/types\/product"}],"replies":[{"embeddable":true,"href":"https:\/\/www.appoloviracel.com.uy\/index.php\/wp-json\/wp\/v2\/comments?post=5901"}],"wp:featuredmedia":[{"embeddable":true,"href":"https:\/\/www.appoloviracel.com.uy\/index.php\/wp-json\/wp\/v2\/media\/5902"}],"wp:attachment":[{"href":"https:\/\/www.appoloviracel.com.uy\/index.php\/wp-json\/wp\/v2\/media?parent=5901"}],"curies":[{"name":"wp","href":"https:\/\/api.w.org\/{rel}","templated":true}]}}