{"id":5891,"date":"2021-05-05T21:38:41","date_gmt":"2021-05-06T00:38:41","guid":{"rendered":"https:\/\/www.appoloviracel.com.uy\/?post_type=product&#038;p=5891"},"modified":"2022-09-19T14:11:12","modified_gmt":"2022-09-19T17:11:12","slug":"celular-samsung-galaxy-a52-128gb-4gb","status":"publish","type":"product","link":"https:\/\/www.appoloviracel.com.uy\/index.php\/product\/celular-samsung-galaxy-a52-128gb-4gb\/","title":{"rendered":"Celular Samsung \u00abGalaxy A52\u00bb (128Gb-4Gb)"},"content":{"rendered":"<h4>Caracter\u00edsticas y especificaciones:<\/h4>\n<p>El <strong>Samsung Galaxy A52<\/strong> es la variante LTE del sucesor del Galaxy A51. Con una pantalla Super AMOLED de 6.5 pulgadas, el Galaxy A52 est\u00e1 potenciado por un procesador Snapdragon 720G con opciones de 4GB, 6GB o 8GB de memoria RAM y 128GB o 256GB de almacenamiento interno. Su bater\u00eda es de 4500 mAh y tiene soporte para carga r\u00e1pida, tiene lector de huellas integrado en pantalla y es resistente al polvo y agua. La c\u00e1mara trasera del Galaxy A52 es cu\u00e1druple, con lentes de 64MP, 12MP, 5MP y 5MP, y la c\u00e1mara para selfies es de 32 megapixels. Completando las caracter\u00edsticas del Galaxy A52 encontramos unos parlantes est\u00e9reo, y Android 11.<\/p>\n<ul>\n<li>Pantalla Super AMOLED de 6.5 \u00ab.<\/li>\n<li>Tiene 4 c\u00e1maras traseras de 64Mpx\/12Mpx\/5Mpx\/5Mpx.<\/li>\n<li>C\u00e1mara delantera de 32Mpx.<\/li>\n<li>Procesador Snapdragon 720G Octa-Core de 2.3GHz con 6GB de RAM.<\/li>\n<li>Bater\u00eda de 4500mAh.<\/li>\n<li>Memoria interna de 128GB. Apto para tarjeta SD de 1TB.<\/li>\n<li>Resistente al agua.<\/li>\n<li>Con sensor de huella dactilar.<\/li>\n<li>Resistente al polvo.<\/li>\n<li>Se incluyen los siguientes accesorios: <strong>Cargador y Manual<\/strong><\/li>\n<li><strong>Garant\u00eda:<\/strong> 12 meses contra defecto de fabricaci\u00f3n<\/li>\n<\/ul>\n<p>&nbsp;<\/p>\n<h4><span style=\"color: #ff0000;\"><strong>Contado efectivo: 10% de Descuento<\/strong><\/span><\/h4>\n<h5><strong>*Las im\u00e1genes son a modo ilustrativo.<\/strong><\/h5>\n","protected":false},"excerpt":{"rendered":"<p><span style=\"color: #993300;\">\u00bb Articulo Agotado\u00bb<\/span><\/p>\n","protected":false},"featured_media":5892,"comment_status":"open","ping_status":"closed","template":"","meta":[],"_links":{"self":[{"href":"https:\/\/www.appoloviracel.com.uy\/index.php\/wp-json\/wp\/v2\/product\/5891"}],"collection":[{"href":"https:\/\/www.appoloviracel.com.uy\/index.php\/wp-json\/wp\/v2\/product"}],"about":[{"href":"https:\/\/www.appoloviracel.com.uy\/index.php\/wp-json\/wp\/v2\/types\/product"}],"replies":[{"embeddable":true,"href":"https:\/\/www.appoloviracel.com.uy\/index.php\/wp-json\/wp\/v2\/comments?post=5891"}],"wp:featuredmedia":[{"embeddable":true,"href":"https:\/\/www.appoloviracel.com.uy\/index.php\/wp-json\/wp\/v2\/media\/5892"}],"wp:attachment":[{"href":"https:\/\/www.appoloviracel.com.uy\/index.php\/wp-json\/wp\/v2\/media?parent=5891"}],"curies":[{"name":"wp","href":"https:\/\/api.w.org\/{rel}","templated":true}]}}