{"id":5870,"date":"2021-04-30T19:13:56","date_gmt":"2021-04-30T22:13:56","guid":{"rendered":"https:\/\/www.appoloviracel.com.uy\/?post_type=product&#038;p=5870"},"modified":"2022-12-22T12:50:49","modified_gmt":"2022-12-22T15:50:49","slug":"celular-iphone-12-64gb","status":"publish","type":"product","link":"https:\/\/www.appoloviracel.com.uy\/index.php\/product\/celular-iphone-12-64gb\/","title":{"rendered":"Celular iPhone \u00ab12\u00bb (64Gb)"},"content":{"rendered":"<h4>Caracter\u00edsticas y especificaciones:<\/h4>\n<h4><span style=\"color: #ff0000;\"><strong>Equipo Nuevo<\/strong><\/span><\/h4>\n<ol>\n<li>Las pantallas tienen las esquinas redondeadas. Al medir su rect\u00e1ngulo, la pantalla tiene 5,42\u00a0pulgadas en diagonal 6,06\u00a0pulgadas en diagonal (iPhone\u00a012). La superficie real de visi\u00f3n es inferior.<\/li>\n<li>El espacio disponible es menor y depende de muchos factores. Una configuraci\u00f3n est\u00e1ndar \u2014con iOS y las apps preinstaladas\u2014 requiere aproximadamente entre 11 y 14\u00a0GB de espacio, en funci\u00f3n del modelo y los ajustes. Las apps preinstaladas ocupan aproximadamente 4\u00a0GB de espacio, pero pueden desinstalarse y restaurarse en cualquier momento. La capacidad depende de la versi\u00f3n de software y puede variar seg\u00fan el dispositivo.<\/li>\n<li>Se basa en la resistencia de la parte delantera con Ceramic\u00a0Shield del iPhone\u00a012 respecto a la generaci\u00f3n anterior de\u00a0iPhone.<\/li>\n<\/ol>\n<p>El iPhone 12 es resistente a las salpicaduras, el agua y el polvo. Las pruebas se han realizado bajo control en un laboratorio y ambos modelos han obtenido la calificaci\u00f3n IP68 seg\u00fan la norma IEC\u00a060529 (hasta 6\u00a0metros de profundidad durante un m\u00e1ximo de 30\u00a0minutos). La resistencia a las salpicaduras, el\u00a0agua y el polvo no es permanente y puede disminuir como consecuencia del uso habitual. No\u00a0intentes cargar el iPhone si est\u00e1 mojado. Consulta el\u00a0manual del usuario antes de limpiarlo o\u00a0secarlo. La\u00a0garant\u00eda no cubre los da\u00f1os producidos por l\u00edquidos.<\/p>\n<ul>\n<li>Pantalla Super\u00a0Retina\u00a0XDR<\/li>\n<li>Pantalla OLED de 6.1 pulgadas (diagonal) sin\u00a0marco<\/li>\n<li>Resoluci\u00f3n de 2532 * 1170 pixeles a 460\u00a0ppi<\/li>\n<\/ul>\n<p>La pantalla del iPhone\u00a012\u00a0tiene esquinas redondeadas que siguen el elegante dise\u00f1o curvo del tel\u00e9fono, y las esquinas se encuentran dentro de un rect\u00e1ngulo est\u00e1ndar. Si se mide en forma de rect\u00e1ngulo est\u00e1ndar, la pantalla tiene 6.06\u00a0pulgadas en diagonal (el \u00e1rea real de visualizaci\u00f3n es menor).<\/p>\n<ul>\n<li>Pantalla\u00a0HDR<\/li>\n<li>True Tone<\/li>\n<li>Amplia gama de colores\u00a0(P3)<\/li>\n<li>Toque con respuesta h\u00e1ptica<\/li>\n<li>Relaci\u00f3n de contraste 2,000,000:1 (normal)<\/li>\n<li>Brillo m\u00e1ximo de 625 nits (normal); brillo m\u00e1ximo de 1,200\u00a0nits\u00a0(HDR)<\/li>\n<li>Revestimiento oleof\u00f3bico resistente a huellas dactilares<\/li>\n<li>Compatibilidad para mostrar varios idiomas y caracteres simult\u00e1neamente<\/li>\n<li>Se incluyen los siguientes accesorios: <strong>Cable original y Manual<\/strong><\/li>\n<li><strong>Garant\u00eda:<\/strong> 12 meses contra defecto de fabricaci\u00f3n<\/li>\n<\/ul>\n<h4><\/h4>\n<h4><span style=\"color: #ff0000;\"><strong>Contado efectivo: 10% de Descuento<\/strong><\/span><\/h4>\n<h5><strong>*Las im\u00e1genes son a modo ilustrativo.<\/strong><\/h5>\n","protected":false},"excerpt":{"rendered":"<h3><span style=\"color: #ff0000;\"><strong>\u00abArt\u00edculo Agotado\u00bb<\/strong><\/span><\/h3>\n","protected":false},"featured_media":28268,"comment_status":"open","ping_status":"closed","template":"","meta":[],"_links":{"self":[{"href":"https:\/\/www.appoloviracel.com.uy\/index.php\/wp-json\/wp\/v2\/product\/5870"}],"collection":[{"href":"https:\/\/www.appoloviracel.com.uy\/index.php\/wp-json\/wp\/v2\/product"}],"about":[{"href":"https:\/\/www.appoloviracel.com.uy\/index.php\/wp-json\/wp\/v2\/types\/product"}],"replies":[{"embeddable":true,"href":"https:\/\/www.appoloviracel.com.uy\/index.php\/wp-json\/wp\/v2\/comments?post=5870"}],"wp:featuredmedia":[{"embeddable":true,"href":"https:\/\/www.appoloviracel.com.uy\/index.php\/wp-json\/wp\/v2\/media\/28268"}],"wp:attachment":[{"href":"https:\/\/www.appoloviracel.com.uy\/index.php\/wp-json\/wp\/v2\/media?parent=5870"}],"curies":[{"name":"wp","href":"https:\/\/api.w.org\/{rel}","templated":true}]}}