{"id":5860,"date":"2021-04-29T14:43:48","date_gmt":"2021-04-29T17:43:48","guid":{"rendered":"https:\/\/www.appoloviracel.com.uy\/?post_type=product&#038;p=5860"},"modified":"2021-05-21T20:30:53","modified_gmt":"2021-05-21T23:30:53","slug":"auricular-rock-space-es06-rau0646-lightning-stereo-earphones-intrauditivo","status":"publish","type":"product","link":"https:\/\/www.appoloviracel.com.uy\/index.php\/product\/auricular-rock-space-es06-rau0646-lightning-stereo-earphones-intrauditivo\/","title":{"rendered":"Auricular Rock Space \u00abEs06-RAU0646\u00bb Lightning St\u00e9reo EarPhones (Intrauditivo)"},"content":{"rendered":"<h4>Caracter\u00edsticas y especificaciones:<\/h4>\n<ul>\n<li>Auriculares est\u00e9reo Rock Space Lightning: compatibles con iPhone desde iPhone SE hasta lo \u00faltimo de la serie iPhone 12.<\/li>\n<li>Dise\u00f1o perfecto: dise\u00f1o ergon\u00f3mico y ultraligero en la oreja. El cable estaba integrado en un controlador en l\u00ednea, y el controlador se dise\u00f1\u00f3 en [1] Para el modo de reproducci\u00f3n de m\u00fasica &#8211; Reproducir y pausar \/ Subir y bajar volumen \/ Pista siguiente o anterior. [2] Para el modo de llamadas telef\u00f3nicas: responder o finalizar \/ rechazar \/ activar Siri.<\/li>\n<li>Calidad de sonido: sonido est\u00e9reo n\u00edtido y calidad de tono de alta fidelidad que le brindan el disfrute de audio perfecto.<\/li>\n<li>Marca: Rock Space<\/li>\n<li>Modelo: RAU0646<\/li>\n<li>Interfaz: Lightning<\/li>\n<li>Material: ABS + PVC<\/li>\n<li>Longitud del cable: 1200 \u00b1 30 mm<\/li>\n<li>Peso: Aprox. 11g<\/li>\n<\/ul>\n<h5><\/h5>\n<h5><strong>*Las im\u00e1genes son a modo ilustrativo.<\/strong><\/h5>\n","protected":false},"excerpt":{"rendered":"<h3><span style=\"color: #339966;\"><strong>$ 690 \u00a0<\/strong><\/span><\/h3>\n","protected":false},"featured_media":5861,"comment_status":"open","ping_status":"closed","template":"","meta":[],"_links":{"self":[{"href":"https:\/\/www.appoloviracel.com.uy\/index.php\/wp-json\/wp\/v2\/product\/5860"}],"collection":[{"href":"https:\/\/www.appoloviracel.com.uy\/index.php\/wp-json\/wp\/v2\/product"}],"about":[{"href":"https:\/\/www.appoloviracel.com.uy\/index.php\/wp-json\/wp\/v2\/types\/product"}],"replies":[{"embeddable":true,"href":"https:\/\/www.appoloviracel.com.uy\/index.php\/wp-json\/wp\/v2\/comments?post=5860"}],"wp:featuredmedia":[{"embeddable":true,"href":"https:\/\/www.appoloviracel.com.uy\/index.php\/wp-json\/wp\/v2\/media\/5861"}],"wp:attachment":[{"href":"https:\/\/www.appoloviracel.com.uy\/index.php\/wp-json\/wp\/v2\/media?parent=5860"}],"curies":[{"name":"wp","href":"https:\/\/api.w.org\/{rel}","templated":true}]}}