{"id":5850,"date":"2021-04-29T14:34:13","date_gmt":"2021-04-29T17:34:13","guid":{"rendered":"https:\/\/www.appoloviracel.com.uy\/?post_type=product&#038;p=5850"},"modified":"2021-05-15T12:54:14","modified_gmt":"2021-05-15T15:54:14","slug":"adaptador-remax-rl-la04i-lightning-con-2-salidas-a-lightning","status":"publish","type":"product","link":"https:\/\/www.appoloviracel.com.uy\/index.php\/product\/adaptador-remax-rl-la04i-lightning-con-2-salidas-a-lightning\/","title":{"rendered":"Adaptador Remax \u00abRL-LA04i\u00bb, Lightning con 2 salidas a Lightning"},"content":{"rendered":"<h4>Caracter\u00edsticas y especificaciones:<\/h4>\n<ul>\n<li>Remax RL-LA04i Adaptador de audio Mini Lightning a Lightning 2 en 1 con adaptador de carga r\u00e1pida con llamada de voz Drive-by-Wire Este adaptador de audio admite carga r\u00e1pida simult\u00e1nea y escucha de m\u00fasica con dos puertos Lightning. Puede disfrutar de llamadas de voz drive-by-wire con baja latencia.<\/li>\n<li>El dise\u00f1o en forma de T le brinda m\u00e1s comodidad. Simplemente con\u00e9ctelo y juegue y ll\u00e9velo a cualquier lugar f\u00e1cilmente con un cuerpo compacto.<\/li>\n<\/ul>\n<p>&nbsp;<\/p>\n<p><strong>Caracter\u00edsticas:<\/strong><\/p>\n<ul>\n<li><strong>Funci\u00f3n 2 en 1: Equipado con dos puertos de iluminaci\u00f3n, puede cargar r\u00e1pidamente con una corriente de 2.1A mientras escucha m\u00fasica, lo que brinda una calidad de sonido sin p\u00e9rdidas.<\/strong><\/li>\n<li><strong>Llamada de voz HD: Admite llamadas de voz con micr\u00f3fono con una calidad de sonido clara y baja latencia, y la llamada drive-by-wire hace que sea m\u00e1s f\u00e1cil de operar.<\/strong><\/li>\n<li><strong>F\u00e1cil de usar: Simplemente con\u00e9ctelo y juegue con alta sensibilidad y se\u00f1al estable.<\/strong><\/li>\n<li><strong>Dise\u00f1o en forma de T: El dise\u00f1o especial en forma de T no afectar\u00e1 los movimientos de la mano, lo que le permite jugar libremente.<\/strong><\/li>\n<li><strong>Dise\u00f1o ultra delgado: Este transmisor de audio es compacto y liviano, ocupa poco espacio y es f\u00e1cil de transportar y almacenar.<\/strong><\/li>\n<\/ul>\n<p>&nbsp;<\/p>\n<p><strong>Especificaciones:<\/strong><\/p>\n<ul>\n<li><strong>Marca: Remax<\/strong><\/li>\n<li><strong>Modelo: RL-LA04i<\/strong><\/li>\n<li><strong>Material: aleaci\u00f3n de aluminio + TPE<\/strong><\/li>\n<li><strong>Color: negro \/ blanco (opcional)<\/strong><\/li>\n<li><strong>Salida: 2,1 A (m\u00e1x.)<\/strong><\/li>\n<li><strong>Peso del art\u00edculo: 3,9 g \/ 0,14 oz<\/strong><\/li>\n<li><strong>Tama\u00f1o del paquete: 15 * 8.5 * 1.4 cm \/ 5.91 * 3.35 * 0.55 pulgadas<\/strong><\/li>\n<li><strong>Peso del paquete: 24 grs. \/ 0,85 oz<\/strong><\/li>\n<\/ul>\n<p><strong>\u00a0<\/strong><\/p>\n<h5><strong>*Las im\u00e1genes son a modo ilustrativo.<\/strong><\/h5>\n","protected":false},"excerpt":{"rendered":"<h3><span style=\"color: #339966;\"><strong>$ 390 \u00a0<\/strong><\/span><\/h3>\n","protected":false},"featured_media":5851,"comment_status":"open","ping_status":"closed","template":"","meta":[],"_links":{"self":[{"href":"https:\/\/www.appoloviracel.com.uy\/index.php\/wp-json\/wp\/v2\/product\/5850"}],"collection":[{"href":"https:\/\/www.appoloviracel.com.uy\/index.php\/wp-json\/wp\/v2\/product"}],"about":[{"href":"https:\/\/www.appoloviracel.com.uy\/index.php\/wp-json\/wp\/v2\/types\/product"}],"replies":[{"embeddable":true,"href":"https:\/\/www.appoloviracel.com.uy\/index.php\/wp-json\/wp\/v2\/comments?post=5850"}],"wp:featuredmedia":[{"embeddable":true,"href":"https:\/\/www.appoloviracel.com.uy\/index.php\/wp-json\/wp\/v2\/media\/5851"}],"wp:attachment":[{"href":"https:\/\/www.appoloviracel.com.uy\/index.php\/wp-json\/wp\/v2\/media?parent=5850"}],"curies":[{"name":"wp","href":"https:\/\/api.w.org\/{rel}","templated":true}]}}