{"id":5840,"date":"2021-06-04T18:50:48","date_gmt":"2021-06-04T21:50:48","guid":{"rendered":"https:\/\/www.appoloviracel.com.uy\/?post_type=product&#038;p=5840"},"modified":"2023-02-13T10:00:35","modified_gmt":"2023-02-13T13:00:35","slug":"celular-iphone-x-a-64gb-3gb","status":"publish","type":"product","link":"https:\/\/www.appoloviracel.com.uy\/index.php\/product\/celular-iphone-x-a-64gb-3gb\/","title":{"rendered":"Celular iPhone \u00abX\u00bbA+ (256Gb-3Gb)"},"content":{"rendered":"<h4>Caracter\u00edsticas y especificaciones:<\/h4>\n<h4><span style=\"color: #ff0000;\"><strong><em>Equipo A+<\/em><\/strong><\/span><\/h4>\n<ul>\n<li>Pantalla 5,8\u2033\u00a0Super AMOLED\u00a01125 x 2436 pixels, 19.5:9 ratio (~458 ppi density)<\/li>\n<li>Pantalla t\u00e1ctil 3D<\/li>\n<li>\u2013 Certificado IP67 \u2013 Resistente al polvo y al agua<\/li>\n<li>\u2013 Resistente al\u00a0agua hasta 1 metro y 30 minutos<\/li>\n<li>\u2013\u00a0Apple Pay (Visa, MasterCard, certificado AMEX)<\/li>\n<li>Cristal resistente a los ara\u00f1azos, revestimiento oleof\u00f3bico<\/li>\n<li>iOS 11.1.1 actualisable\u00a0iOS 12<\/li>\n<li>Hexa-core 2.39 GHz (2* Monsoon + 4x Mistral)<\/li>\n<li>GPU\u00a0Apple GPU (gr\u00e1ficos de tres n\u00facleos)<\/li>\n<li>Memoria 256GB<\/li>\n<li>3GB RAM<\/li>\n<li>C\u00e1mara\u00a0Dual 12 MP (f \/ 1.8, 28 mm) + 12 MP (f \/ 2.4, 52 mm), OIS, autoenfoque de detecci\u00f3n de fase, zoom \u00f3ptico de 2x, flash de doble tono cu\u00e1druple LED<\/li>\n<li>Caracter\u00edsticas\u00a0Geoetiquetado, grabaci\u00f3n simult\u00e1nea de 4K de video y 8MP, enfoque t\u00e1ctil, detecci\u00f3n de rostro \/ sonrisa, HDR (foto \/ panorama)<\/li>\n<li>Video 2160p @ 24\/30 \/ 60fps, 1080p @ 30\/60\/120 \/ 240fps<\/li>\n<li>Frontal\u00a0\u00a07 MP (f \/ 2.2, 32 mm), 1080p a 30 fps, 720 p a 240 fps, detecci\u00f3n de rostros, HDR<\/li>\n<li>Sensor\u00a0ID de rostro, aceler\u00f3metro, giroscopio, proximidad, br\u00fajula, bar\u00f3metro<\/li>\n<li>Huellas digitales (montaje frontal-), aceler\u00f3metro, giroscopio, la proximidad, br\u00fajula<\/li>\n<li>Carga r\u00e1pida de la bater\u00eda: 50% en 30 minutos<\/li>\n<li>Carga inal\u00e1mbrica Qi<\/li>\n<li>4G LTE<\/li>\n<li>Bater\u00eda 2.716 mAh (10,35 Wh)<\/li>\n<li>Se incluyen los siguientes accesorios: <strong>Cable original y Manual<\/strong><\/li>\n<li><strong>Garant\u00eda:<\/strong> 6 meses contra defecto de fabricaci\u00f3n<\/li>\n<\/ul>\n<h4><\/h4>\n<h4><span style=\"color: #ff0000;\"><strong>Contado efectivo: 10% de Descuento<\/strong><\/span><\/h4>\n<h5><strong>*Las im\u00e1genes son a modo ilustrativo.<\/strong><\/h5>\n","protected":false},"excerpt":{"rendered":"<h3><span style=\"color: #008000;\"><strong>U$S 590<\/strong><\/span><\/h3>\n<h5><span style=\"color: #339966;\">\u00a0<\/span><\/h5>\n","protected":false},"featured_media":5841,"comment_status":"open","ping_status":"closed","template":"","meta":[],"_links":{"self":[{"href":"https:\/\/www.appoloviracel.com.uy\/index.php\/wp-json\/wp\/v2\/product\/5840"}],"collection":[{"href":"https:\/\/www.appoloviracel.com.uy\/index.php\/wp-json\/wp\/v2\/product"}],"about":[{"href":"https:\/\/www.appoloviracel.com.uy\/index.php\/wp-json\/wp\/v2\/types\/product"}],"replies":[{"embeddable":true,"href":"https:\/\/www.appoloviracel.com.uy\/index.php\/wp-json\/wp\/v2\/comments?post=5840"}],"wp:featuredmedia":[{"embeddable":true,"href":"https:\/\/www.appoloviracel.com.uy\/index.php\/wp-json\/wp\/v2\/media\/5841"}],"wp:attachment":[{"href":"https:\/\/www.appoloviracel.com.uy\/index.php\/wp-json\/wp\/v2\/media?parent=5840"}],"curies":[{"name":"wp","href":"https:\/\/api.w.org\/{rel}","templated":true}]}}