{"id":5831,"date":"2021-04-27T23:44:28","date_gmt":"2021-04-28T02:44:28","guid":{"rendered":"https:\/\/www.appoloviracel.com.uy\/?post_type=product&#038;p=5831"},"modified":"2024-06-27T19:14:40","modified_gmt":"2024-06-27T22:14:40","slug":"celular-iphone-8-plus-a-64gb-3gb","status":"publish","type":"product","link":"https:\/\/www.appoloviracel.com.uy\/index.php\/product\/celular-iphone-8-plus-a-64gb-3gb\/","title":{"rendered":"Celular iPhone \u00ab8Plus\u00bbA+ (64Gb-3Gb)"},"content":{"rendered":"<h4>Caracter\u00edsticas y especificaciones:<\/h4>\n<h4><span style=\"color: #ff0000;\"><strong><em>Equipo A+<\/em><\/strong><\/span><\/h4>\n<p><strong>CARACTER\u00cdSTICAS T\u00c9CNICAS:<\/strong><\/p>\n<ul>\n<li>Producto reacondicionado<\/li>\n<li>Grado A+<\/li>\n<li>Nivel de resistencia: IP67<\/li>\n<li>Fecha de salida: 09\/2017<\/li>\n<li>Cargador y kit manos libres gen\u00e9ricos incluidos<\/li>\n<li>Producto libre compatible con cualquier operador<\/li>\n<\/ul>\n<p>&nbsp;<\/p>\n<p><strong>TECNOLOG\u00cdA:<\/strong><\/p>\n<ul>\n<li>Qi<\/li>\n<\/ul>\n<p>&nbsp;<\/p>\n<p><strong>CARACTER\u00cdSTICAS ESPEC\u00cdFICAS:<\/strong><\/p>\n<ul>\n<li>Memoria interna: 64 Gb<\/li>\n<li>RAM: 2 Gb<\/li>\n<li>Sistemas necesarios: IOS<\/li>\n<li>Tarjeta: nano SIM<\/li>\n<li>Procesador: Apple A11 Bionic Neural Engine<\/li>\n<li>Conectividad: Bluetooth 5.1\/EDGE\/3G\/4G\/Wifi\/NFC\/Tarjeta Express<\/li>\n<li>C\u00e1mara de fotos con 12 megap\u00edxeles y Flash True Tone quadri-LED + Auto Focus<\/li>\n<li>Conectividad: Lightning (incluido)<\/li>\n<li>Carga por inducci\u00f3n con la tecnolog\u00eda IQ (no incluida)<\/li>\n<li>Medidas: 138.4 x 67.3 x 7.3 mm<\/li>\n<li>Peso: 148 g<\/li>\n<\/ul>\n<p>&nbsp;<\/p>\n<p><strong>PANTALLA:<\/strong><\/p>\n<ul>\n<li>Pantalla: retina HD<\/li>\n<li>Pantalla LCD Multi-Touch panor\u00e1mica de 4,7 pulgadas (diagonal) con tecnolog\u00eda IPS<\/li>\n<li>Resoluci\u00f3n de 1.334 x 750 p\u00edxeles a 326 ppp<\/li>\n<li>Contraste 1400:1 (est\u00e1ndar)<\/li>\n<li>Luminosidad m\u00e1xima de 625 cd\/m2 (est\u00e1ndar)<\/li>\n<li>Indicador True One<\/li>\n<li>Amplia gama crom\u00e1tica (P3)<\/li>\n<li>P\u00edxeles de doble transistor para un \u00e1ngulo de visi\u00f3n m\u00e1s amplio<\/li>\n<li>Revestimiento oleof\u00f3bico resistente a las huellas dactilares<\/li>\n<li>Zoom de la pantalla<\/li>\n<\/ul>\n<p>&nbsp;<\/p>\n<p><strong>C\u00c1MARA DE FOTOS:<\/strong><\/p>\n<ul>\n<li>C\u00e1mara de fotos: 12 Mpx<\/li>\n<li>Abertura \u0192\/1,8<\/li>\n<li>Objetivo con 6 elementos<\/li>\n<li>Zoom digital 10x<\/li>\n<li>Estabilizaci\u00f3n \u00f3ptica de la imagen<\/li>\n<li>Flash True Tone quadri-LED con sincronizaci\u00f3n lenta<\/li>\n<li>Panor\u00e1mica (hasta 63 Mpx)<\/li>\n<li>Nivel de resistencia: del objetivo de cristal de zafiro<\/li>\n<li>Sensor de luminosidad detr\u00e1s<\/li>\n<li>Filtro infrarrojo h\u00edbrido<\/li>\n<li>Enfoque autom\u00e1tico con Focus Pixels<\/li>\n<li>Enfoque t\u00e1ctil con Focus Pixels<\/li>\n<li>Live Photos con estabilizaci\u00f3n<\/li>\n<li>Fotos y Live Photos con amplia gama crom\u00e1tica<\/li>\n<li>Mapeo tonal mejorado<\/li>\n<li>Ajuste de la exposici\u00f3n<\/li>\n<li>HDR autom\u00e1tico para las fotos<\/li>\n<li>Modo r\u00e1faga y temporizador<\/li>\n<li>Geolocalizaci\u00f3n de la foto<\/li>\n<\/ul>\n<p>&nbsp;<\/p>\n<p><strong>C\u00c1MARA HD FACE TIME:<\/strong><\/p>\n<ul>\n<li>C\u00e1mara 7 Mpx<\/li>\n<li>Grabaci\u00f3n de v\u00eddeo HD 1080p<\/li>\n<li>Retina Flash<\/li>\n<li>Abertura \u0192\/2,2<\/li>\n<li>Fotos y Live Photos con amplia gama crom\u00e1tica<\/li>\n<li>HDR autom\u00e1tico para las fotos<\/li>\n<li>Sensor de luminosidad detr\u00e1s<\/li>\n<li>Estabilizaci\u00f3n autom\u00e1tica de la imagen<\/li>\n<li>Modo r\u00e1faga y temporizador<\/li>\n<li>Ajuste de la exposici\u00f3n<\/li>\n<\/ul>\n<p>&nbsp;<\/p>\n<p><strong>GRABACI\u00d3N DE V\u00cdDEOS:<\/strong><\/p>\n<ul>\n<li>Grabaci\u00f3n de v\u00eddeo 4K a 24, 30 o 60 i\/s<\/li>\n<li>Grabaci\u00f3n de v\u00eddeo HD 1080p a 30 o 60 i\/s<\/li>\n<li>Grabaci\u00f3n de v\u00eddeo HD 720p a 30 i\/s<\/li>\n<li>Zoom \u00f3ptico: 2x<\/li>\n<li>Estabilizaci\u00f3n \u00f3ptica de la imagen para v\u00eddeo<\/li>\n<li>Flash True Tone quadriLED<\/li>\n<li>V\u00eddeo en c\u00e1mara lenta en 1080p a 120 y 240 i\/s<\/li>\n<li>V\u00eddeo en time-lapse con estabilizaci\u00f3n<\/li>\n<li>Estabilizaci\u00f3n de v\u00eddeo con calidad de cine (1080p y 720p)<\/li>\n<li>Enfoque autom\u00e1tico continuo<\/li>\n<li>Toma de fotos 8 Mpx durante la grabaci\u00f3n de v\u00eddeo 4K<\/li>\n<li>Zoom<\/li>\n<li>Geolocalizaci\u00f3n de los v\u00eddeos<\/li>\n<li>Formatos v\u00eddeo disponibles: HEVC y H.264<\/li>\n<\/ul>\n<p>&nbsp;<\/p>\n<p><strong>FUNCIONES:<\/strong><\/p>\n<ul>\n<li>Llamadas<\/li>\n<li>SMS \/ EMS \/ MMS \/ e-mail<\/li>\n<li>Internet: WAP 2.0 + navegador web<\/li>\n<li>Manos libres<\/li>\n<li>Memoria vocal<\/li>\n<li>Fotos &#8211; v\u00eddeos<\/li>\n<li>Lector audio (MP3 \/ AAC)<\/li>\n<li>Alarma &#8211; cron\u00f3metro &#8211; minutero<\/li>\n<li>GPS, Glonass, Galileo y QZSS asistidos<\/li>\n<li>Br\u00fajula digital<\/li>\n<li>Microlocalizaci\u00f3n iBeacon<\/li>\n<li>Calendario<\/li>\n<li>Dict\u00e1fono<\/li>\n<li>Calculadora<\/li>\n<li>Sensores: huella digital integrada en el bot\u00f3n principal \/ bar\u00f3metro \/ giroscopio de tres ejes \/ aceler\u00f3metro \/ detector de proximidad \/ sensor de luminosidad ambiental<\/li>\n<li>Meteorolog\u00eda<\/li>\n<li>Salud<\/li>\n<li>Wallet<\/li>\n<li>VoiceOver<\/li>\n<li>Zoom<\/li>\n<li>Lupa<\/li>\n<li>AssistiveTouch<\/li>\n<li>Se incluyen los siguientes accesorios: <strong>Cable original y Manual<\/strong><\/li>\n<li><strong>Garant\u00eda:<\/strong> 6 meses contra defecto de fabricaci\u00f3n<\/li>\n<\/ul>\n<h4><\/h4>\n<h4><span style=\"color: #ff0000;\"><strong>Contado efectivo: 10% de Descuento<\/strong><\/span><\/h4>\n<h5><strong>*Las im\u00e1genes son a modo ilustrativo.<\/strong><\/h5>\n","protected":false},"excerpt":{"rendered":"<h3><span style=\"color: #008000;\"><strong>U$ 645<\/strong><\/span><\/h3>\n","protected":false},"featured_media":5832,"comment_status":"open","ping_status":"closed","template":"","meta":[],"_links":{"self":[{"href":"https:\/\/www.appoloviracel.com.uy\/index.php\/wp-json\/wp\/v2\/product\/5831"}],"collection":[{"href":"https:\/\/www.appoloviracel.com.uy\/index.php\/wp-json\/wp\/v2\/product"}],"about":[{"href":"https:\/\/www.appoloviracel.com.uy\/index.php\/wp-json\/wp\/v2\/types\/product"}],"replies":[{"embeddable":true,"href":"https:\/\/www.appoloviracel.com.uy\/index.php\/wp-json\/wp\/v2\/comments?post=5831"}],"wp:featuredmedia":[{"embeddable":true,"href":"https:\/\/www.appoloviracel.com.uy\/index.php\/wp-json\/wp\/v2\/media\/5832"}],"wp:attachment":[{"href":"https:\/\/www.appoloviracel.com.uy\/index.php\/wp-json\/wp\/v2\/media?parent=5831"}],"curies":[{"name":"wp","href":"https:\/\/api.w.org\/{rel}","templated":true}]}}