{"id":5806,"date":"2021-04-24T14:26:03","date_gmt":"2021-04-24T17:26:03","guid":{"rendered":"https:\/\/www.appoloviracel.com.uy\/?post_type=product&#038;p=5806"},"modified":"2025-02-21T15:56:13","modified_gmt":"2025-02-21T18:56:13","slug":"teclado-logitech-k120","status":"publish","type":"product","link":"https:\/\/www.appoloviracel.com.uy\/index.php\/product\/teclado-logitech-k120\/","title":{"rendered":"Teclado Logitech \u00abK120\u00bb"},"content":{"rendered":"<h4>Caracter\u00edsticas y especificaciones:<\/h4>\n<p>Disfrutar\u00e1 de teclas planas que apenas hacen ruido y un dise\u00f1o est\u00e1ndar con teclas F y teclado num\u00e9rico de tama\u00f1o normal.<\/p>\n<ul>\n<li>Compatibilidad: Windows XP, Windows Vista, Windows 7, Windows 8, Windows 10<\/li>\n<li>Linux kernel 2.6+<\/li>\n<li>Conexi\u00f3n: USB<\/li>\n<li>Color: negro<\/li>\n<li>Idioma: Espa\u00f1ol<\/li>\n<li>Bajo perfil.<\/li>\n<li>104 teclas con teclado num\u00e9rico.<\/li>\n<li>Cable de 1.5m.<\/li>\n<\/ul>\n<h5><\/h5>\n<h5><strong>*Las im\u00e1genes son a modo ilustrativo.<\/strong><\/h5>\n","protected":false},"excerpt":{"rendered":"<h3><span style=\"color: #339966;\"><strong>$ 570\u00a0\u00a0<\/strong><\/span><\/h3>\n","protected":false},"featured_media":5807,"comment_status":"open","ping_status":"closed","template":"","meta":[],"_links":{"self":[{"href":"https:\/\/www.appoloviracel.com.uy\/index.php\/wp-json\/wp\/v2\/product\/5806"}],"collection":[{"href":"https:\/\/www.appoloviracel.com.uy\/index.php\/wp-json\/wp\/v2\/product"}],"about":[{"href":"https:\/\/www.appoloviracel.com.uy\/index.php\/wp-json\/wp\/v2\/types\/product"}],"replies":[{"embeddable":true,"href":"https:\/\/www.appoloviracel.com.uy\/index.php\/wp-json\/wp\/v2\/comments?post=5806"}],"wp:featuredmedia":[{"embeddable":true,"href":"https:\/\/www.appoloviracel.com.uy\/index.php\/wp-json\/wp\/v2\/media\/5807"}],"wp:attachment":[{"href":"https:\/\/www.appoloviracel.com.uy\/index.php\/wp-json\/wp\/v2\/media?parent=5806"}],"curies":[{"name":"wp","href":"https:\/\/api.w.org\/{rel}","templated":true}]}}