{"id":580,"date":"2020-10-20T14:02:32","date_gmt":"2020-10-20T17:02:32","guid":{"rendered":"https:\/\/www.appoloviracel.com.uy\/?post_type=product&#038;p=580"},"modified":"2021-03-29T21:28:05","modified_gmt":"2021-03-30T00:28:05","slug":"genius-hs-05a-con-microfono","status":"publish","type":"product","link":"https:\/\/www.appoloviracel.com.uy\/index.php\/product\/genius-hs-05a-con-microfono\/","title":{"rendered":"Auricular Genius \u00abHS-05A\u00bb (con Micr\u00f3fono-Gaming-Vincha)"},"content":{"rendered":"<h4>Caracter\u00edsticas y especificaciones:<\/h4>\n<p>Set de auriculares de tama\u00f1o de lujo para mantener conversaciones en Internet.<br \/>\nMicr\u00f3fono de goma f\u00e1cil de doblar.<br \/>\nEnrolla cable que previene los enredos.<br \/>\nDiadema ajustable.<br \/>\nControl de volumen y funci\u00f3n de silencio del micr\u00f3fono en l\u00ednea.<br \/>\nConexion jack 3.5*2<\/p>\n<h5><strong>*Las im\u00e1genes son a modo ilustrativo.<\/strong><\/h5>\n","protected":false},"excerpt":{"rendered":"<h3><span style=\"color: #339966;\">$ 1.090<\/span><\/h3>\n","protected":false},"featured_media":581,"comment_status":"open","ping_status":"closed","template":"","meta":[],"_links":{"self":[{"href":"https:\/\/www.appoloviracel.com.uy\/index.php\/wp-json\/wp\/v2\/product\/580"}],"collection":[{"href":"https:\/\/www.appoloviracel.com.uy\/index.php\/wp-json\/wp\/v2\/product"}],"about":[{"href":"https:\/\/www.appoloviracel.com.uy\/index.php\/wp-json\/wp\/v2\/types\/product"}],"replies":[{"embeddable":true,"href":"https:\/\/www.appoloviracel.com.uy\/index.php\/wp-json\/wp\/v2\/comments?post=580"}],"wp:featuredmedia":[{"embeddable":true,"href":"https:\/\/www.appoloviracel.com.uy\/index.php\/wp-json\/wp\/v2\/media\/581"}],"wp:attachment":[{"href":"https:\/\/www.appoloviracel.com.uy\/index.php\/wp-json\/wp\/v2\/media?parent=580"}],"curies":[{"name":"wp","href":"https:\/\/api.w.org\/{rel}","templated":true}]}}