{"id":5767,"date":"2021-04-23T14:33:43","date_gmt":"2021-04-23T17:33:43","guid":{"rendered":"https:\/\/www.appoloviracel.com.uy\/?post_type=product&#038;p=5767"},"modified":"2024-03-11T17:15:11","modified_gmt":"2024-03-11T20:15:11","slug":"smartwatch-xiaomi-imilab-kw66","status":"publish","type":"product","link":"https:\/\/www.appoloviracel.com.uy\/index.php\/product\/smartwatch-xiaomi-imilab-kw66\/","title":{"rendered":"Smartwatch Xiaomi \u00abImilab KW66\u00bb"},"content":{"rendered":"<h4>Caracter\u00edsticas y especificaciones:<\/h4>\n<ul>\n<li>Pantalla color Touchscreen HD 3D curva de 1.28 pulgadas.<\/li>\n<li>Bater\u00eda de pol\u00edmero de litio de 340mah. Hasta 30 d\u00edas de autonom\u00eda en standby y 15 d\u00edas de uso normal.<\/li>\n<li>13 modos de deporte.<\/li>\n<li>Control de ritmo card\u00edaco las 24 horas.<\/li>\n<li>A prueba de agua y polvo. \u00cdndice de protecci\u00f3n IP68.<\/li>\n<li>Super liviano y delgado. Construido en aleaci\u00f3n de zinc con solo 10.8mm de espesor.<\/li>\n<li>Conectividad Bluetooth v5.0.<\/li>\n<li>Carga a trav\u00e9s de cable magn\u00e9tico (incluido).<\/li>\n<li>Compatibilidad con iOs y Android.<\/li>\n<li>Dimensiones:\u00a045.3mm x11.4mm.<\/li>\n<li>Peso: 54grs.<\/li>\n<li><strong>Garant\u00eda<\/strong>: 6 meses contra defecto de fabricaci\u00f3n<\/li>\n<\/ul>\n<h4><\/h4>\n<h4><span style=\"color: #ff0000;\"><strong>* La garant\u00eda no cubre falla que se pueda dar por un uso intensivo.<\/strong><\/span><\/h4>\n<h5><strong>*Las im\u00e1genes son a modo ilustrativo.<\/strong><\/h5>\n","protected":false},"excerpt":{"rendered":"<h3><span style=\"color: #339966;\"><strong>$ 2.090<\/strong><\/span><\/h3>\n","protected":false},"featured_media":5768,"comment_status":"open","ping_status":"closed","template":"","meta":[],"_links":{"self":[{"href":"https:\/\/www.appoloviracel.com.uy\/index.php\/wp-json\/wp\/v2\/product\/5767"}],"collection":[{"href":"https:\/\/www.appoloviracel.com.uy\/index.php\/wp-json\/wp\/v2\/product"}],"about":[{"href":"https:\/\/www.appoloviracel.com.uy\/index.php\/wp-json\/wp\/v2\/types\/product"}],"replies":[{"embeddable":true,"href":"https:\/\/www.appoloviracel.com.uy\/index.php\/wp-json\/wp\/v2\/comments?post=5767"}],"wp:featuredmedia":[{"embeddable":true,"href":"https:\/\/www.appoloviracel.com.uy\/index.php\/wp-json\/wp\/v2\/media\/5768"}],"wp:attachment":[{"href":"https:\/\/www.appoloviracel.com.uy\/index.php\/wp-json\/wp\/v2\/media?parent=5767"}],"curies":[{"name":"wp","href":"https:\/\/api.w.org\/{rel}","templated":true}]}}