{"id":569,"date":"2020-10-19T23:08:10","date_gmt":"2020-10-20T02:08:10","guid":{"rendered":"https:\/\/www.appoloviracel.com.uy\/?post_type=product&#038;p=569"},"modified":"2021-05-11T14:20:00","modified_gmt":"2021-05-11T17:20:00","slug":"sony-mdr-e9lp","status":"publish","type":"product","link":"https:\/\/www.appoloviracel.com.uy\/index.php\/product\/sony-mdr-e9lp\/","title":{"rendered":"Auricular Sony \u00abMDR-E9LP\u00bb (Intrauditivo)"},"content":{"rendered":"<h4>Caracter\u00edsticas y especificaciones:<\/h4>\n<p>Escucha tus canciones preferidas con estilo y gran calidad de sonido, con los aud\u00edfonos casuales MDR E9A de Sony. Su im\u00e1n de neodimio te ofrece sonido de graves potentes para mejorar tu experiencia al escuchar tu m\u00fasica. Adem\u00e1s, su dise\u00f1o moderno y sofisticado viene con una variedad de diversos colores, \u00a1escoge el que mejor va con tu estilo!<br \/>\nConector Mini est\u00e9reo en forma de L de 3.5mm<\/p>\n<h5><strong>*Las im\u00e1genes son a modo ilustrativo.<\/strong><\/h5>\n","protected":false},"excerpt":{"rendered":"<h3><span style=\"color: #339966;\">$ 590<\/span><\/h3>\n","protected":false},"featured_media":570,"comment_status":"open","ping_status":"closed","template":"","meta":[],"_links":{"self":[{"href":"https:\/\/www.appoloviracel.com.uy\/index.php\/wp-json\/wp\/v2\/product\/569"}],"collection":[{"href":"https:\/\/www.appoloviracel.com.uy\/index.php\/wp-json\/wp\/v2\/product"}],"about":[{"href":"https:\/\/www.appoloviracel.com.uy\/index.php\/wp-json\/wp\/v2\/types\/product"}],"replies":[{"embeddable":true,"href":"https:\/\/www.appoloviracel.com.uy\/index.php\/wp-json\/wp\/v2\/comments?post=569"}],"wp:featuredmedia":[{"embeddable":true,"href":"https:\/\/www.appoloviracel.com.uy\/index.php\/wp-json\/wp\/v2\/media\/570"}],"wp:attachment":[{"href":"https:\/\/www.appoloviracel.com.uy\/index.php\/wp-json\/wp\/v2\/media?parent=569"}],"curies":[{"name":"wp","href":"https:\/\/api.w.org\/{rel}","templated":true}]}}