{"id":5641,"date":"2021-04-21T21:10:26","date_gmt":"2021-04-22T00:10:26","guid":{"rendered":"https:\/\/www.appoloviracel.com.uy\/?post_type=product&#038;p=5641"},"modified":"2023-06-05T18:38:31","modified_gmt":"2023-06-05T21:38:31","slug":"power-bank-xiaomi-redmi-pb100lzm-10-000mah","status":"publish","type":"product","link":"https:\/\/www.appoloviracel.com.uy\/index.php\/product\/power-bank-xiaomi-redmi-pb100lzm-10-000mah\/","title":{"rendered":"Power Bank Xiaomi Redmi \u00abPB100LZM\u00bb 10.000mAh"},"content":{"rendered":"<h4>Caracter\u00edsticas y especificaciones:<\/h4>\n<p>Nuevo dise\u00f1o sofisticado de l\u00edneas curvas con terminaci\u00f3n anti antideslizante.<br \/>\nDoble puerto de entrada Micro USB y USB tipo C.<br \/>\nDoble puerto de salida USB tipo A para cargar dos dispositivos simult\u00e1neamente.<br \/>\n12 capas de circuito de protecci\u00f3n.<br \/>\nSoporta carga r\u00e1pida de 10w tanto para cargar como para cargarse.<br \/>\nModo de carga \u00ablow power\u00bb ideal para proteger dispositivos como pulseras y manos libres.<br \/>\nBater\u00edas de pol\u00edmero de litio de alta densidad.<\/p>\n<p><strong>Especificaciones:<\/strong><\/p>\n<p>Capacidad: 37wh 3.7v 10000mAh<br \/>\nPuertos de entrada: Micro USB \/ USB-C<br \/>\nPar\u00e1metros de entrada: 5v\/2.1A (10w)<br \/>\nPuertos de salida: 2 * USB-A<br \/>\nPar\u00e1metros de salida: 5.1v\/2.4A (single port) 5.1v\/2.6A (dual port)<br \/>\nDimensiones: 150.5 * 73.6 * 15.1mm<\/p>\n<h5><strong>*Las im\u00e1genes son a modo ilustrativo.<\/strong><\/h5>\n","protected":false},"excerpt":{"rendered":"<h3><span style=\"color: #339966;\"><strong>$ 1.290<\/strong><\/span><\/h3>\n","protected":false},"featured_media":5642,"comment_status":"open","ping_status":"closed","template":"","meta":[],"_links":{"self":[{"href":"https:\/\/www.appoloviracel.com.uy\/index.php\/wp-json\/wp\/v2\/product\/5641"}],"collection":[{"href":"https:\/\/www.appoloviracel.com.uy\/index.php\/wp-json\/wp\/v2\/product"}],"about":[{"href":"https:\/\/www.appoloviracel.com.uy\/index.php\/wp-json\/wp\/v2\/types\/product"}],"replies":[{"embeddable":true,"href":"https:\/\/www.appoloviracel.com.uy\/index.php\/wp-json\/wp\/v2\/comments?post=5641"}],"wp:featuredmedia":[{"embeddable":true,"href":"https:\/\/www.appoloviracel.com.uy\/index.php\/wp-json\/wp\/v2\/media\/5642"}],"wp:attachment":[{"href":"https:\/\/www.appoloviracel.com.uy\/index.php\/wp-json\/wp\/v2\/media?parent=5641"}],"curies":[{"name":"wp","href":"https:\/\/api.w.org\/{rel}","templated":true}]}}