{"id":5625,"date":"2021-04-21T20:27:51","date_gmt":"2021-04-21T23:27:51","guid":{"rendered":"https:\/\/www.appoloviracel.com.uy\/?post_type=product&#038;p=5625"},"modified":"2021-04-21T20:47:10","modified_gmt":"2021-04-21T23:47:10","slug":"power-bank-usams-us-cd96-pb33-single-usb-5-000mah","status":"publish","type":"product","link":"https:\/\/www.appoloviracel.com.uy\/index.php\/product\/power-bank-usams-us-cd96-pb33-single-usb-5-000mah\/","title":{"rendered":"Power Bank USAMS \u00abUS-CD96\u00bb PB33 Single USB, 5.000mAh"},"content":{"rendered":"<h4>Caracter\u00edsticas y especificaciones:<\/h4>\n<p>Power \u00a0Bank fashion de 5.000 mAh, tama\u00f1o ultra mini-lipstick de gran capacidad, port\u00e1til para llevar y capaz de colocarlo en una bolso o bolsillo, con salida de corriente de 2.1A de carga r\u00e1pida el cual resuelve el problema de bater\u00eda baja<\/p>\n<ul>\n<li>Ultra-mini, liviano, f\u00e1cil de poner en el bolso<\/li>\n<li>Protecci\u00f3n m\u00faltiple para una carga segura<\/li>\n<li>Tama\u00f1o peque\u00f1o y gran capacidad para satisfacer m\u00faltiples necesidades de carga<\/li>\n<li>Entrada de puerto dual Type-C \/ Mricro, solo un cable para cargar el almacenamiento<\/li>\n<li>Pantalla de visualizaci\u00f3n digital LED inteligente, no es necesario adivinar la energ\u00eda restante<\/li>\n<li>Ideal para viajes o uso diario.<\/li>\n<\/ul>\n<p>&nbsp;<\/p>\n<p>Especificaciones:<\/p>\n<ul>\n<li>Modelo: US-CD96<\/li>\n<li>Material: ABS<\/li>\n<li>Capacidad: 5000 mAh<\/li>\n<li>Capacidad nominal: 3100 mAh<\/li>\n<li>Tama\u00f1o: 119 * 52 * 13 mm<\/li>\n<li>Peso: 110grs.<\/li>\n<li>Entrada micro \/ tipo C: 5V-2A<\/li>\n<li>Salida USB 1 \/ USB 2: 5V-2.1A<\/li>\n<li>Bater\u00eda: bater\u00eda de pol\u00edmero de litio<\/li>\n<\/ul>\n<p>&nbsp;<\/p>\n<p>Compatible con: Tel\u00e9fonos inteligentes iPhone, Samsung, Sony, HTC, Huawei, OPPO, Xiaomi, VIVO, ZTE, etc.<\/p>\n<h5><strong>*Las im\u00e1genes son a modo ilustrativo.<\/strong><\/h5>\n<ul>\n<li id=\"wp-admin-bar-view\"><a class=\"ab-item\" href=\"https:\/\/www.appoloviracel.com.uy\/index.php\/product\/power-bank-usams-us-cd96-pb33-single-usb-5-000mah\/\">Ver producto<\/a><\/li>\n<\/ul>\n","protected":false},"excerpt":{"rendered":"<h3><span style=\"color: #339966;\"><strong>$ 590<\/strong><\/span><\/h3>\n","protected":false},"featured_media":5626,"comment_status":"open","ping_status":"closed","template":"","meta":[],"_links":{"self":[{"href":"https:\/\/www.appoloviracel.com.uy\/index.php\/wp-json\/wp\/v2\/product\/5625"}],"collection":[{"href":"https:\/\/www.appoloviracel.com.uy\/index.php\/wp-json\/wp\/v2\/product"}],"about":[{"href":"https:\/\/www.appoloviracel.com.uy\/index.php\/wp-json\/wp\/v2\/types\/product"}],"replies":[{"embeddable":true,"href":"https:\/\/www.appoloviracel.com.uy\/index.php\/wp-json\/wp\/v2\/comments?post=5625"}],"wp:featuredmedia":[{"embeddable":true,"href":"https:\/\/www.appoloviracel.com.uy\/index.php\/wp-json\/wp\/v2\/media\/5626"}],"wp:attachment":[{"href":"https:\/\/www.appoloviracel.com.uy\/index.php\/wp-json\/wp\/v2\/media?parent=5625"}],"curies":[{"name":"wp","href":"https:\/\/api.w.org\/{rel}","templated":true}]}}