{"id":557,"date":"2020-10-19T21:20:17","date_gmt":"2020-10-20T00:20:17","guid":{"rendered":"https:\/\/www.appoloviracel.com.uy\/?post_type=product&#038;p=557"},"modified":"2021-03-29T21:26:57","modified_gmt":"2021-03-30T00:26:57","slug":"genius-hs-04s-con-microfono-y-anulacion-de-ruido","status":"publish","type":"product","link":"https:\/\/www.appoloviracel.com.uy\/index.php\/product\/genius-hs-04s-con-microfono-y-anulacion-de-ruido\/","title":{"rendered":"Auricular Genius \u00abHS-04s\u00bb (con Micr\u00f3fono y anulaci\u00f3n de ruido-Gaming-Vincha)"},"content":{"rendered":"<h4>Caracter\u00edsticas y especificaciones:<\/h4>\n<p>Ideal\u00a0 para juegos en Internet, chat de voz, conferencia en l\u00ednea.<br \/>\nEl micr\u00f3fono filtra ruido de fondo no deseado.<br \/>\nDise\u00f1o de banda de cabeza confortable y ajustable, configuraci\u00f3n de micr\u00f3fono tanto para el lado derecho como para el lado izquierdo.<br \/>\nAlmohadilla blandas para las orejas para confort y durabilidad.<br \/>\nDoble conector jack 3.5mm<br \/>\nEl auricular incluye control de volumen.<\/p>\n<h5><strong>*Las im\u00e1genes son a modo ilustrativo.<\/strong><\/h5>\n","protected":false},"excerpt":{"rendered":"<h3><span style=\"color: #339966;\">$ 650<\/span><\/h3>\n","protected":false},"featured_media":561,"comment_status":"open","ping_status":"closed","template":"","meta":[],"_links":{"self":[{"href":"https:\/\/www.appoloviracel.com.uy\/index.php\/wp-json\/wp\/v2\/product\/557"}],"collection":[{"href":"https:\/\/www.appoloviracel.com.uy\/index.php\/wp-json\/wp\/v2\/product"}],"about":[{"href":"https:\/\/www.appoloviracel.com.uy\/index.php\/wp-json\/wp\/v2\/types\/product"}],"replies":[{"embeddable":true,"href":"https:\/\/www.appoloviracel.com.uy\/index.php\/wp-json\/wp\/v2\/comments?post=557"}],"wp:featuredmedia":[{"embeddable":true,"href":"https:\/\/www.appoloviracel.com.uy\/index.php\/wp-json\/wp\/v2\/media\/561"}],"wp:attachment":[{"href":"https:\/\/www.appoloviracel.com.uy\/index.php\/wp-json\/wp\/v2\/media?parent=557"}],"curies":[{"name":"wp","href":"https:\/\/api.w.org\/{rel}","templated":true}]}}