{"id":5562,"date":"2021-04-18T20:22:07","date_gmt":"2021-04-18T23:22:07","guid":{"rendered":"https:\/\/www.appoloviracel.com.uy\/?post_type=product&#038;p=5562"},"modified":"2022-10-12T21:29:01","modified_gmt":"2022-10-13T00:29:01","slug":"celular-xiaomi-redmi-note-10-128gb-4gb","status":"publish","type":"product","link":"https:\/\/www.appoloviracel.com.uy\/index.php\/product\/celular-xiaomi-redmi-note-10-128gb-4gb\/","title":{"rendered":"Celular Xiaomi \u00abRedmi Note10\u00bb (128Gb-4Gb)"},"content":{"rendered":"<h4>Caracter\u00edsticas y especificaciones:<strong>\u00a0<\/strong><\/h4>\n<h5><span style=\"color: #ff0000;\"><strong>Apto para LTE de todas las compa\u00f1\u00edas.<\/strong><\/span><\/h5>\n<p>Encuentra en el Xiaomi Redmi Note 10 el mayor rendimiento. Su memoria de 128GB Y 4GB RAM te permitir\u00e1 ejecutar varias aplicaciones al mismo tiempo y si esto no es suficiente para ti, puedes expandirla con una SD 512gb, en slot independiente.\u00a1Descon\u00e9ctate! Con la s\u00faper bater\u00eda de 5020 mAh, tendr\u00e1s energ\u00eda por mucho m\u00e1s tiempo sin necesidad de recargar tu tel\u00e9fono, si lo requiere cuenta con carga rapidita de 33.0W Fotograf\u00eda profesional en tu bolsillo. Descubre infinitas posibilidades para tus fotos con las 4 c\u00e1maras 48mpx Est\u00e1ndar + 8mpx Gran Angular + 2mpx Lente macro + 2mpx de lente retrato principales de tu equipo. Adem\u00e1s, con una c\u00e1mara frontal de 13MP para que puedas sacarte divertidas selfies o hacer video llamadas Encontramos el procesador Qualcom Snapdragon 678 de tipo Octa-Core.<\/p>\n<p><strong>Caracter\u00edsticas principales<\/strong><\/p>\n<ul>\n<li><strong>Pantalla: 6.43&#8243;, 1080 * 2400 pixels<\/strong><\/li>\n<li><strong>Procesador: Snapdragon 678 2.2GHz<\/strong><\/li>\n<li><strong>RAM: 4Gb<\/strong><\/li>\n<li><strong>Almacenamiento: 128Gb<\/strong><\/li>\n<li><strong>Expansi\u00f3n: microSD <\/strong><\/li>\n<li><strong>C\u00e1mara: Cu\u00e1druple, 48MP+8MP +2MP+2MP<\/strong><\/li>\n<li><strong>Bater\u00eda: 5000 mAh<\/strong><\/li>\n<li><strong>OS: Android 11<\/strong><\/li>\n<li><strong>Perfil: 8.3 mm<\/strong><\/li>\n<li><strong>Peso: 179 grs\u00a0 <\/strong><\/li>\n<li>Se incluyen los siguientes accesorios: <strong>Cargador y Manual<\/strong><\/li>\n<li><strong>Garant\u00eda:<\/strong> 12 meses contra defecto de fabricaci\u00f3n<\/li>\n<\/ul>\n<h4><\/h4>\n<h4><span style=\"color: #ff0000;\"><strong>Contado efectivo: 10% de Descuento<\/strong><\/span><\/h4>\n<h5><strong>*Las im\u00e1genes son a modo ilustrativo.<\/strong><\/h5>\n","protected":false},"excerpt":{"rendered":"<h3><span style=\"color: #339966;\"><strong>U$S 365<\/strong><\/span><\/h3>\n","protected":false},"featured_media":5563,"comment_status":"open","ping_status":"closed","template":"","meta":[],"_links":{"self":[{"href":"https:\/\/www.appoloviracel.com.uy\/index.php\/wp-json\/wp\/v2\/product\/5562"}],"collection":[{"href":"https:\/\/www.appoloviracel.com.uy\/index.php\/wp-json\/wp\/v2\/product"}],"about":[{"href":"https:\/\/www.appoloviracel.com.uy\/index.php\/wp-json\/wp\/v2\/types\/product"}],"replies":[{"embeddable":true,"href":"https:\/\/www.appoloviracel.com.uy\/index.php\/wp-json\/wp\/v2\/comments?post=5562"}],"wp:featuredmedia":[{"embeddable":true,"href":"https:\/\/www.appoloviracel.com.uy\/index.php\/wp-json\/wp\/v2\/media\/5563"}],"wp:attachment":[{"href":"https:\/\/www.appoloviracel.com.uy\/index.php\/wp-json\/wp\/v2\/media?parent=5562"}],"curies":[{"name":"wp","href":"https:\/\/api.w.org\/{rel}","templated":true}]}}