{"id":5539,"date":"2021-04-17T23:15:45","date_gmt":"2021-04-18T02:15:45","guid":{"rendered":"https:\/\/www.appoloviracel.com.uy\/?post_type=product&#038;p=5539"},"modified":"2021-04-17T23:19:50","modified_gmt":"2021-04-18T02:19:50","slug":"auricular-leeofty-zw-028-cat-ear-vincha-wireles","status":"publish","type":"product","link":"https:\/\/www.appoloviracel.com.uy\/index.php\/product\/auricular-leeofty-zw-028-cat-ear-vincha-wireles\/","title":{"rendered":"Auricular Leeofty \u00abZW-028\u00bb Cat Ear (Vincha-wireles)"},"content":{"rendered":"<h4>Caracter\u00edsticas y especificaciones<em>:<\/em><\/h4>\n<p><strong>Leeofty ZW-028 auriculares inal\u00e1mbricos BT Cat Ear Iluminaci\u00f3n plegable port\u00e1til est\u00e9reo deportes Gaming Headset TF tarjeta\/modo con cable blanco y negro <\/strong><\/p>\n<ul>\n<li>BT versi\u00f3n 5.0, apto para la mayor\u00eda de dispositivos BT, con se\u00f1al m\u00e1s estable y velocidad de conexi\u00f3n m\u00e1s r\u00e1pida.<\/li>\n<li>Bater\u00eda de gran capacidad de 360 mAh incorporada, el tiempo de espera de hasta 200 horas, el tiempo de trabajo de hasta 5 horas en modo de iluminaci\u00f3n, 7 horas en modo de iluminaci\u00f3n.<\/li>\n<li>La reducci\u00f3n de ruido del micr\u00f3fono te da una experiencia de escucha clara, disfruta del sonido est\u00e9reo.<\/li>\n<li>Dise\u00f1o plegable, la forma curva con funci\u00f3n de plegado ahorra mucho espacio, puedes llevarlo f\u00e1cilmente.<\/li>\n<li>El puerto de audio de 0.138\u00a0in y el puerto de tarjeta TF (modo con cable y modo de reproducci\u00f3n de tarjeta TF) se proporcionan, disfruta de la m\u00fasica cuando la bater\u00eda est\u00e1 fuera de uso.<\/li>\n<\/ul>\n<h5><\/h5>\n<h5><strong>*Las im\u00e1genes son a modo ilustrativo.<\/strong><\/h5>\n","protected":false},"excerpt":{"rendered":"<h3><span style=\"color: #339966;\"><strong>$ 1.150<\/strong><\/span><\/h3>\n","protected":false},"featured_media":5540,"comment_status":"open","ping_status":"closed","template":"","meta":[],"_links":{"self":[{"href":"https:\/\/www.appoloviracel.com.uy\/index.php\/wp-json\/wp\/v2\/product\/5539"}],"collection":[{"href":"https:\/\/www.appoloviracel.com.uy\/index.php\/wp-json\/wp\/v2\/product"}],"about":[{"href":"https:\/\/www.appoloviracel.com.uy\/index.php\/wp-json\/wp\/v2\/types\/product"}],"replies":[{"embeddable":true,"href":"https:\/\/www.appoloviracel.com.uy\/index.php\/wp-json\/wp\/v2\/comments?post=5539"}],"wp:featuredmedia":[{"embeddable":true,"href":"https:\/\/www.appoloviracel.com.uy\/index.php\/wp-json\/wp\/v2\/media\/5540"}],"wp:attachment":[{"href":"https:\/\/www.appoloviracel.com.uy\/index.php\/wp-json\/wp\/v2\/media?parent=5539"}],"curies":[{"name":"wp","href":"https:\/\/api.w.org\/{rel}","templated":true}]}}