{"id":5478,"date":"2021-04-17T20:41:56","date_gmt":"2021-04-17T23:41:56","guid":{"rendered":"https:\/\/www.appoloviracel.com.uy\/?post_type=product&#038;p=5478"},"modified":"2021-04-17T21:23:16","modified_gmt":"2021-04-18T00:23:16","slug":"parlante-avenzo-av-sp3102l-10w","status":"publish","type":"product","link":"https:\/\/www.appoloviracel.com.uy\/index.php\/product\/parlante-avenzo-av-sp3102l-10w\/","title":{"rendered":"Parlante Avenzo \u00abAV-SP3102L\u00bb (10w)"},"content":{"rendered":"<h4>Caracter\u00edsticas y especificaciones:<\/h4>\n<p><strong>ALTAVOZ BLUETOOTH \u2013 TRUE WIRELESS<\/strong><\/p>\n<ul>\n<li><strong>De tama\u00f1o compacto y repleto de prestaciones: manos libres, radio FM y una entrada microSD y USB para reproducir MP3.<\/strong><\/li>\n<li><strong>El altavoz Avenzo AV-SP3102 est\u00e1 dise\u00f1ado para que lo puedas llevar sin problemas en tu mochila o bolso. No te preocupes por no saber donde meterlo.<\/strong><\/li>\n<li><strong>Pero no te dejes enga\u00f1ar por su tama\u00f1o pues est\u00e1 repleto de prestaciones: tiene manos libres, incorpora radio FM y una entrada microSD y USB para reproducir MP3.<\/strong><\/li>\n<\/ul>\n<p>&nbsp;<\/p>\n<p><strong>MODO TWS<\/strong><\/p>\n<ul>\n<li><strong>Si dispones de dos altavoces Avenzo AV-SP3101 de 3W o Avenzo AV-SP3102 de 10W podr\u00e1s conectarlos mediante Bluetooth con la conexi\u00f3n True Wireless. De esta manera un altavoz ser\u00e1 el canal izquierdo y otro altavoz el canal derecho, para escuchar m\u00fasica en est\u00e9reo. Puedes separar ambos altavoces un m\u00e1ximo de 10 m.<\/strong><\/li>\n<\/ul>\n<p>&nbsp;<\/p>\n<p><strong>MICR\u00d3FONO | MANOS LIBRES | FM<\/strong><\/p>\n<ul>\n<li><strong>El AV-SP3102 funciona en modo manos libres, gracias a que cuenta con un micr\u00f3fono incorporado que permite responder o colgar llamadas mediante toques en el bot\u00f3n de la parte superior. La calidad de las llamadas es excelente, pudiendo resultar muy c\u00f3modo para hablar cuando est\u00e1s lejos del m\u00f3vil.<\/strong><\/li>\n<li><strong>Con solo 3 botones podr\u00e1s contestar llamadas, cambiar de canci\u00f3n, volumen, pausar o activar tu m\u00fasica.<\/strong><\/li>\n<li><strong>Y para los amantes de la radio, incorpora un sintonizador FM: buscar\u00e1 autom\u00e1ticamente todas las emisoras de radio para que luego puedas escuchar la que m\u00e1s te guste.<\/strong><\/li>\n<\/ul>\n<p>&nbsp;<\/p>\n<p><strong>CONEXIONES<\/strong><\/p>\n<ul>\n<li><strong>Reproductor MP3 a trav\u00e9s de la ranura microSD o USB. Tambi\u00e9n dispone de una entrada de audio de 3,5 mm para que puedas conectar cualquier dispositivo de m\u00fasica utilizando el cable incluido en la caja.<\/strong><\/li>\n<\/ul>\n<p>&nbsp;<\/p>\n<p><strong>DETALLES:<\/strong><\/p>\n<ul>\n<li><strong>Bluetooth 4.2<\/strong><\/li>\n<li><strong>Rango de funcionamiento: hasta 15 m<\/strong><\/li>\n<li><strong>Micr\u00f3fono integrado<\/strong><\/li>\n<li><strong>Funci\u00f3n manos libres<\/strong><\/li>\n<li><strong>Potencia 10 w<\/strong><\/li>\n<li><strong>Conexi\u00f3n True Wireless compatible con modelos seleccionados Avenzo<\/strong><\/li>\n<li><strong>Radio FM<\/strong><\/li>\n<li><strong>Ranura Micro SD<\/strong><\/li>\n<li><strong>Puerto USB para reproducci\u00f3n MP3<\/strong><\/li>\n<li><strong>Entrada minijack 3,5mm AUX IN <\/strong><\/li>\n<li><strong>Respuesta en frecuencia: 120 Hz ~ 20000 Hz<\/strong><\/li>\n<li><strong>Ratio S\/N: \u226575 dB<\/strong><\/li>\n<li><strong>THD: &lt; 0.5 %<\/strong><\/li>\n<li><strong>Sensibilidad del micr\u00f3fono: -40 \u00b1 3 dB<\/strong><\/li>\n<li><strong>Impedancia: 4 \u03a9<\/strong><\/li>\n<li><strong>Bater\u00eda integrada de 2000 mAh<\/strong><\/li>\n<li><strong>Tipo de bater\u00eda integrada: bater\u00eda de litio<\/strong><\/li>\n<li><strong>Tiempo reproducci\u00f3n: hasta 10h*<\/strong><\/li>\n<li><strong>Tiempo de carga: aprox. 3h<\/strong><\/li>\n<\/ul>\n<p><strong>\u00a0<\/strong><\/p>\n<h5><strong>*Las im\u00e1genes son a modo ilustrativo.<\/strong><\/h5>\n<p>&nbsp;<\/p>\n<h5><strong>\u00a0<\/strong><\/h5>\n<p>&nbsp;<\/p>\n<p>&nbsp;<\/p>\n<p>&nbsp;<\/p>\n","protected":false},"excerpt":{"rendered":"<h3><span style=\"color: #339966;\"><strong>U$S 43<\/strong><\/span><\/h3>\n","protected":false},"featured_media":5479,"comment_status":"open","ping_status":"closed","template":"","meta":[],"_links":{"self":[{"href":"https:\/\/www.appoloviracel.com.uy\/index.php\/wp-json\/wp\/v2\/product\/5478"}],"collection":[{"href":"https:\/\/www.appoloviracel.com.uy\/index.php\/wp-json\/wp\/v2\/product"}],"about":[{"href":"https:\/\/www.appoloviracel.com.uy\/index.php\/wp-json\/wp\/v2\/types\/product"}],"replies":[{"embeddable":true,"href":"https:\/\/www.appoloviracel.com.uy\/index.php\/wp-json\/wp\/v2\/comments?post=5478"}],"wp:featuredmedia":[{"embeddable":true,"href":"https:\/\/www.appoloviracel.com.uy\/index.php\/wp-json\/wp\/v2\/media\/5479"}],"wp:attachment":[{"href":"https:\/\/www.appoloviracel.com.uy\/index.php\/wp-json\/wp\/v2\/media?parent=5478"}],"curies":[{"name":"wp","href":"https:\/\/api.w.org\/{rel}","templated":true}]}}