{"id":5424,"date":"2021-04-16T00:07:47","date_gmt":"2021-04-16T03:07:47","guid":{"rendered":"https:\/\/www.appoloviracel.com.uy\/?post_type=product&#038;p=5424"},"modified":"2021-04-16T00:11:55","modified_gmt":"2021-04-16T03:11:55","slug":"mouse-pad-meetion-mt-pd015","status":"publish","type":"product","link":"https:\/\/www.appoloviracel.com.uy\/index.php\/product\/mouse-pad-meetion-mt-pd015\/","title":{"rendered":"Mouse Pad Meetion \u00abMT-PD015\u00bb"},"content":{"rendered":"<h4>Caracter\u00edsticas y especificaciones:<\/h4>\n<ul>\n<li>Impermeable: lavable y f\u00e1cil de limpiar.<\/li>\n<li>Precisi\u00f3n perfecta de p\u00edxeles MMO: dise\u00f1ada para mejorar el deslizamiento del mouse, superficie de seda s\u00faper fina de alta densidad<\/li>\n<li>Materiales gruesos de alta calidad: la parte inferior est\u00e1 hecha de goma espuma natural procesada, que se adapta a diferentes materiales de superficie.<\/li>\n<li>Deslizamiento cero y anti-rizado: la base de goma antideslizante de espuma ayuda a que la alfombrilla para rat\u00f3n Gaming permanezca segura en su lugar y evita que se doble.<\/li>\n<li>Dimensiones: 790 * 345 * 5 mm.<\/li>\n<li>Peso: 650 \u00b1 5g<\/li>\n<li>Material: base de goma con superficie de fibra<\/li>\n<\/ul>\n<p><strong>\u00a0<\/strong><\/p>\n<h5><strong>*La imagen es a modo ilustrativo.<\/strong><\/h5>\n","protected":false},"excerpt":{"rendered":"<h3><span style=\"color: #339966;\"><strong>$ 200<\/strong><\/span><\/h3>\n","protected":false},"featured_media":5425,"comment_status":"open","ping_status":"closed","template":"","meta":[],"_links":{"self":[{"href":"https:\/\/www.appoloviracel.com.uy\/index.php\/wp-json\/wp\/v2\/product\/5424"}],"collection":[{"href":"https:\/\/www.appoloviracel.com.uy\/index.php\/wp-json\/wp\/v2\/product"}],"about":[{"href":"https:\/\/www.appoloviracel.com.uy\/index.php\/wp-json\/wp\/v2\/types\/product"}],"replies":[{"embeddable":true,"href":"https:\/\/www.appoloviracel.com.uy\/index.php\/wp-json\/wp\/v2\/comments?post=5424"}],"wp:featuredmedia":[{"embeddable":true,"href":"https:\/\/www.appoloviracel.com.uy\/index.php\/wp-json\/wp\/v2\/media\/5425"}],"wp:attachment":[{"href":"https:\/\/www.appoloviracel.com.uy\/index.php\/wp-json\/wp\/v2\/media?parent=5424"}],"curies":[{"name":"wp","href":"https:\/\/api.w.org\/{rel}","templated":true}]}}