{"id":5363,"date":"2021-04-14T23:18:44","date_gmt":"2021-04-15T02:18:44","guid":{"rendered":"https:\/\/www.appoloviracel.com.uy\/?post_type=product&#038;p=5363"},"modified":"2023-10-09T20:23:52","modified_gmt":"2023-10-09T23:23:52","slug":"celular-iphone-11-pro-a-64gb-4gb","status":"publish","type":"product","link":"https:\/\/www.appoloviracel.com.uy\/index.php\/product\/celular-iphone-11-pro-a-64gb-4gb\/","title":{"rendered":"Celular iPhone \u00ab11Pro\u00bbA+ (256Gb-4Gb)"},"content":{"rendered":"<h4>Caracter\u00edsticas y especificaciones:<\/h4>\n<h4><span style=\"color: #ff0000;\"><em>Equipo A+<\/em><\/span><\/h4>\n<p>El Apple iPhone 11 Pro es el sucesor del iPhone Xs. Con una pantalla OLED Super Retina XDR, el iPhone 11 Pro est\u00e1 potenciado por un procesador A13 Bionic de Apple, con opciones de almacenamiento de 64GB, 256GB o 512GB. La c\u00e1mara posterior del iPhpne 11 Pro es triple, de 12 MP + 12 MP + 12 MP, mientras que su c\u00e1mara frontal tambi\u00e9n es de 12 MP. El iPhone 11 Pro tambi\u00e9n tiene parlantes stereo con sonido Dolby Atmos, bater\u00eda con carga r\u00e1pida e inal\u00e1mbrica, resistencia al agua, desbloqueo facial Face ID, Apple Pay y corre iOS 13.<br \/>\n\u2022 Pantalla: 5.8&#8243;, 1125 * 2436 pixels<br \/>\n\u2022 Procesador: Apple A13 Bionic<br \/>\n\u2022 RAM: 4Gb<br \/>\n\u2022 Almacenamiento: 64Gb<br \/>\n\u2022 Expansi\u00f3n: sin microSD<br \/>\n\u2022 C\u00e1mara: Triple, 12MP+12MP+12MP<br \/>\n\u2022 Bater\u00eda: 3190 mAh<br \/>\n\u2022 OS: iOS 13<br \/>\n\u2022 Perfil: 8.1 mm<br \/>\n\u2022 Peso: 188 grs.<br \/>\n\u2022 Se incluyen los siguientes accesorios: Cable original y Manual<br \/>\n\u2022 Garant\u00eda: 6 meses contra defecto de fabricaci\u00f3n<\/p>\n<h5><span style=\"color: #ff0000;\">Contado efectivo: 10% de Descuento<\/span><\/h5>\n<h5>*Las im\u00e1genes son a modo ilustrativo.<\/h5>\n","protected":false},"excerpt":{"rendered":"<h3><span style=\"color: #339966;\">U$S 819<\/span><\/h3>\n<p>&nbsp;<\/p>\n<h3><span style=\"color: #ff0000;\"><strong>\u00a0<\/strong><\/span><\/h3>\n","protected":false},"featured_media":5364,"comment_status":"open","ping_status":"closed","template":"","meta":[],"_links":{"self":[{"href":"https:\/\/www.appoloviracel.com.uy\/index.php\/wp-json\/wp\/v2\/product\/5363"}],"collection":[{"href":"https:\/\/www.appoloviracel.com.uy\/index.php\/wp-json\/wp\/v2\/product"}],"about":[{"href":"https:\/\/www.appoloviracel.com.uy\/index.php\/wp-json\/wp\/v2\/types\/product"}],"replies":[{"embeddable":true,"href":"https:\/\/www.appoloviracel.com.uy\/index.php\/wp-json\/wp\/v2\/comments?post=5363"}],"wp:featuredmedia":[{"embeddable":true,"href":"https:\/\/www.appoloviracel.com.uy\/index.php\/wp-json\/wp\/v2\/media\/5364"}],"wp:attachment":[{"href":"https:\/\/www.appoloviracel.com.uy\/index.php\/wp-json\/wp\/v2\/media?parent=5363"}],"curies":[{"name":"wp","href":"https:\/\/api.w.org\/{rel}","templated":true}]}}