{"id":535,"date":"2020-10-15T20:41:52","date_gmt":"2020-10-15T23:41:52","guid":{"rendered":"https:\/\/www.appoloviracel.com.uy\/?post_type=product&#038;p=535"},"modified":"2021-07-21T19:45:24","modified_gmt":"2021-07-21T22:45:24","slug":"alcatel-1t7-4g","status":"publish","type":"product","link":"https:\/\/www.appoloviracel.com.uy\/index.php\/product\/alcatel-1t7-4g\/","title":{"rendered":"Tablet Alcatel \u00ab1T\u00bb 7 pulgadas &#8211; 4GHz (16Gb-1Gb)"},"content":{"rendered":"<h4>Caracter\u00edsticas y especificaciones:<\/h4>\n<ul>\n<li><strong>Memoria interna<\/strong>: 16 GB.<\/li>\n<li>Expansi\u00f3n memoria: microSD (hasta 128Gb)<\/li>\n<li><strong>RAM<\/strong>: 1 GB.<\/li>\n<li><strong>Pantalla<\/strong>: Resoluci\u00f3n: Ancho: 600 Pixeles &#8211; Largo:1024 Pixeles &#8211; Sensores: Aceler\u00f3metro &#8211; Tama\u00f1o:7 Pulgadas &#8211; Densidad de p\u00edxeles:170 ppi &#8211; Membrana pantalla: Capacitiva &#8211; Pantalla colores: 16 millones &#8211; Pantalla tipo: TFT &#8211; Tecnolog\u00eda pantalla t\u00e1ctil: Multit\u00e1ctil<\/li>\n<li><strong>Dimensiones<\/strong>: 243,2 * 162,2 * 9,55 mm<\/li>\n<li><strong>Procesador:<\/strong> MediaTek MT8167B.<\/li>\n<li><strong>Versi\u00f3n de Android<\/strong>: Android8.0 Oreo.<\/li>\n<li><strong>Bater\u00eda<\/strong>: 4.080 mAh<\/li>\n<li><strong>Aplicaciones incluidas:<\/strong> Almacenamiento masivo &#8211; Editor de fotograf\u00edas &#8211; Editor de v\u00eddeo \u2013 OTA &#8211; Sincronizaci\u00f3n con PC \u2013 Tethering &#8211; Visor de documentos<\/li>\n<li><strong>Audio: Formatos reproductor de m\u00fasica<\/strong><em>: <\/em>AAC , aacPlus v2, AMR, AMR-NB, eAAC+, FLAC, GSM-AMR, HE-AAC v2, MIDI, MP3, OGG, WAV, WMA- Otras caracter\u00edsticas audio : Altavoz- Radio \u2013 FM.<\/li>\n<li><strong>Video:<\/strong> Formatos reproductor video: 3GPP, AVI, MP4, WMV, XviD<\/li>\n<li><strong>C\u00e1mara de fotos<\/strong>: Caracter\u00edsticas: Autodisparo &#8211; Detector caras &#8211; Disparo continuo &#8211; Enfoque autom\u00e1tico &#8211; Enfoque t\u00e1ctil &#8211; Geoetiquetado &#8211; HDR &#8211; Panorama &#8211; Sensor CMOS &#8211; Modo de Balance de Blancos: Si &#8211; Modo de escenas: Si &#8211; Modo de exposici\u00f3n: Compensaci\u00f3n de exposici\u00f3n &#8211; Modos ISO: Si &#8211; Resoluci\u00f3n c\u00e1mara de fotos: 5 Megap\u00edxeles &#8211; Resoluci\u00f3n c\u00e1mara de fotos (alto): 1944 P\u00edxeles &#8211; <strong>Resoluci\u00f3n c\u00e1mara de fotos<\/strong> (ancho):2.592 P\u00edxeles &#8211; <strong>Resoluci\u00f3n c\u00e1mara de fotos secundaria<\/strong>:2 Megap\u00edxeles &#8211; Zoom Digital<\/li>\n<li><strong>C\u00e1mara de v\u00eddeo<\/strong>: Captura de v\u00eddeo: 720p@30fps<\/li>\n<li><strong>Conexi\u00f3n: <\/strong>Conectividad: Bluetooth 4.0 &#8211; Punto de acceso WiFi &#8211; WiFi 802.11 b\/g\/n &#8211; WiFi Direct<\/li>\n<li><strong>Peso:<\/strong> 450grs<\/li>\n<li><strong>Sistema operativo<em>: <\/em><\/strong>Android 10 Go<\/li>\n<li>Se incluyen los siguientes accesorios: <strong>Cargador y Manual<\/strong><\/li>\n<li><strong>Garant\u00eda:<\/strong> 12 meses contra defecto de fabricaci\u00f3n<\/li>\n<\/ul>\n<p>&nbsp;<\/p>\n<h4><span style=\"color: #ff0000;\"><strong>Contado efectivo: 10% de Descuento<\/strong><\/span><\/h4>\n<h5>*Las im\u00e1genes son a modo ilustrativo.<\/h5>\n","protected":false},"excerpt":{"rendered":"<h3><span style=\"color: #339966;\"><strong>U$S 129<\/strong><\/span><\/h3>\n","protected":false},"featured_media":536,"comment_status":"open","ping_status":"closed","template":"","meta":[],"_links":{"self":[{"href":"https:\/\/www.appoloviracel.com.uy\/index.php\/wp-json\/wp\/v2\/product\/535"}],"collection":[{"href":"https:\/\/www.appoloviracel.com.uy\/index.php\/wp-json\/wp\/v2\/product"}],"about":[{"href":"https:\/\/www.appoloviracel.com.uy\/index.php\/wp-json\/wp\/v2\/types\/product"}],"replies":[{"embeddable":true,"href":"https:\/\/www.appoloviracel.com.uy\/index.php\/wp-json\/wp\/v2\/comments?post=535"}],"wp:featuredmedia":[{"embeddable":true,"href":"https:\/\/www.appoloviracel.com.uy\/index.php\/wp-json\/wp\/v2\/media\/536"}],"wp:attachment":[{"href":"https:\/\/www.appoloviracel.com.uy\/index.php\/wp-json\/wp\/v2\/media?parent=535"}],"curies":[{"name":"wp","href":"https:\/\/api.w.org\/{rel}","templated":true}]}}