{"id":5295,"date":"2021-04-11T14:39:35","date_gmt":"2021-04-11T17:39:35","guid":{"rendered":"https:\/\/www.appoloviracel.com.uy\/?post_type=product&#038;p=5295"},"modified":"2021-07-02T10:32:57","modified_gmt":"2021-07-02T13:32:57","slug":"celular-xiaomi-redmi-note-10-64gb-4gb","status":"publish","type":"product","link":"https:\/\/www.appoloviracel.com.uy\/index.php\/product\/celular-xiaomi-redmi-note-10-64gb-4gb\/","title":{"rendered":"Celular Xiaomi \u00abRedmi Note10\u00bb (64Gb-4Gb)"},"content":{"rendered":"<h4>Caracter\u00edsticas y especificaciones:<\/h4>\n<h5><span style=\"color: #ff0000;\">Apto para LTE de todas las compa\u00f1\u00edas.<\/span><\/h5>\n<p>El Xiaomi Redmi Note 10 es el l\u00edder de la d\u00e9cima reencarnaci\u00f3n de la serie Redmi Note. Con una pantalla Super AMOLED de 6.43 pulgadas a resoluci\u00f3n Full HD+, el Redmi Note 10 est\u00e1 potenciado por un procesador Snapdragon 678 con 4GB de memoria RAM con opciones de 64GB o 128GB de almacenamiento interno expandible v\u00eda microSD. La c\u00e1mara posterior del Redmi Note 10 es cu\u00e1druple, en configuraci\u00f3n 48MP+ 8MP + 2MP + 2MP, mientras que la c\u00e1mara selfie es de 13 megapixels. Entre el resto de las caracter\u00edsticas se destacan unos parlantes stereo, bater\u00eda de 5000 mAh de carga r\u00e1pida, resistencia al agua IP53 y corre MIUI 12 basado en Android 11.<\/p>\n<h5>Caracter\u00edsticas principales<\/h5>\n<p>\u2022 Pantalla: 6.43&#8243;, 1080 * 2400 pixels<br \/>\n\u2022 Procesador: Snapdragon 678 2.2GHz<br \/>\n\u2022 RAM: 4Gb<br \/>\n\u2022 Almacenamiento: 64Gb<br \/>\n\u2022 Expansi\u00f3n: microSD<br \/>\n\u2022 C\u00e1mara: Cu\u00e1druple, 48MP+8MP +2MP+2MP<br \/>\n\u2022 Bater\u00eda: 5000 mAh<br \/>\n\u2022 OS: Android 11<br \/>\n\u2022 Perfil: 8.3 mm<br \/>\n\u2022 Peso: 179 grs<br \/>\n\u2022 Se incluyen los siguientes accesorios: Cargador y Manual<br \/>\n\u2022 Garant\u00eda: 12 meses contra defecto de fabricaci\u00f3n<\/p>\n<h4><span style=\"color: #ff0000;\">Contado efectivo: 10% de Descuento<\/span><\/h4>\n<h5>*Las im\u00e1genes son a modo ilustrativo.<\/h5>\n","protected":false},"excerpt":{"rendered":"<h3><span style=\"color: #339966;\"><strong>U$S 305<\/strong><\/span><\/h3>\n","protected":false},"featured_media":5296,"comment_status":"open","ping_status":"closed","template":"","meta":[],"_links":{"self":[{"href":"https:\/\/www.appoloviracel.com.uy\/index.php\/wp-json\/wp\/v2\/product\/5295"}],"collection":[{"href":"https:\/\/www.appoloviracel.com.uy\/index.php\/wp-json\/wp\/v2\/product"}],"about":[{"href":"https:\/\/www.appoloviracel.com.uy\/index.php\/wp-json\/wp\/v2\/types\/product"}],"replies":[{"embeddable":true,"href":"https:\/\/www.appoloviracel.com.uy\/index.php\/wp-json\/wp\/v2\/comments?post=5295"}],"wp:featuredmedia":[{"embeddable":true,"href":"https:\/\/www.appoloviracel.com.uy\/index.php\/wp-json\/wp\/v2\/media\/5296"}],"wp:attachment":[{"href":"https:\/\/www.appoloviracel.com.uy\/index.php\/wp-json\/wp\/v2\/media?parent=5295"}],"curies":[{"name":"wp","href":"https:\/\/api.w.org\/{rel}","templated":true}]}}