{"id":5270,"date":"2021-04-09T23:52:40","date_gmt":"2021-04-10T02:52:40","guid":{"rendered":"https:\/\/www.appoloviracel.com.uy\/?post_type=product&#038;p=5270"},"modified":"2021-04-09T23:52:41","modified_gmt":"2021-04-10T02:52:41","slug":"power-bank-usams-us-cd78","status":"publish","type":"product","link":"https:\/\/www.appoloviracel.com.uy\/index.php\/product\/power-bank-usams-us-cd78\/","title":{"rendered":"Power Bank USAMS \u00abUS-CD78\u00bb"},"content":{"rendered":"<h2>Caracter\u00edsticas y especificaciones:<\/h2>\n<p>Caracter\u00edsticas:<\/p>\n<ul>\n<li>Entradas y salidas duales, carga 2 dispositivos al mismo tiempo.<\/li>\n<li>Gran capacidad, satisface m\u00faltiples necesidades de carga.<\/li>\n<li>Pantalla de visualizaci\u00f3n LED inteligente, conveniente de usar.<\/li>\n<li>Con cord\u00f3n de silicona, apariencia de moda.<\/li>\n<\/ul>\n<p>&nbsp;<\/p>\n<p>Especificaciones:<\/p>\n<ul>\n<li>Marca: USAMS<\/li>\n<li>Modelo: US-CD78<\/li>\n<li>Material: ABS<\/li>\n<li>Capacidad: 10000 mAh<\/li>\n<li>Capacidad nominal: 6200 mAh<\/li>\n<li>Tama\u00f1o: 106 * 69 * 22,5 mm<\/li>\n<li>Peso: 190 g<\/li>\n<li>Entrada micro \/ tipo C: 5V-2A (m\u00e1x.)<\/li>\n<li>Salida USB 1 \/ USB 2: 5V-2.1A<\/li>\n<li>Bater\u00eda: bater\u00eda de pol\u00edmero de litio<\/li>\n<\/ul>\n<p><strong>\u00a0<\/strong><\/p>\n<h4><strong>*Las im\u00e1genes son a modo ilustrativo.<\/strong><\/h4>\n","protected":false},"excerpt":{"rendered":"<h3><span style=\"color: #339966;\"><strong>$ 790<\/strong><\/span><\/h3>\n","protected":false},"featured_media":5271,"comment_status":"open","ping_status":"closed","template":"","meta":[],"_links":{"self":[{"href":"https:\/\/www.appoloviracel.com.uy\/index.php\/wp-json\/wp\/v2\/product\/5270"}],"collection":[{"href":"https:\/\/www.appoloviracel.com.uy\/index.php\/wp-json\/wp\/v2\/product"}],"about":[{"href":"https:\/\/www.appoloviracel.com.uy\/index.php\/wp-json\/wp\/v2\/types\/product"}],"replies":[{"embeddable":true,"href":"https:\/\/www.appoloviracel.com.uy\/index.php\/wp-json\/wp\/v2\/comments?post=5270"}],"wp:featuredmedia":[{"embeddable":true,"href":"https:\/\/www.appoloviracel.com.uy\/index.php\/wp-json\/wp\/v2\/media\/5271"}],"wp:attachment":[{"href":"https:\/\/www.appoloviracel.com.uy\/index.php\/wp-json\/wp\/v2\/media?parent=5270"}],"curies":[{"name":"wp","href":"https:\/\/api.w.org\/{rel}","templated":true}]}}