{"id":5231,"date":"2021-04-09T23:09:14","date_gmt":"2021-04-10T02:09:14","guid":{"rendered":"https:\/\/www.appoloviracel.com.uy\/?post_type=product&#038;p=5231"},"modified":"2024-07-31T10:21:28","modified_gmt":"2024-07-31T13:21:28","slug":"auricular-remex-tws-20-deportivo-inalambrico-bluetooth","status":"publish","type":"product","link":"https:\/\/www.appoloviracel.com.uy\/index.php\/product\/auricular-remex-tws-20-deportivo-inalambrico-bluetooth\/","title":{"rendered":"Auricular Remex \u00abTWS-20\u00bb Deportivo Inal\u00e1mbrico (Bluetooth)"},"content":{"rendered":"<h4>Caracter\u00edsticas y especificaciones:<\/h4>\n<p>Aud\u00edfonos Remax TWS-20 Bluetooth deportivo inal\u00e1mbrico REMAX TWS-20 Versi\u00f3n de Bluetooth: 5.0 Material: ABS \/ TPU \/ aleaci\u00f3n de aluminio 3. Capacidad de la bater\u00eda: 100 mAh Tiempo de carga: alrededor de 1-2 horas Tiempo de conversaci\u00f3n: 18 horas Tiempo de m\u00fasica: 12 horas Distancia de Bluetooth: 10 metros Ganchos para las orejas suaves, agradables para la piel y suaves, c\u00f3modos de usar Altavoces de alta calidad, dise\u00f1o ergon\u00f3mico perfecto, sin cansancio durante mucho tiempo Buena calidad de sonido y se\u00f1al estable Toque inal\u00e1mbrico inteligente, f\u00e1cil de usar Disfruta la libertad de movimiento con el Aud\u00edfono Bluetooth deportivo inal\u00e1mbrico REMAX TWS-20, con sus Ganchos para las orejas suaves, agradables para la piel y suaves, c\u00f3modos de usar. Altavoces de alta calidad, dise\u00f1o ergon\u00f3mico perfecto, sin cansancio durante mucho tiempo. Buena calidad de sonido y se\u00f1al estable. Toque inal\u00e1mbrico inteligente, f\u00e1cil de usar<\/p>\n<ul>\n<li><strong>Excelente calidad de sonido.<\/strong><\/li>\n<li><strong>Hasta 4 horas de m\u00fasica.<\/strong><\/li>\n<li><strong>Bluetooth version: Bluetooth v5.0 + EDR<\/strong><\/li>\n<li><strong>Funci\u00f3n touch en auricular.<\/strong><\/li>\n<\/ul>\n<h5><\/h5>\n<h5><strong>*Las im\u00e1genes son a modo ilustrativo.<\/strong><\/h5>\n","protected":false},"excerpt":{"rendered":"<h3><span style=\"color: #ff0000;\">ARTICULO AGOTADO<\/span><\/h3>\n","protected":false},"featured_media":5232,"comment_status":"open","ping_status":"closed","template":"","meta":[],"_links":{"self":[{"href":"https:\/\/www.appoloviracel.com.uy\/index.php\/wp-json\/wp\/v2\/product\/5231"}],"collection":[{"href":"https:\/\/www.appoloviracel.com.uy\/index.php\/wp-json\/wp\/v2\/product"}],"about":[{"href":"https:\/\/www.appoloviracel.com.uy\/index.php\/wp-json\/wp\/v2\/types\/product"}],"replies":[{"embeddable":true,"href":"https:\/\/www.appoloviracel.com.uy\/index.php\/wp-json\/wp\/v2\/comments?post=5231"}],"wp:featuredmedia":[{"embeddable":true,"href":"https:\/\/www.appoloviracel.com.uy\/index.php\/wp-json\/wp\/v2\/media\/5232"}],"wp:attachment":[{"href":"https:\/\/www.appoloviracel.com.uy\/index.php\/wp-json\/wp\/v2\/media?parent=5231"}],"curies":[{"name":"wp","href":"https:\/\/api.w.org\/{rel}","templated":true}]}}