{"id":5211,"date":"2021-04-06T16:43:47","date_gmt":"2021-04-06T19:43:47","guid":{"rendered":"https:\/\/www.appoloviracel.com.uy\/?post_type=product&#038;p=5211"},"modified":"2025-08-26T11:31:16","modified_gmt":"2025-08-26T14:31:16","slug":"celular-energizer-hard-case-h10-64gb-32gb","status":"publish","type":"product","link":"https:\/\/www.appoloviracel.com.uy\/index.php\/product\/celular-energizer-hard-case-h10-64gb-32gb\/","title":{"rendered":"Celular Energizer \u00abHard Case H10\u00bb (64Gb-32Gb)"},"content":{"rendered":"<h4>Caracter\u00edsticas y especificaciones:<\/h4>\n<p>Robusto y resistente al agua<br \/>\nFabricado con materiales endurecidos y reforzado en los bordes laterales, el HARDCASE H10 ofrece una mayor resistencia a impactos y ca\u00eddas de hasta 1,20 m. Con certificaci\u00f3n IP54, es a prueba de salpicaduras y polvo. Un verdadero aventurero que puedes llevar a todas partes.<br \/>\nCertificado IP54<\/p>\n<p>Solo la bater\u00eda adecuada<br \/>\nCon una bater\u00eda de 1,000 mAh, el HARDCASE H10 te brinda hasta 9 horas de llamadas continuas y aguanta hasta 5 d\u00edas sin recargar, por lo que es \u00fatil en cualquier momento.<\/p>\n<p>El m\u00f3vil ligero<br \/>\nVerdadero peso pluma de solo 80 g, este tel\u00e9fono con funciones 2G es ultraligero y su peque\u00f1o tama\u00f1o le permite llevarlo en cualquier bolsillo o mochila.<br \/>\nGracias a un teclado con teclas suaves y espaciosas, escribir un mensaje de texto nunca ha sido tan f\u00e1cil.<br \/>\nTama\u00f1o: 109 * 49 * 15 mm<br \/>\nPeso: 80 grs.<\/p>\n<p>Enciende la luz<br \/>\nMuy conveniente, la funci\u00f3n de linterna convierte instant\u00e1neamente tu dispositivo en una linterna con una iluminaci\u00f3n potente para que nunca te quedes en la oscuridad.<\/p>\n<ul>\n<li>Technology: GSM<\/li>\n<li>Dimensions: 109 * 49 * 15 mm (4.29 x 1.93 x 0.59 in)<\/li>\n<li>Weight: 80 grs (2.82 oz)<\/li>\n<li>SIM: Dual SIM (Mini-SIM) &#8211; IP54 splash\/shock proof \u2013 Flashlight<\/li>\n<li>Display Type: TFT, 256K colors<\/li>\n<li>Size: 1.8 inches, 10.2 cm2 (~19.1% screen-to-body ratio)<\/li>\n<li>Resolution: 128 * 160 pixels (~114 ppi density)<\/li>\n<li>Platform Chipset: Mediatek MT6261A<\/li>\n<li>Memory : Card: slot microSDHC<\/li>\n<li>Phonebook: Yes<\/li>\n<li>Call records: Yes<\/li>\n<li>Internal: 64MB &#8211; 32MB Ram<\/li>\n<li>Main Camera: Single VGA<\/li>\n<li>Video: Yes<\/li>\n<li>Selfie camera: Single VGA<\/li>\n<li>Video: Sound Loudspeaker: Yes<\/li>\n<li>5mm jack: Yes<\/li>\n<li>Comms WLAN: No<\/li>\n<li>Bluetooth: 3.0<\/li>\n<li>GPS: No<\/li>\n<li>NFC: No<\/li>\n<li>Radio: FM radio<\/li>\n<li>USB: microUSB<\/li>\n<li>Features: Sensors<\/li>\n<li>Messaging: SMS<\/li>\n<li>Games Java: No<\/li>\n<li>Battery:Type Li-Ion 1000 mAh battery<\/li>\n<li>Colors: Black<\/li>\n<li>Se incluyen los siguientes accesorios: <strong>Cargador y Manual<\/strong><\/li>\n<li><strong>Garant\u00eda:<\/strong> 12 meses contra defecto de fabricaci\u00f3n<\/li>\n<\/ul>\n<p><strong>\u00a0<\/strong><\/p>\n<h5><strong>*Las im\u00e1genes son a modo ilustrativo.<\/strong><\/h5>\n","protected":false},"excerpt":{"rendered":"<h3><span style=\"color: #ff0000;\"><strong>\u00abArt\u00edculo Agotado\u00bb<\/strong><\/span><\/h3>\n","protected":false},"featured_media":5212,"comment_status":"open","ping_status":"closed","template":"","meta":[],"_links":{"self":[{"href":"https:\/\/www.appoloviracel.com.uy\/index.php\/wp-json\/wp\/v2\/product\/5211"}],"collection":[{"href":"https:\/\/www.appoloviracel.com.uy\/index.php\/wp-json\/wp\/v2\/product"}],"about":[{"href":"https:\/\/www.appoloviracel.com.uy\/index.php\/wp-json\/wp\/v2\/types\/product"}],"replies":[{"embeddable":true,"href":"https:\/\/www.appoloviracel.com.uy\/index.php\/wp-json\/wp\/v2\/comments?post=5211"}],"wp:featuredmedia":[{"embeddable":true,"href":"https:\/\/www.appoloviracel.com.uy\/index.php\/wp-json\/wp\/v2\/media\/5212"}],"wp:attachment":[{"href":"https:\/\/www.appoloviracel.com.uy\/index.php\/wp-json\/wp\/v2\/media?parent=5211"}],"curies":[{"name":"wp","href":"https:\/\/api.w.org\/{rel}","templated":true}]}}