{"id":518,"date":"2020-10-15T11:52:32","date_gmt":"2020-10-15T14:52:32","guid":{"rendered":"https:\/\/www.appoloviracel.com.uy\/?post_type=product&#038;p=518"},"modified":"2024-06-27T19:23:42","modified_gmt":"2024-06-27T22:23:42","slug":"iphone-11","status":"publish","type":"product","link":"https:\/\/www.appoloviracel.com.uy\/index.php\/product\/iphone-11\/","title":{"rendered":"Celular iPhone \u00ab11\u00bb (128Gb-4Gb)"},"content":{"rendered":"<h4>Caracter\u00edsticas y especificaciones:<\/h4>\n<h4><span style=\"color: #ff0000;\"><strong>Equipo Nuevo<br \/>\n<\/strong><\/span><\/h4>\n<ul>\n<li><strong>Capacidad: 128\u00a0Gb<\/strong><\/li>\n<li><strong>RAM: <\/strong><strong>4GB\u00a0 <\/strong><\/li>\n<li><strong>Slot de tarjeta<\/strong>: No<\/li>\n<li><strong>Tama\u00f1o: Alto:<\/strong> 150.9 mm<strong>-Ancho:<\/strong> 75.7 mm-<strong>Espesor:<\/strong> 8.3 mm<\/li>\n<li><strong>Peso:<\/strong> 194 g<\/li>\n<li><strong>Pantalla<\/strong>: IPS LCD 6,1&#8243; 1792 * 828 px, 19.5:9 120 Hz, True-tone 6.1 Liquid retina display- Frente y posterior de vidrio, marco de aluminio serie 7000- Resistente a rayones- Pantalla oleof\u00f3bica- Pantalla True Tone- Pantalla Wide color- Ratio de refresco 120 Hz- HDR10- Dolby Vision<\/li>\n<li><strong>Procesador<\/strong>: Apple A13 Bionic hexa-core 2.65Ghz<\/li>\n<li><strong>Bater\u00eda<\/strong>: Standard, Li-Ion 3.046 mAh &#8211; Extra\u00edble:<strong>NO- <\/strong>Carga R\u00e1pida<strong>: SI \u2013<\/strong>Carga Inhal\u00e1mbrica<strong>:SI ,<\/strong> Qi<\/li>\n<li><strong>C\u00e1mara<\/strong>: <strong>Principal:<\/strong> Dual, 12 MP (f1\/.8, PDAF, OIS, wide) + 12 MP (f\/2.4, ultrawide)- <strong>Funciones<\/strong>: autofocus por detecci\u00f3n de fase, estabilizaci\u00f3n \u00f3ptica de imagen, flash LED de dos tonos, IA, geo-tagging, smart HDR- <strong>VIDEO<\/strong> : 2160p@24\/30\/60fps, 1080p@30\/60\/120\/240fps, HDR, stereo<\/li>\n<li><strong>C\u00e1mara Frontal:<\/strong> 12 MP, f\/2.2, flash Retina, 2160p@30fps, 1080p@30\/60fps, HDR<\/li>\n<li><strong>Plataforma<\/strong>: iOS 13<\/li>\n<li><strong>Conectividad<\/strong>: <strong>WiFi<\/strong>: Wi-Fi 802.11 a\/b\/g\/n\/ac\/ad; Wi-Fi Direct; banda dual \u2013 <strong>Bluetooth<\/strong>: v5.0 LE, A2DP &#8211; <strong>GPS:<\/strong> GPS con soporte A-GPS, GLONASS, GALILEO, QZSS \u2013 <strong>USB:<\/strong> Puerto Lightning \u2013 <strong>NFC<\/strong>: Si \u2013 <strong>Puerto Infra Rojo<\/strong>: NO \u2013 <strong>Parlante:<\/strong> Parlantes stereo \u2013 <strong>Conector de<\/strong> <strong>Audio:<\/strong> Conector de audio por puerto Lightning (adaptador incluido)<\/li>\n<li><strong>Red 2G<\/strong>: GSM 850 \/ 900 \/ 1800 \/ 1900<\/li>\n<li><strong>Red 3G<\/strong>: HSDPA 850 \/ 900 \/ 1700 (AWS) \/ 1900 \/ 2100, <strong>LTE<\/strong> 1(2100), 2(1900), 3(1800), 4(1700\/2100), 5(850), 7(2600), 8(900), 11(1500), 12(700), 13(700), 17(700), 18(800), 19(800), 20(800), 21(1500), 25(1900), 26(850), 28(700), 29(700), 30(2300), 32(1500), 34(2000), 38(2600), 39(1900), 40(2300), 41(2500), 42(3500), 46, 48, 66(1700\/2100) &#8211; A2221<\/li>\n<li><strong>Red 4G<\/strong>: LTE 1(2100), 2(1900), 3(1800), 4(1700\/2100), 5(850), 7(2600), 8(900), 12(700), 13(700), 14(700), 17(700), 18(800), 19(800), 20(800), 25(1900), 26(850), 29(700), 30(2300), 34(2000), 38(2600), 39(1900), 40(2300), 41(2500), 42(3500), 46, 48, 66(1700\/2100), 71(600) &#8211; A2111<\/li>\n<li><strong>Otros:<\/strong> Resistencia al agua: SI, certificaci\u00f3n IP68-Mensajer\u00eda: SMS, MMS, Email, Push Mail, IM, iMessage &#8211; Reproductor y editor de audio y video- Comandos\/memo\/discado por voz- Asistente personal Siri- Almacenamiento iCloud- Editor de fotos- Integraci\u00f3n con redes sociales- Ingreso predictivo de texto- Navegador: HTML5 \u2013 Colores: Negro, Verde, P\u00farpura, Amarillo, Blanco, Rojo (Product RED) &#8211; Apple Pay<\/li>\n<li>Se incluyen los siguientes accesorios: <strong>Cable original y Manual<\/strong><\/li>\n<li><strong>Garant\u00eda:<\/strong> 12 meses contra defecto de fabricaci\u00f3n<\/li>\n<\/ul>\n<h4><\/h4>\n<h4><span style=\"color: #ff0000;\"><strong>Contado efectivo: 10% de Descuento<\/strong><\/span><\/h4>\n<h5><strong>*Las im\u00e1genes son a modo ilustrativo.<\/strong><\/h5>\n","protected":false},"excerpt":{"rendered":"<h3><span style=\"color: #ff0000;\"><strong><span style=\"color: #339966;\">U$S 810<\/span><br \/>\n<\/strong><\/span><\/h3>\n<h3><span style=\"color: #008000;\"><strong>\u00a0<\/strong><\/span><\/h3>\n","protected":false},"featured_media":519,"comment_status":"open","ping_status":"closed","template":"","meta":[],"_links":{"self":[{"href":"https:\/\/www.appoloviracel.com.uy\/index.php\/wp-json\/wp\/v2\/product\/518"}],"collection":[{"href":"https:\/\/www.appoloviracel.com.uy\/index.php\/wp-json\/wp\/v2\/product"}],"about":[{"href":"https:\/\/www.appoloviracel.com.uy\/index.php\/wp-json\/wp\/v2\/types\/product"}],"replies":[{"embeddable":true,"href":"https:\/\/www.appoloviracel.com.uy\/index.php\/wp-json\/wp\/v2\/comments?post=518"}],"wp:featuredmedia":[{"embeddable":true,"href":"https:\/\/www.appoloviracel.com.uy\/index.php\/wp-json\/wp\/v2\/media\/519"}],"wp:attachment":[{"href":"https:\/\/www.appoloviracel.com.uy\/index.php\/wp-json\/wp\/v2\/media?parent=518"}],"curies":[{"name":"wp","href":"https:\/\/api.w.org\/{rel}","templated":true}]}}