{"id":5177,"date":"2021-03-30T17:31:43","date_gmt":"2021-03-30T20:31:43","guid":{"rendered":"https:\/\/www.appoloviracel.com.uy\/?post_type=product&#038;p=5177"},"modified":"2021-05-10T18:20:42","modified_gmt":"2021-05-10T21:20:42","slug":"combo-havit-kb559gcm-mouse-y-teclado-usb-gamer","status":"publish","type":"product","link":"https:\/\/www.appoloviracel.com.uy\/index.php\/product\/combo-havit-kb559gcm-mouse-y-teclado-usb-gamer\/","title":{"rendered":"Combo Havit \u00abKB-559GCM\u00bb Mouse y Teclado USB Gamer inal\u00e1mbrico (2.4GHz)"},"content":{"rendered":"<h4>Caracter\u00edsticas y especificaciones:<\/h4>\n<ul>\n<li><strong>Combo Gamer Havit Teclado y Mouse KB559GCM <\/strong><\/li>\n<li><strong>Marca: Havit<\/strong><\/li>\n<li><strong>Modelo: HV-KB559CM <\/strong><\/li>\n<li><strong>Conexi\u00f3n: Inal\u00e1mbrica 2.4GHz <\/strong><\/li>\n<li><strong>Sistema operativo con que funciona: Windows MAC OS Inal\u00e1mbrico<\/strong><\/li>\n<li>Actualizado: las teclas de la versi\u00f3n Black ahora brillan<\/li>\n<\/ul>\n<ul>\n<li>19 teclas anti-fantasma en el teclado<\/li>\n<li>Teclas de funci\u00f3n multimedia en el teclado<\/li>\n<li>La combinaci\u00f3n de teclado y mouse para juegos HAVIT HV-KB558CM viene con un teclado para juegos de 104 teclas est\u00e1ndar y un mouse para juegos con LED que respira.<\/li>\n<\/ul>\n<p>&nbsp;<\/p>\n<p><strong>Teclado<\/strong><\/p>\n<ul>\n<li>Dise\u00f1o de teclado para juegos profesional<\/li>\n<li>Pie de apoyo de alta resistencia de 2 niveles<\/li>\n<li>19 teclas anti-fantasma, permiten control libre<\/li>\n<li>El teclado para juegos puede dormir autom\u00e1ticamente si no se usa durante 10 minutos. Para reactivar, simplemente presione cualquier tecla.<\/li>\n<li>Cambio de teclas WASD y teclas de flecha: presione FN + W para activar \/ desactivar esta funci\u00f3n<\/li>\n<\/ul>\n<p>&nbsp;<\/p>\n<p><strong>Rat\u00f3n<\/strong><\/p>\n<ul>\n<li>Los micro interruptores proporcionan clics firmes y n\u00edtidos<\/li>\n<li>Luz de respiraci\u00f3n de 4 colores del mouse: rojo, azul, p\u00farpura, rosa; Modo de apagado: bot\u00f3n de avance \/ retroceso + DPI<\/li>\n<\/ul>\n<h3><\/h3>\n<h3>Especificaciones<\/h3>\n<p><strong>Teclado: <\/strong><\/p>\n<ul>\n<li>Interfaz: USB<\/li>\n<li>Tama\u00f1o del teclado: 48,45 * 20,75 * 3,2 cm<\/li>\n<li>N\u00famero de llaves: 104<\/li>\n<li>Vida \u00fatil clave: 10000000 veces<\/li>\n<li>Longitud del cable: unos 150 cm<\/li>\n<li>Peso neto: 758g<\/li>\n<li>Corriente: 200mA<\/li>\n<li>Voltaje: 5 V<\/li>\n<\/ul>\n<p>&nbsp;<\/p>\n<p><strong>Rat\u00f3n:<\/strong><\/p>\n<ul>\n<li>Interfaz: USB<\/li>\n<li>Botones: 4<\/li>\n<li>Longitud del cable: aproximadamente 160 cm<\/li>\n<li>Resoluci\u00f3n: 800\/1200\/1600\/2400 DPI<\/li>\n<li>Tama\u00f1o del mouse: 13 * 7 * 4 cm<\/li>\n<li>Botones: Adelante &#8211; atr\u00e1s \/ izquierda &#8211; derecha \/ rueda de desplazamiento \/ bot\u00f3n DPI<\/li>\n<\/ul>\n<p><strong>\u00a0<\/strong><\/p>\n<h5><strong>*Las im\u00e1genes son a modo ilustrativo.<\/strong><\/h5>\n<p>&nbsp;<\/p>\n","protected":false},"excerpt":{"rendered":"<h3><span style=\"color: #339966;\"><strong>U$S 22<\/strong><\/span><\/h3>\n","protected":false},"featured_media":5178,"comment_status":"open","ping_status":"closed","template":"","meta":[],"_links":{"self":[{"href":"https:\/\/www.appoloviracel.com.uy\/index.php\/wp-json\/wp\/v2\/product\/5177"}],"collection":[{"href":"https:\/\/www.appoloviracel.com.uy\/index.php\/wp-json\/wp\/v2\/product"}],"about":[{"href":"https:\/\/www.appoloviracel.com.uy\/index.php\/wp-json\/wp\/v2\/types\/product"}],"replies":[{"embeddable":true,"href":"https:\/\/www.appoloviracel.com.uy\/index.php\/wp-json\/wp\/v2\/comments?post=5177"}],"wp:featuredmedia":[{"embeddable":true,"href":"https:\/\/www.appoloviracel.com.uy\/index.php\/wp-json\/wp\/v2\/media\/5178"}],"wp:attachment":[{"href":"https:\/\/www.appoloviracel.com.uy\/index.php\/wp-json\/wp\/v2\/media?parent=5177"}],"curies":[{"name":"wp","href":"https:\/\/api.w.org\/{rel}","templated":true}]}}