{"id":5140,"date":"2021-03-30T15:03:25","date_gmt":"2021-03-30T18:03:25","guid":{"rendered":"https:\/\/www.appoloviracel.com.uy\/?post_type=product&#038;p=5140"},"modified":"2022-04-07T22:22:28","modified_gmt":"2022-04-08T01:22:28","slug":"combo-havit-hv-kb558cm-bk-mouse-y-teclado-gamer-iluminado","status":"publish","type":"product","link":"https:\/\/www.appoloviracel.com.uy\/index.php\/product\/combo-havit-hv-kb558cm-bk-mouse-y-teclado-gamer-iluminado\/","title":{"rendered":"Combo Havit \u00abHV-KB558CM-BK\u00bb Mouse y Teclado Gamer iluminado"},"content":{"rendered":"<h4>Caracter\u00edsticas y especificaciones:<\/h4>\n<ul>\n<li>Tipo de interfaz: USB<\/li>\n<li>Tama\u00f1o: 484.5 * 207.5 * 32 mm<\/li>\n<li>Peso neto: 758g \u00b1 5g<\/li>\n<li>Voltaje de funcionamiento: 5v<\/li>\n<li>Corriente de funcionamiento: 200 mA<\/li>\n<li>Vida clave: 10,000,000 veces<\/li>\n<li>Longitud del cable: 1500 mm<\/li>\n<\/ul>\n<p>&nbsp;<\/p>\n<p><span class=\"a-list-item\"><span lang=\"ES\">-Teclado para juegos con teclado retroiluminado con arco iris y rat\u00f3n RGB. El teclado retroiluminado RGB con arco iris es lo suficientemente hermoso como para llevarte a un estado de juego s\u00faper fresco inmediatamente. El rat\u00f3n ergon\u00f3mico de juego de 4800 DPI es ideal para la precisi\u00f3n de cada movimiento en todas las direcciones.<\/span><\/span><\/p>\n<p><span class=\"a-list-item\"><span lang=\"ES\">-Teclado retroiluminado con dise\u00f1o de arco iris: las teclas bien hechas retroiluminadas, hacen que el teclado sea como un arco iris en tus manos. La tecla WIN se puede desactivar cuando juegas. El teclado USB de PC para juegos es plug and play, dise\u00f1o ergon\u00f3mico. Con la ayuda de un reposamu\u00f1ecas integrado, escribir y jugar con facilidad para jugar durante mucho tiempo.<\/span><\/span><\/p>\n<p><span class=\"a-list-item\"><span lang=\"ES\">-Rat\u00f3n de juego con cableado: Havit ergon\u00f3mico con retroiluminaci\u00f3n RGB para juegos de hasta 4800 DPI, cuatro niveles DPI ajustables con un indicador intermitente. El 4800 DPI debido a un sensor de alta precisi\u00f3n, proporciona m\u00e1s precisi\u00f3n de puntos. Larga duraci\u00f3n y durabilidad, adem\u00e1s de la mejor sensibilidad de respuesta, el rat\u00f3n de juego, te da un gran avance en los juegos.<\/span><\/span><\/p>\n<p><span class=\"a-list-item\"><span lang=\"ES\">-M\u00faltiples funciones y teclas antialcance: este teclado para computadora de juegos tiene 19 teclas libres de conflictos (n-key rollover), 11 teclas de combinaci\u00f3n multimedia (FN+F1~F10,F12), 4 teclas intercambiables \u201cW\/A\/S\/D\u201d, y tecla de volumen hacia abajo y hacia arriba, \u201cmodo de respiraci\u00f3n\u201d en la tecla de apagado, etc. Incluso tiene una c\u00f3moda llave de barra espaciadora especialmente para juegos.<\/span><\/span><\/p>\n<p><span class=\"a-list-item\"><span lang=\"ES\">-Teclado para juegos de PC y rat\u00f3n de juego: compatible con Windows 2000\/2003\/XP\/Vista\/Win7\/Win8\/Win10\/Mac OS. Funciona bien con todos los principales ordenadores de marca de PC, para todos los juegos nuevos de 2020 y todos los juegos anteriores PC\/Mac\/PS4\/XBOX. Una gran mejora para tus teclados anteriores de oficina a casa.<\/span><\/span><strong>\u00a0<\/strong><\/p>\n<h5><strong>*Las im\u00e1genes son a modo ilustrativo<\/strong><\/h5>\n","protected":false},"excerpt":{"rendered":"<h3><span style=\"color: #ff0000;\"><strong>\u00abArticulo Agotado\u00bb<\/strong><\/span><\/h3>\n","protected":false},"featured_media":5141,"comment_status":"open","ping_status":"closed","template":"","meta":[],"_links":{"self":[{"href":"https:\/\/www.appoloviracel.com.uy\/index.php\/wp-json\/wp\/v2\/product\/5140"}],"collection":[{"href":"https:\/\/www.appoloviracel.com.uy\/index.php\/wp-json\/wp\/v2\/product"}],"about":[{"href":"https:\/\/www.appoloviracel.com.uy\/index.php\/wp-json\/wp\/v2\/types\/product"}],"replies":[{"embeddable":true,"href":"https:\/\/www.appoloviracel.com.uy\/index.php\/wp-json\/wp\/v2\/comments?post=5140"}],"wp:featuredmedia":[{"embeddable":true,"href":"https:\/\/www.appoloviracel.com.uy\/index.php\/wp-json\/wp\/v2\/media\/5141"}],"wp:attachment":[{"href":"https:\/\/www.appoloviracel.com.uy\/index.php\/wp-json\/wp\/v2\/media?parent=5140"}],"curies":[{"name":"wp","href":"https:\/\/api.w.org\/{rel}","templated":true}]}}