{"id":5135,"date":"2021-03-30T14:43:40","date_gmt":"2021-03-30T17:43:40","guid":{"rendered":"https:\/\/www.appoloviracel.com.uy\/?post_type=product&#038;p=5135"},"modified":"2021-03-30T17:40:45","modified_gmt":"2021-03-30T20:40:45","slug":"combo-havit-hv-kb260gcm-mouse-y-teclado-inalambrico-ingles-usb","status":"publish","type":"product","link":"https:\/\/www.appoloviracel.com.uy\/index.php\/product\/combo-havit-hv-kb260gcm-mouse-y-teclado-inalambrico-ingles-usb\/","title":{"rendered":"Combo Havit \u00abHV-KB260GCM\u00bb Mouse y Teclado Ingl\u00e9s USB inal\u00e1mbrico (2.4GHz)"},"content":{"rendered":"<h4>Caracter\u00edsticas y especificaciones:<\/h4>\n<p>MOUSE:<br \/>\nTecnolog\u00eda inal\u00e1mbrica: 2.4GHz<br \/>\nDistancia inal\u00e1mbrica: 8-10m<br \/>\nTama\u00f1o: 100*60.5*35mm<br \/>\nN\u00famero de teclas: 6<br \/>\nResoluci\u00f3n: 800-1200-1600 DPI<br \/>\nVida \u00fatil de teclas: 3,000,000 veces<br \/>\nFuente de poder 2*AAA (Se recomiendan pilas alcalinas)<\/p>\n<p>TECLADO:<br \/>\nTecnolog\u00eda inal\u00e1mbrica: 2.4GHz<br \/>\nDistancia inal\u00e1mbrica: 8-10m<br \/>\nTama\u00f1o:438.5*140.7*23mm<br \/>\nN\u00famero de teclas: 104<br \/>\nVida \u00fatil de teclas: 8,000,000 veces<br \/>\nFuente de poder: 1*AAA (Se recomiendan pilas alcalinas)<\/p>\n<h5><strong>*Las im\u00e1genes son a modo ilustrativo.<\/strong><\/h5>\n","protected":false},"excerpt":{"rendered":"<h3><span style=\"color: #339966;\"><strong>$ 890<\/strong><\/span><\/h3>\n","protected":false},"featured_media":5136,"comment_status":"open","ping_status":"closed","template":"","meta":[],"_links":{"self":[{"href":"https:\/\/www.appoloviracel.com.uy\/index.php\/wp-json\/wp\/v2\/product\/5135"}],"collection":[{"href":"https:\/\/www.appoloviracel.com.uy\/index.php\/wp-json\/wp\/v2\/product"}],"about":[{"href":"https:\/\/www.appoloviracel.com.uy\/index.php\/wp-json\/wp\/v2\/types\/product"}],"replies":[{"embeddable":true,"href":"https:\/\/www.appoloviracel.com.uy\/index.php\/wp-json\/wp\/v2\/comments?post=5135"}],"wp:featuredmedia":[{"embeddable":true,"href":"https:\/\/www.appoloviracel.com.uy\/index.php\/wp-json\/wp\/v2\/media\/5136"}],"wp:attachment":[{"href":"https:\/\/www.appoloviracel.com.uy\/index.php\/wp-json\/wp\/v2\/media?parent=5135"}],"curies":[{"name":"wp","href":"https:\/\/api.w.org\/{rel}","templated":true}]}}