{"id":5131,"date":"2021-03-30T14:38:12","date_gmt":"2021-03-30T17:38:12","guid":{"rendered":"https:\/\/www.appoloviracel.com.uy\/?post_type=product&#038;p=5131"},"modified":"2021-03-30T14:58:59","modified_gmt":"2021-03-30T17:58:59","slug":"auricular-havit-hv-h139d-con-microfono-vincha","status":"publish","type":"product","link":"https:\/\/www.appoloviracel.com.uy\/index.php\/product\/auricular-havit-hv-h139d-con-microfono-vincha\/","title":{"rendered":"Auricular Havit \u00abHV-H139D\u00bb (con Micr\u00f3fono-Vincha)"},"content":{"rendered":"<h4><strong>Caracter\u00edsticas y especificaciones:<\/strong><\/h4>\n<p>Dimensiones: 180mm * 200mm * 170mm<br \/>\nDi\u00e1metro de la bocina: 40mm<br \/>\nSensibilidad: 102 \u00b1 3dB\/mW<br \/>\nCorrespondencia de Frecuencia: 20Hz a 20KHZ<br \/>\nClavija: 3.5 mm<br \/>\nCable: 1.8M<br \/>\nDoble enchufe para celular (Android\/IOS), computadora de escritorio, notebook y otra salida de audio de dos agujeros.<br \/>\nEstructura de banda el\u00e1stica estirable, adecuada para diferentes formas de cabeza almohadilla para la cabeza suave y c\u00f3moda, 0 carga para usar por mucho tiempo.<br \/>\nDise\u00f1o de la cavidad de sonido completamente cerrado.<br \/>\nMejorar el aislamiento ac\u00fastico, f\u00e1cil de aislar el ruido externo, para crear un entorno de disfrute de m\u00fasica perfecto.<\/p>\n<h5><strong>*Las im\u00e1genes son a modo ilustrativo.<\/strong><\/h5>\n","protected":false},"excerpt":{"rendered":"<h3><span style=\"color: #339966;\"><strong>$ 550<\/strong><\/span><\/h3>\n","protected":false},"featured_media":5132,"comment_status":"open","ping_status":"closed","template":"","meta":[],"_links":{"self":[{"href":"https:\/\/www.appoloviracel.com.uy\/index.php\/wp-json\/wp\/v2\/product\/5131"}],"collection":[{"href":"https:\/\/www.appoloviracel.com.uy\/index.php\/wp-json\/wp\/v2\/product"}],"about":[{"href":"https:\/\/www.appoloviracel.com.uy\/index.php\/wp-json\/wp\/v2\/types\/product"}],"replies":[{"embeddable":true,"href":"https:\/\/www.appoloviracel.com.uy\/index.php\/wp-json\/wp\/v2\/comments?post=5131"}],"wp:featuredmedia":[{"embeddable":true,"href":"https:\/\/www.appoloviracel.com.uy\/index.php\/wp-json\/wp\/v2\/media\/5132"}],"wp:attachment":[{"href":"https:\/\/www.appoloviracel.com.uy\/index.php\/wp-json\/wp\/v2\/media?parent=5131"}],"curies":[{"name":"wp","href":"https:\/\/api.w.org\/{rel}","templated":true}]}}