{"id":511,"date":"2020-10-15T10:58:50","date_gmt":"2020-10-15T13:58:50","guid":{"rendered":"https:\/\/www.appoloviracel.com.uy\/?post_type=product&#038;p=511"},"modified":"2021-06-06T00:18:38","modified_gmt":"2021-06-06T03:18:38","slug":"iphone-7-plus","status":"publish","type":"product","link":"https:\/\/www.appoloviracel.com.uy\/index.php\/product\/iphone-7-plus\/","title":{"rendered":"Celular iPhone \u00ab7Plus\u00bb (128Gb-3Gb)"},"content":{"rendered":"<h4>Caracter\u00edsticas y especificaciones:<\/h4>\n<h4><span style=\"color: #ff0000;\"><strong>Equipo Nuevo.<\/strong><\/span><\/h4>\n<ul>\n<li><strong>Capacidad<\/strong><sup>: <\/sup>128\u00a0Gb<\/li>\n<li><strong>RAM: <\/strong><strong>3GB\u00a0 <\/strong><\/li>\n<li><strong>Slot de tarjeta<\/strong>: No<\/li>\n<li><strong>Tama\u00f1o: Alto:<\/strong> 158.2 mm<strong>-Ancho:<\/strong> 77.9 mm-<strong>Espesor:<\/strong> 7.3\u00a0mm<\/li>\n<li><strong>Peso:<\/strong> <strong>188<\/strong>g<\/li>\n<li><strong>Pantalla<\/strong>: <strong>5.5 pulgadas, 1080 * 1920 pixeles-<\/strong> Pantalla ion-x a prueba de golpes- Superficie oleof\u00f3bica resistente a rayones- Soporte multitouch- Sensor de huellas dactilares Touch ID- Sensor aceler\u00f3metro para auto rotaci\u00f3n- Sensor gir\u00f3scopico- Sensor de proximidad para auto apagado-<strong>\u00a0 <\/strong><\/li>\n<li><strong>Procesador<\/strong>: <strong>Apple A10 Fusion-<\/strong><\/li>\n<li><strong>Bater\u00eda<\/strong>: Standard, Li-Ion 2900 mAh<\/li>\n<li><strong>C\u00e1mara<\/strong>: : 12 MP flash doble tono \/ 5 MP Retina Flash-12 MP, apertura \u0192\/2.2, pixels 1.22\u00b5, autofocus, flash LED tono dual, HDR, geo-tagging-, foco t\u00e1ctil, reconocimiento de rostro, panorama, video 2160p@30fps, 1080p@30fps, 720p@240fps slo-mo, luz de video, c\u00e1mara frontal 5 MP 720p \u0192\/2.2, HDR<\/li>\n<li><strong>Software<\/strong>: : iOS 9<\/li>\n<li><strong>Conectividad<\/strong>: WiFi AC \/ Bluetooth \/ NFC (Apple Pay)- GPS con soporte A-GPS, GLONASS- Soporte nanoSIM- Cancelaci\u00f3n activa de ruido con micr\u00f3fono dedicado- Br\u00fajula digital- EDGE-3G DC-HSDPA 42 Mbps \/ HSDPA 21 Mbps\/ HSUPA 5.76 Mbps-4G LTE Cat. 6- Wi-Fi 802.11 a\/b\/g\/n\/ac; banda dual; MIMO- Bluetooth v4.2 A2DP- Puerto Lightning- NFC- Manoslibres incorporado<\/li>\n<li><strong>Red: GSM<\/strong> 850 \/ 900 \/ 1800 \/ 1900 &#8211; HSDPA 850 \/ 900 \/ 1700 \/ 1900 \/ 2100 (seg\u00fan modelo)<\/li>\n<li><strong>Red:<\/strong> <strong>\u00a0LTE<\/strong> (1, 2, 3, 4, 5, 7, 8, 12, 13, 17, 18, 19, 20, 25, 26, 27, 28, 29, 30) (seg\u00fan modelo)<\/li>\n<li><strong>Otros:<\/strong> Reproductor y editor de audio y video- Comandos\/memo\/discado por voz- Asistente personal Siri- Almacenamiento iCloud- Salida TV- Editor de fotos- Integraci\u00f3n con redes sociales- Ingreso predictivo de texto <strong>\u00a0<\/strong><\/li>\n<li>Se incluyen los siguientes accesorios: <strong>Cargador, Auriculares y Manual<\/strong><\/li>\n<li><strong>Garant\u00eda:<\/strong> 12 meses contra defecto de fabricaci\u00f3n<\/li>\n<\/ul>\n<h4><\/h4>\n<h4><span style=\"color: #ff0000;\"><strong>Contado efectivo: 10% de Descuento<\/strong><\/span><\/h4>\n<h5><strong>*Las im\u00e1genes son a modo ilustrativo.<\/strong><\/h5>\n","protected":false},"excerpt":{"rendered":"<h3><span style=\"color: #ff0000;\"><strong>\u00abArt\u00edculo Agotado\u00bb<\/strong><\/span><\/h3>\n","protected":false},"featured_media":3767,"comment_status":"open","ping_status":"closed","template":"","meta":[],"_links":{"self":[{"href":"https:\/\/www.appoloviracel.com.uy\/index.php\/wp-json\/wp\/v2\/product\/511"}],"collection":[{"href":"https:\/\/www.appoloviracel.com.uy\/index.php\/wp-json\/wp\/v2\/product"}],"about":[{"href":"https:\/\/www.appoloviracel.com.uy\/index.php\/wp-json\/wp\/v2\/types\/product"}],"replies":[{"embeddable":true,"href":"https:\/\/www.appoloviracel.com.uy\/index.php\/wp-json\/wp\/v2\/comments?post=511"}],"wp:featuredmedia":[{"embeddable":true,"href":"https:\/\/www.appoloviracel.com.uy\/index.php\/wp-json\/wp\/v2\/media\/3767"}],"wp:attachment":[{"href":"https:\/\/www.appoloviracel.com.uy\/index.php\/wp-json\/wp\/v2\/media?parent=511"}],"curies":[{"name":"wp","href":"https:\/\/api.w.org\/{rel}","templated":true}]}}