{"id":5095,"date":"2021-03-26T17:22:35","date_gmt":"2021-03-26T20:22:35","guid":{"rendered":"https:\/\/www.appoloviracel.com.uy\/?post_type=product&#038;p=5095"},"modified":"2021-07-14T16:13:58","modified_gmt":"2021-07-14T19:13:58","slug":"webcam-full-hd","status":"publish","type":"product","link":"https:\/\/www.appoloviracel.com.uy\/index.php\/product\/webcam-full-hd\/","title":{"rendered":"Webcam Full HD"},"content":{"rendered":"<h4>Caracter\u00edsticas y especificaciones:<\/h4>\n<p>Webcam HD 1080P USB 2, 0, c\u00e1mara Web de ordenador con micr\u00f3fono incorporado de reducci\u00f3n de ruido para PC, port\u00e1til, transmisi\u00f3n en vivo, v\u00eddeo y llamadas<\/p>\n<h5><strong>*Las im\u00e1genes son a modo ilustrativo.<\/strong><\/h5>\n","protected":false},"excerpt":{"rendered":"<h3><span style=\"color: #ff0000;\"><strong>\u00abArt\u00edculo Agotado\u00bb<\/strong><\/span><\/h3>\n<h3><span style=\"color: #339966;\"><strong>\u00a0<\/strong><\/span><\/h3>\n","protected":false},"featured_media":5096,"comment_status":"open","ping_status":"closed","template":"","meta":[],"_links":{"self":[{"href":"https:\/\/www.appoloviracel.com.uy\/index.php\/wp-json\/wp\/v2\/product\/5095"}],"collection":[{"href":"https:\/\/www.appoloviracel.com.uy\/index.php\/wp-json\/wp\/v2\/product"}],"about":[{"href":"https:\/\/www.appoloviracel.com.uy\/index.php\/wp-json\/wp\/v2\/types\/product"}],"replies":[{"embeddable":true,"href":"https:\/\/www.appoloviracel.com.uy\/index.php\/wp-json\/wp\/v2\/comments?post=5095"}],"wp:featuredmedia":[{"embeddable":true,"href":"https:\/\/www.appoloviracel.com.uy\/index.php\/wp-json\/wp\/v2\/media\/5096"}],"wp:attachment":[{"href":"https:\/\/www.appoloviracel.com.uy\/index.php\/wp-json\/wp\/v2\/media?parent=5095"}],"curies":[{"name":"wp","href":"https:\/\/api.w.org\/{rel}","templated":true}]}}