{"id":5079,"date":"2021-03-26T13:25:05","date_gmt":"2021-03-26T16:25:05","guid":{"rendered":"https:\/\/www.appoloviracel.com.uy\/?post_type=product&#038;p=5079"},"modified":"2021-03-26T19:34:15","modified_gmt":"2021-03-26T22:34:15","slug":"soporte-para-auto-ventilacion-con-cierre-de-gravedad","status":"publish","type":"product","link":"https:\/\/www.appoloviracel.com.uy\/index.php\/product\/soporte-para-auto-ventilacion-con-cierre-de-gravedad\/","title":{"rendered":"Soporte Ainope Luxury para Auto"},"content":{"rendered":"<h4>Caracter\u00edsticas y especificaciones:<\/h4>\n<p>-Estable y Firme: los tres brazos del dispositivo forman un tri\u00e1ngulo que funciona a manera de tenaza la cual se encarga de sostener tu m\u00f3vil firmemente y sin ruidos en caso de un frenar de repente o pasar por caminos dif\u00edciles. La goma anti-deslizante se encarga de mantener todo en su lugar.<\/p>\n<p>-Operaci\u00f3n con una sola mano: El dise\u00f1o con enlace gravitacional te permite colocar o retirar tu m\u00f3vil con una sola mano ya que el soporte esta preparado para sostener o soltar tu dispositivo de manera autom\u00e1tica. Es super pr\u00e1ctico y te garantiza seguridad al conducir.<\/p>\n<p>-Elegante: La carcasa de aleaci\u00f3n de aluminio de aviaci\u00f3n hace de tu soporte un aparato resistente y dif\u00edcil de deforma. La superficie resistente a raspones te permitir\u00e1 mantener tu dispositivo como nuevo. Adem\u00e1s, las almohadillas de silic\u00f3n suave, proteger\u00e1n tu m\u00f3vil de cualquier posible da\u00f1o.<\/p>\n<ul>\n<li>Soporte de ventilaci\u00f3n para tel\u00e9fono de coche<\/li>\n<li>Soporte de tel\u00e9fono celular con sujeci\u00f3n autom\u00e1tica para clip de ventilaci\u00f3n de coche, compatible con iPhone 12 11 Pro Max Xs Xr X 8, Samsung Galaxy S20+Ultra S9\/Note 20 10<\/li>\n<\/ul>\n<h5><\/h5>\n<h5><strong>*Las im\u00e1genes son a modo ilustrativo.<\/strong><\/h5>\n","protected":false},"excerpt":{"rendered":"<h3><span style=\"color: #339966;\"><strong>$ 150<\/strong><\/span><\/h3>\n","protected":false},"featured_media":5101,"comment_status":"open","ping_status":"closed","template":"","meta":[],"_links":{"self":[{"href":"https:\/\/www.appoloviracel.com.uy\/index.php\/wp-json\/wp\/v2\/product\/5079"}],"collection":[{"href":"https:\/\/www.appoloviracel.com.uy\/index.php\/wp-json\/wp\/v2\/product"}],"about":[{"href":"https:\/\/www.appoloviracel.com.uy\/index.php\/wp-json\/wp\/v2\/types\/product"}],"replies":[{"embeddable":true,"href":"https:\/\/www.appoloviracel.com.uy\/index.php\/wp-json\/wp\/v2\/comments?post=5079"}],"wp:featuredmedia":[{"embeddable":true,"href":"https:\/\/www.appoloviracel.com.uy\/index.php\/wp-json\/wp\/v2\/media\/5101"}],"wp:attachment":[{"href":"https:\/\/www.appoloviracel.com.uy\/index.php\/wp-json\/wp\/v2\/media?parent=5079"}],"curies":[{"name":"wp","href":"https:\/\/api.w.org\/{rel}","templated":true}]}}