{"id":5016,"date":"2021-03-25T19:38:21","date_gmt":"2021-03-25T22:38:21","guid":{"rendered":"https:\/\/www.appoloviracel.com.uy\/?post_type=product&#038;p=5016"},"modified":"2023-11-21T19:40:58","modified_gmt":"2023-11-21T22:40:58","slug":"auriculares-tws-i58-inalambricos","status":"publish","type":"product","link":"https:\/\/www.appoloviracel.com.uy\/index.php\/product\/auriculares-tws-i58-inalambricos\/","title":{"rendered":"Auricular iTechoo \u00abi58\u00bb TWS (Bluetooth)"},"content":{"rendered":"<h4>Caracter\u00edsticas y especificaciones:<\/h4>\n<ul>\n<li>\u3010Bluetooth 5.0 y emparejamiento sencillo en un solo paso\u3011 ENCIENDA el estuche de carga presionando el bot\u00f3n peque\u00f1o ubicado en la parte posterior (indicador de luz roja, encendido) antes de sacar los auriculares del estuche como se recomienda. Emparejamiento f\u00e1cil en un solo paso con un tel\u00e9fono u otro dispositivo habilitado para Bluetooth en las proximidades. True Wireless Stereo NUEVO DISE\u00d1O Los auriculares Air3 Pro ofrecen la \u00faltima tecnolog\u00eda Bluetooth 5.0, velocidad r\u00e1pida y conectividad estable, y bajo consumo de energ\u00eda para obtener un tiempo de reproducci\u00f3n prolongado de hasta 6 horas.<\/li>\n<li>\u3010Cancelaci\u00f3n activa de ruido\u3011 Los verdaderos micr\u00f3fonos est\u00e9reo inal\u00e1mbricos para auriculares fueron dise\u00f1ados para detectar el ruido en el ambiente; emite ondas anti-ruido para cancelar el ruido exterior. Los auriculares TWS Air3 Pro le permiten concentrarse en su m\u00fasica con distracciones m\u00ednimas y ofrecen funciones inteligentes de un solo toque para el control del sonido.<\/li>\n<li>[Mini estuche de carga y cargador &#8211; Pantalla LED] Los auriculares TWS Air3 Pro vienen con un estuche de carga con puerto, pantalla LED y un minicargador \u00fanicamente. La pantalla LED muestra la cantidad de carga con la pantalla num\u00e9rica digital 00-100 y el indicador verde de los auriculares cuando se detecta en el estuche de carga; indicador de auriculares verde parpadeante para el estado de carga. Los auriculares TWS i58 ofrecen hasta 6 horas de tiempo de espera; tiempo de reproducci\u00f3n de auriculares de 2-3 horas; y tiempo de conversaci\u00f3n con auriculares de 4 horas.<\/li>\n<li>\u3010Funci\u00f3n t\u00e1ctil multifunci\u00f3n\u3011 El verdadero auricular est\u00e9reo inal\u00e1mbrico le permite lograr una verdadera libertad ilimitada, simplemente saque cada auricular inal\u00e1mbrico del estuche de carga para una conexi\u00f3n autom\u00e1tica a un dispositivo emparejado. Con un solo toque, controlas el volumen \/ pausa \/ reproducir la siguiente canci\u00f3n \/ reproducir m\u00fasica, tiempo de llamada \/ colgar \/ rechazar llamada para llamadas, funci\u00f3n t\u00e1ctil [Sir], asistente de voz y funci\u00f3n t\u00e1ctil de apagado \/ encendido. El censor t\u00e1ctil inteligente se encuentra en la parte frontal de los auriculares inal\u00e1mbricos una vez insertados en cada o\u00eddo.<\/li>\n<li>\u3010Compatibilidad\u3011 Los auriculares TWS i58 son compatibles con dispositivos Bluetooth 2.1 y superiores, dise\u00f1ados especialmente para iPhone, iPad y otros dispositivos Bluetooth relacionados; Tel\u00e9fonos inteligentes Android, tabletas, PC para juegos, computadoras port\u00e1tiles, etc. Compre sus auriculares TWS Air3 Pro con confianza y le garantizamos su satisfacci\u00f3n. Perfecto para usar durante los entrenamientos, recibir llamadas entrantes \/ salientes y otras actividades de rendimiento diarias.<\/li>\n<\/ul>\n<h5><\/h5>\n<h5><strong>*Las im\u00e1genes son a modo ilustrativo.<\/strong><\/h5>\n","protected":false},"excerpt":{"rendered":"<h3><span style=\"color: #339966;\"><strong><span style=\"color: #ff0000;\">\u00abArt\u00edculo Agotado\u00bb<\/span><\/strong><\/span><\/h3>\n","protected":false},"featured_media":5017,"comment_status":"open","ping_status":"closed","template":"","meta":[],"_links":{"self":[{"href":"https:\/\/www.appoloviracel.com.uy\/index.php\/wp-json\/wp\/v2\/product\/5016"}],"collection":[{"href":"https:\/\/www.appoloviracel.com.uy\/index.php\/wp-json\/wp\/v2\/product"}],"about":[{"href":"https:\/\/www.appoloviracel.com.uy\/index.php\/wp-json\/wp\/v2\/types\/product"}],"replies":[{"embeddable":true,"href":"https:\/\/www.appoloviracel.com.uy\/index.php\/wp-json\/wp\/v2\/comments?post=5016"}],"wp:featuredmedia":[{"embeddable":true,"href":"https:\/\/www.appoloviracel.com.uy\/index.php\/wp-json\/wp\/v2\/media\/5017"}],"wp:attachment":[{"href":"https:\/\/www.appoloviracel.com.uy\/index.php\/wp-json\/wp\/v2\/media?parent=5016"}],"curies":[{"name":"wp","href":"https:\/\/api.w.org\/{rel}","templated":true}]}}