{"id":498,"date":"2020-10-15T09:57:52","date_gmt":"2020-10-15T12:57:52","guid":{"rendered":"https:\/\/www.appoloviracel.com.uy\/?post_type=product&#038;p=498"},"modified":"2021-03-29T12:31:34","modified_gmt":"2021-03-29T15:31:34","slug":"iphone-6s","status":"publish","type":"product","link":"https:\/\/www.appoloviracel.com.uy\/index.php\/product\/iphone-6s\/","title":{"rendered":"Celular iPhone \u00ab6s\u00bb (64Gb-2Gb)"},"content":{"rendered":"<h4>Caracter\u00edsticas y especificaciones:<\/h4>\n<h4><span style=\"color: #ff0000;\"><strong>Equipo Nuevo<br \/>\n<\/strong><\/span><\/h4>\n<p>El <strong>Apple iPhone 6S<\/strong> es la nueva generaci\u00f3n del iPhone 6, incorporando cambios tanto est\u00e9ticos como de hardware. El iPhone 6S conserva la pantalla de 4.7 pulgadas con resoluci\u00f3n Retina, pero incorpora un nuevo procesador A9, una c\u00e1mara iSight de 12 megapixels, una c\u00e1mara frontal de 5 megapixels con un flash Retina, y tecnolog\u00eda 3D Touch, que permite reconocer la presi\u00f3n ejercida sobre la pantalla para una nueva forma de interactuar con los paneles t\u00e1ctiles.<\/p>\n<ul>\n<li><strong>Capacidad<\/strong><sup>: <\/sup>64\u00a0Gb<\/li>\n<li><strong>Ram:<\/strong> 2Gb<\/li>\n<li><strong>Slot de tarjeta<\/strong>: No<\/li>\n<li><strong>Tama\u00f1o: Alto:<\/strong> 138.1\u00a0mm<strong>-Ancho:<\/strong> 67\u00a0mm-<strong>Espesor:<\/strong> 7.1\u00a0mm<\/li>\n<li><strong>Peso:<\/strong> 148\u00a0g<\/li>\n<li><strong>Pantalla<\/strong>: 4,7 pulgadas IPS 1.334 x 750 p\u00edxeles 3D\u00a0Touch Display &#8211; Pantalla ion-x a prueba de golpes- Superficie oleof\u00f3bica resistente a rayones- Soporte multitouch- Sensor de huellas dactilares Touch ID- Sensor aceler\u00f3metro para auto rotaci\u00f3n- Sensor gir\u00f3scopico- Sensor de proximidad para auto apagado-<\/li>\n<li><strong>Procesador<\/strong>: Apple A9 64 bits arquitectura Transistor (dualcore @ 2 GHz<\/li>\n<li><strong>Bater\u00eda<\/strong>: 1.810 mAh- Standard, Li-Ion 1715 mAh<\/li>\n<li><strong>C\u00e1mara<\/strong>: 12 MP flash doble tono \/ 5 MP Retina Flash-12 MP, apertura \u0192\/2.2, pixels 1.22\u00b5, autofocus, flash LED tono dual, HDR, geo-tagging-, foco t\u00e1ctil, reconocimiento de rostro, panorama, video 2160p@30fps, 1080p@30fps, 720p@240fps slo-mo, luz de video, c\u00e1mara frontal 5 MP 720p \u0192\/2.2, HDR<\/li>\n<li><strong>Software<\/strong>: iOS 9<\/li>\n<li><strong>Conectividad<\/strong>: WiFi AC \/ Bluetooth \/ NFC (Apple Pay)- GPS con soporte A-GPS, GLONASS- Soporte nanoSIM- Cancelaci\u00f3n activa de ruido con micr\u00f3fono dedicado- Br\u00fajula digital- EDGE-3G DC-HSDPA 42 Mbps \/ HSDPA 21 Mbps\/ HSUPA 5.76 Mbps-4G LTE Cat. 6- Wi-Fi 802.11 a\/b\/g\/n\/ac; banda dual; MIMO- Bluetooth v4.2 A2DP- Puerto Lightning- NFC- Manoslibres incorporado<\/li>\n<li><strong>Red: GSM<\/strong> 850 \/ 900 \/ 1800 \/ 1900 &#8211; HSDPA 850 \/ 900 \/ 1700 \/ 1900 \/ 2100 (seg\u00fan modelo)<\/li>\n<li><strong>Red:<\/strong> <strong>\u00a0LTE<\/strong> (1, 2, 3, 4, 5, 7, 8, 12, 13, 17, 18, 19, 20, 25, 26, 27, 28, 29, 30) (seg\u00fan modelo)<\/li>\n<li><strong>Otros:<\/strong> Reproductor y editor de audio y video- Comandos\/memo\/discado por voz- Asistente personal Siri- Almacenamiento iCloud- Salida TV- Editor de fotos- Integraci\u00f3n con redes sociales- Ingreso predictivo de texto\u00b7<\/li>\n<\/ul>\n<h3><\/h3>\n<h3><strong>R\u00e1pida Evaluaci\u00f3n:<\/strong><\/h3>\n<h4><strong>Ventajas:<\/strong><\/h4>\n<ul>\n<li>Procesador de 64 bits<\/li>\n<li>Muy delgado (7.1mm)<\/li>\n<li>Conectividad 4G LTE<\/li>\n<li>Muy buena densidad de pixels (326ppi)<\/li>\n<\/ul>\n<h4><\/h4>\n<h4><strong>Desventajas:<\/strong><\/h4>\n<ul>\n<li>No posee ranura MicroSD<\/li>\n<\/ul>\n<p>&nbsp;<\/p>\n<ul>\n<li>Se incluyen los siguientes accesorios: <strong>Cargador, Auriculares y Manual<\/strong><\/li>\n<li><strong>Garant\u00eda:<\/strong> 12 meses contra defecto de fabricaci\u00f3n<\/li>\n<\/ul>\n<h4><\/h4>\n<h4><span style=\"color: #ff0000;\"><strong>Contado efectivo: 10% de Descuento<\/strong><\/span><\/h4>\n<h5><strong>*Las im\u00e1genes son a modo ilustrativo.<\/strong><\/h5>\n","protected":false},"excerpt":{"rendered":"<h3><span style=\"color: #ff0000;\"> \u00abArt\u00edculo Agotado\u00bb<\/span><\/h3>\n","protected":false},"featured_media":499,"comment_status":"open","ping_status":"closed","template":"","meta":[],"_links":{"self":[{"href":"https:\/\/www.appoloviracel.com.uy\/index.php\/wp-json\/wp\/v2\/product\/498"}],"collection":[{"href":"https:\/\/www.appoloviracel.com.uy\/index.php\/wp-json\/wp\/v2\/product"}],"about":[{"href":"https:\/\/www.appoloviracel.com.uy\/index.php\/wp-json\/wp\/v2\/types\/product"}],"replies":[{"embeddable":true,"href":"https:\/\/www.appoloviracel.com.uy\/index.php\/wp-json\/wp\/v2\/comments?post=498"}],"wp:featuredmedia":[{"embeddable":true,"href":"https:\/\/www.appoloviracel.com.uy\/index.php\/wp-json\/wp\/v2\/media\/499"}],"wp:attachment":[{"href":"https:\/\/www.appoloviracel.com.uy\/index.php\/wp-json\/wp\/v2\/media?parent=498"}],"curies":[{"name":"wp","href":"https:\/\/api.w.org\/{rel}","templated":true}]}}