{"id":496,"date":"2020-10-15T08:46:35","date_gmt":"2020-10-15T11:46:35","guid":{"rendered":"https:\/\/www.appoloviracel.com.uy\/?post_type=product&#038;p=496"},"modified":"2021-12-20T13:39:58","modified_gmt":"2021-12-20T16:39:58","slug":"iphone-se-128gb-2gb","status":"publish","type":"product","link":"https:\/\/www.appoloviracel.com.uy\/index.php\/product\/iphone-se-128gb-2gb\/","title":{"rendered":"Celular iPhone \u00abSE\u00bb (128Gb-3Gb)"},"content":{"rendered":"<h4>Caracter\u00edsticas y especificaciones: <strong>\u00a0<\/strong><\/h4>\n<h4><span style=\"color: #ff0000;\"><strong>Equipo Nuevo<br \/>\n<\/strong><\/span><\/h4>\n<ul>\n<li><strong>Capacidad<\/strong><sup>: <\/sup>128 Gb<\/li>\n<li><strong>Memoria interna:<\/strong> 3Gb<\/li>\n<li><strong>Tama\u00f1o: Ancho:<\/strong> 67.3\u00a0mm-<strong>Alto:<\/strong> 138.4\u00a0mm-<strong>Espesor:<\/strong> 7.3\u00a0mm<\/li>\n<li><strong>Peso:<\/strong> 148\u00a0g<\/li>\n<li><strong>Pantalla<\/strong> : 4,7 Pulgadas-Retina\u00a0HD-Widescreen LCD Multi-Touch de 4.7 pulgadas (diagonal) con tecnolog\u00eda\u00a0IPS &#8211;<strong>Resoluci\u00f3n:<\/strong> 1334 x 750 pixeles a\u00a0326\u00a0ppi &#8211;<strong>Relaci\u00f3n de contraste:<\/strong> 1400:1 (normal)<\/li>\n<li><strong>Pantalla:<\/strong> True\u00a0Tone -Pantalla con amplia gama de colores\u00a0(P3) -Toque con respuesta h\u00e1ptica &#8211;<\/li>\n<li>Brillo m\u00e1ximo de 625\u00a0nits (normal)-Revestimiento oleof\u00f3bico resistente a huellas dactilares<\/li>\n<li>Zoom de pantalla-Alcance F\u00e1cil<\/li>\n<li><strong>Resistencia a las salpicaduras, al\u00a0agua y al\u00a0polvo: <\/strong><\/li>\n<li>Clasificaci\u00f3n IP67 (hasta 30 minutos a una profundidad m\u00e1xima de 1\u00a0metro) seg\u00fan la norma IEC\u00a060529<\/li>\n<li><strong>C\u00e1mara: <\/strong><\/li>\n<li>Sistema de c\u00e1mara \u00fanica de 12\u00a0MP: gran\u00a0angular-Apertura de\u00a0\u0192\/1.8-Zoom digital de hasta\u00a05x-<\/li>\n<li>Modo Retrato con bokeh avanzado y\u00a0Control de Profundidad -Iluminaci\u00f3n de Retrato con seis efectos (Luz Natural, Luz de Estudio Fotogr\u00e1fico, Luz al Contorno, Reflector, Reflector B\u00a0y\u00a0N, Clave Alta en\u00a0B\u00a0y\u00a0N) -Estabilizaci\u00f3n \u00f3ptica de\u00a0imagen -Lente de seis elementos -Flash LED True\u00a0Tone con sincronizaci\u00f3n\u00a0lenta -Fotos panor\u00e1micas (hasta 63\u00a0MP) -Cubierta del lente de cristal de zafiro<\/li>\n<li><strong>C\u00e1mara frontal<\/strong>:C\u00e1mara de 7\u00a0MP-Apertura de\u00a0\u0192\/2.2-Modo Retrato con bokeh avanzado y\u00a0Control de Profundidad-Iluminaci\u00f3n de Retrato con seis efectos (Luz Natural, Luz de Estudio Fotogr\u00e1fico, Luz al Contorno, Reflector, Reflector B\u00a0y\u00a0N, Clave Alta en\u00a0B\u00a0y\u00a0N)-Grabaci\u00f3n de video HD de 1080p a 30\u00a0cps-Retina Flash-Video QuickTake-Amplia gama de colores en fotos y\u00a0Live\u00a0Photos-HDR Autom\u00e1tico para fotos-Estabilizaci\u00f3n autom\u00e1tica de imagen-Modo R\u00e1faga-Estabilizaci\u00f3n cinem\u00e1tica de video (1080p y\u00a0720p)<\/li>\n<li><strong>Touch\u00a0ID<\/strong>:Sensor de huellas digitales integrado en el bot\u00f3n de inicio-Conexi\u00f3n inal\u00e1mbrica y\u00a0celular<\/li>\n<li><strong>Todos los modelos<\/strong>:Gigabit-class LTE con MIMO 2&#215;2 y\u00a0LAA<sup>&#8211;<\/sup>Wi\u2011Fi 6 802.11ax con MIMO\u00a02&#215;2-Tecnolog\u00eda inal\u00e1mbrica Bluetooth\u00a05.0-NFC con modo de lectura-Tarjetas Express con carga de reserva<\/li>\n<li><strong>Ubicaci\u00f3n<\/strong>: GPS\/GNSS integrados-Br\u00fajula digital-Wi\u2011Fi-Red celular-Microlocalizaci\u00f3n iBeacon<\/li>\n<li><strong>Carga r\u00e1pida:<\/strong>Hasta un 50% de carga en 30 minutos con un adaptador de 20\u00a0W o superior (se\u00a0vende por\u00a0separado)<\/li>\n<li><strong>Bater\u00eda<\/strong>:de iones de litio recargable integrada-Carga inal\u00e1mbrica (funciona con cargadores\u00a0Qi)-Carga mediante el puerto USB de una computadora o con un adaptador de corriente<\/li>\n<li><strong>Sensores<\/strong>:Sensor\u00a0de\u00a0huellas digitales\u00a0Touch\u00a0ID \u2013Bar\u00f3metro-Giroscopio de tres ejes-Aceler\u00f3metro-Sensor de proximidad-Sensor de luz ambiental<\/li>\n<li>Sistema operativo<\/li>\n<li>Se incluyen los siguientes accesorios: <strong>Cable original y Manual<\/strong><\/li>\n<li><strong>Garant\u00eda:<\/strong> 12 meses contra defecto de fabricaci\u00f3n<\/li>\n<\/ul>\n<h4><\/h4>\n<h4><span style=\"color: #ff0000;\"><strong>Contado efectivo: 10% de Descuento<\/strong><\/span><\/h4>\n<h5><strong>*Las im\u00e1genes son a modo ilustrativo.<\/strong><\/h5>\n","protected":false},"excerpt":{"rendered":"<h3><span style=\"color: #339966;\"><strong>U$S 790<\/strong><\/span><\/h3>\n","protected":false},"featured_media":486,"comment_status":"open","ping_status":"closed","template":"","meta":[],"_links":{"self":[{"href":"https:\/\/www.appoloviracel.com.uy\/index.php\/wp-json\/wp\/v2\/product\/496"}],"collection":[{"href":"https:\/\/www.appoloviracel.com.uy\/index.php\/wp-json\/wp\/v2\/product"}],"about":[{"href":"https:\/\/www.appoloviracel.com.uy\/index.php\/wp-json\/wp\/v2\/types\/product"}],"replies":[{"embeddable":true,"href":"https:\/\/www.appoloviracel.com.uy\/index.php\/wp-json\/wp\/v2\/comments?post=496"}],"wp:featuredmedia":[{"embeddable":true,"href":"https:\/\/www.appoloviracel.com.uy\/index.php\/wp-json\/wp\/v2\/media\/486"}],"wp:attachment":[{"href":"https:\/\/www.appoloviracel.com.uy\/index.php\/wp-json\/wp\/v2\/media?parent=496"}],"curies":[{"name":"wp","href":"https:\/\/api.w.org\/{rel}","templated":true}]}}