{"id":4915,"date":"2021-03-18T19:14:35","date_gmt":"2021-03-18T22:14:35","guid":{"rendered":"https:\/\/www.appoloviracel.com.uy\/?post_type=product&#038;p=4915"},"modified":"2025-08-26T11:41:15","modified_gmt":"2025-08-26T14:41:15","slug":"energizer-hard-case-h550s-32gb-3gb","status":"publish","type":"product","link":"https:\/\/www.appoloviracel.com.uy\/index.php\/product\/energizer-hard-case-h550s-32gb-3gb\/","title":{"rendered":"Celular Energizer \u00abHard Case H550s\u00bb (32Gb-3Gb)"},"content":{"rendered":"<h4>Caracter\u00edsticas y especificaciones:<\/h4>\n<p>*Una bater\u00eda ultrapotente<\/p>\n<p>Con una bater\u00eda ultrapotente de 4000 mAh, no es necesario cargar el HARDCASE H550S hasta 16,5 d\u00edas en modo de espera y hasta 26 h 35 en comunicaci\u00f3n 2G.<br \/>\nGracias a la tecnolog\u00eda de ahorro de energ\u00eda inteligente, cada miliamperio de la bater\u00eda se optimiza para evitar el desperdicio.<br \/>\nBater\u00eda: 4000 mAh<br \/>\nTiempo en espera hasta: 16,5 d\u00edas<br \/>\nTiempo de conversaci\u00f3n 2G hasta: 26h35<br \/>\nTiempo de conversaci\u00f3n 3G hasta: 11h30<\/p>\n<p>*USB-C y carga r\u00e1pida<\/p>\n<p>Gracias a su conector USB-C, tus transferencias de datos son m\u00e1s r\u00e1pidas y estables.<br \/>\nEl HARDCASE H550S se carga en modo de carga r\u00e1pida a 12V.<br \/>\nConector: USB-C<br \/>\nCarga r\u00e1pida: 12V<\/p>\n<p>*Comparte tu bater\u00eda<\/p>\n<p>Con el cable OTG suministrado, puedes convertir el HARDCASE H550S en un powerbank y comparte su energ\u00eda con otro tel\u00e9fono compatible o un producto como un kit de manos libres, un reloj conectado o un joystick.<br \/>\nCable: OTG<\/p>\n<p>*Certificado IP68<\/p>\n<p>El HARDCASE H550S ha alcanzado el est\u00e1ndar IP68 despu\u00e9s de varias pruebas de inmersi\u00f3n a largo plazo.<br \/>\nAdmite la inmersi\u00f3n a 1,5 metros de profundidad durante 30 minutos perfectamente y tambi\u00e9n es a prueba de polvo.<br \/>\nNorma: IP68<\/p>\n<p>*La pantalla del HARDCASE H550S<\/p>\n<p>Presenta Corning\u00ae Gorilla\u00ae Glass 3, un vidrio de cobertura resistente a da\u00f1os que se caracteriza por su delicadeza y solidez. Gorilla\u00ae Glass 3 ofrece una resistencia mejorada a los rayones, una visibilidad reducida de los rayones y una mayor resistencia retenida si se produce un ray\u00f3n.<br \/>\nVidrio de protecci\u00f3n: Corning\u00ae Gorilla\u00ae Glass 3<\/p>\n<p>*Una pantalla fenomenal<\/p>\n<p>La gran pantalla Full HD de 5.5 \u00abdel HARDCASE H550S con bordes ligeramente redondeados para ampliar su visi\u00f3n. Sus agradables curvas a\u00f1aden una nueva dimensi\u00f3n a todo lo que ve. Todo es m\u00e1s grande, m\u00e1s n\u00edtido, m\u00e1s brillante, m\u00e1s fenomenal.<\/p>\n<p>*Rendimiento excepcional<\/p>\n<p>El HARDCASE H550S combina el procesador Mediatek Helio P18 MT6750 Octo Core de 1.5 GHz con 3GB de RAM. Con la HARDCASE H550S, puede navegar por la web, ver videos y jugar con una fluidez excepcional.<\/p>\n<p>*C\u00e1mara SONY de 16 megap\u00edxeles<\/p>\n<p>Con la c\u00e1mara principal de 16 megap\u00edxeles y la c\u00e1mara frontal de 8 megap\u00edxeles, de SONY, del HARDCASE H550S, puedes capturar los momentos m\u00e1gicos de tu vida con la mejor resoluci\u00f3n posible.<\/p>\n<p>*Llamadas y datos de muy alta velocidad<\/p>\n<p>Equipado con una velocidad CAT4-LTE de hasta 300 Mbps, el HARDCASE H550S le ofrece una conexi\u00f3n de muy alta velocidad. VoLTE, Voice over LTE o 4G Voice es una innovaci\u00f3n de red que brinda a sus llamadas una calidad de voz superior y mantiene el 4G activo durante sus conversaciones telef\u00f3nicas.<\/p>\n<p>*Tecnolog\u00eda NFC<\/p>\n<p>Sencilla e intuitiva, esta tecnolog\u00eda permite conectar dos dispositivos compatibles autom\u00e1ticamente sin iniciar una aplicaci\u00f3n. Con \u00e9l, puede abrir p\u00e1ginas web, iniciar autom\u00e1ticamente su GPS, abrir una puerta &#8230; y muchas otras cosas interesantes.<\/p>\n<p>*Doble SIM<\/p>\n<p>El HARDCASE H550S puede admitir dos tarjetas SIM o una tarjeta SIM y una tarjeta SD.<br \/>\nPuede aumentar la memoria de almacenamiento o beneficiarse de dos l\u00edneas separadas en un solo m\u00f3vil.<br \/>\nPuede combinar paquetes profesionales y personales, nacionales e internacionales o elegir dos operadores diferentes para una mejor cobertura de red.<\/p>\n<p>*Lector de huellas dactilares<\/p>\n<p>Con su lector de huellas dactilares, puede desbloquear la HARDCASE H550S con un solo toque en menos de un segundo: simple y r\u00e1pido.<br \/>\nPuede pre-registrar hasta 5 huellas digitales diferentes.<\/p>\n<p>*Dise\u00f1o premium<\/p>\n<p>El grosor de 11,1 mm del HARDCASE H550S lo convierte en uno de los tel\u00e9fonos inteligentes resistentes m\u00e1s delgados del mercado. Est\u00e9ticamente sobrio, un toque muy discreto de efecto carbono se presenta en su carcasa trasera con gran elegancia.<\/p>\n<ul>\n<li>Se incluyen los siguientes accesorios: <strong>Cargador y Manual<\/strong><\/li>\n<li><strong>Garant\u00eda:<\/strong> 12 meses contra defecto de fabricaci\u00f3n<\/li>\n<\/ul>\n<p><strong>\u00a0<\/strong><\/p>\n<h5><strong>*Las im\u00e1genes son a modo ilustrativo.<\/strong><\/h5>\n","protected":false},"excerpt":{"rendered":"<h3><span style=\"color: #ff0000;\"><strong>\u00abArt\u00edculo Agotado\u00bb<\/strong><\/span><\/h3>\n","protected":false},"featured_media":4916,"comment_status":"open","ping_status":"closed","template":"","meta":[],"_links":{"self":[{"href":"https:\/\/www.appoloviracel.com.uy\/index.php\/wp-json\/wp\/v2\/product\/4915"}],"collection":[{"href":"https:\/\/www.appoloviracel.com.uy\/index.php\/wp-json\/wp\/v2\/product"}],"about":[{"href":"https:\/\/www.appoloviracel.com.uy\/index.php\/wp-json\/wp\/v2\/types\/product"}],"replies":[{"embeddable":true,"href":"https:\/\/www.appoloviracel.com.uy\/index.php\/wp-json\/wp\/v2\/comments?post=4915"}],"wp:featuredmedia":[{"embeddable":true,"href":"https:\/\/www.appoloviracel.com.uy\/index.php\/wp-json\/wp\/v2\/media\/4916"}],"wp:attachment":[{"href":"https:\/\/www.appoloviracel.com.uy\/index.php\/wp-json\/wp\/v2\/media?parent=4915"}],"curies":[{"name":"wp","href":"https:\/\/api.w.org\/{rel}","templated":true}]}}