{"id":4879,"date":"2021-03-17T21:37:10","date_gmt":"2021-03-18T00:37:10","guid":{"rendered":"https:\/\/www.appoloviracel.com.uy\/?post_type=product&#038;p=4879"},"modified":"2022-10-15T17:02:19","modified_gmt":"2022-10-15T20:02:19","slug":"hp-kit-mouse-y-teclado-inalambrico-hp-300","status":"publish","type":"product","link":"https:\/\/www.appoloviracel.com.uy\/index.php\/product\/hp-kit-mouse-y-teclado-inalambrico-hp-300\/","title":{"rendered":"Combo HP \u00abHP 300\u00bb Mouse y Teclado inal\u00e1mbrico"},"content":{"rendered":"<h4>Caracter\u00edsticas y especificaciones:<\/h4>\n<ul>\n<li><strong>INTERFAZ: DIEZ TECLAS DE ACCESO R\u00c1PIDO PARA ACCEDER CON UN TOQUE A LAS HERRAMIENTAS IMPORTANTES, COMO INTERNET, CORREO ELECTR\u00d3NICO Y B\u00daSQUEDA<\/strong><\/li>\n<li><strong>MARCA: HP<\/strong><\/li>\n<li><strong>TECNOLOG\u00cdA: CONEXI\u00d3N INAL\u00c1MBRICA DE 2,4 GHz<\/strong><\/li>\n<li><strong>DESCRIPCI\u00d3N: HP WIRELESS KEYBOARD ANDMOUSE 300<\/strong><\/li>\n<li><strong>CONTENIDO: TECLADO MOUSE NANO RECEPTOR INAL\u00c1MBRICO USB 2 PILAS AAA (TECLADO) 2 PILAS AAA (MOUSE) GU\u00cdA DE INICIO R\u00c1PIDO AVISOS DEL PRODUCTO TARJETA DE GARANT\u00cdA<\/strong><\/li>\n<li><strong>COMPATIBILIDAD: WINDOWS 10, WINDOWS 8<\/strong><\/li>\n<li><strong> DE PARTE: 3ML04AA<\/strong><\/li>\n<li><strong>COLOR: NEGRO<\/strong><\/li>\n<li><strong>DIMENSIONES: 465 mm * 175 mm * 36 mm<\/strong><\/li>\n<\/ul>\n<p><strong>\u00a0<\/strong><\/p>\n<h5><strong>*Las im\u00e1genes son a modo ilustrativo.<\/strong><\/h5>\n","protected":false},"excerpt":{"rendered":"<h3><span style=\"color: #339966;\"><strong>$ 1.490<\/strong><\/span><\/h3>\n","protected":false},"featured_media":4880,"comment_status":"open","ping_status":"closed","template":"","meta":[],"_links":{"self":[{"href":"https:\/\/www.appoloviracel.com.uy\/index.php\/wp-json\/wp\/v2\/product\/4879"}],"collection":[{"href":"https:\/\/www.appoloviracel.com.uy\/index.php\/wp-json\/wp\/v2\/product"}],"about":[{"href":"https:\/\/www.appoloviracel.com.uy\/index.php\/wp-json\/wp\/v2\/types\/product"}],"replies":[{"embeddable":true,"href":"https:\/\/www.appoloviracel.com.uy\/index.php\/wp-json\/wp\/v2\/comments?post=4879"}],"wp:featuredmedia":[{"embeddable":true,"href":"https:\/\/www.appoloviracel.com.uy\/index.php\/wp-json\/wp\/v2\/media\/4880"}],"wp:attachment":[{"href":"https:\/\/www.appoloviracel.com.uy\/index.php\/wp-json\/wp\/v2\/media?parent=4879"}],"curies":[{"name":"wp","href":"https:\/\/api.w.org\/{rel}","templated":true}]}}