{"id":4839,"date":"2021-03-16T22:39:40","date_gmt":"2021-03-17T01:39:40","guid":{"rendered":"https:\/\/www.appoloviracel.com.uy\/?post_type=product&#038;p=4839"},"modified":"2021-03-27T15:51:42","modified_gmt":"2021-03-27T18:51:42","slug":"meetion-mouse-gamer-pro-gaming-poseidon-g3360","status":"publish","type":"product","link":"https:\/\/www.appoloviracel.com.uy\/index.php\/product\/meetion-mouse-gamer-pro-gaming-poseidon-g3360\/","title":{"rendered":"Mouse Meetion \u00abPoseidon G3360\u00bb Gamer Pro Gaming"},"content":{"rendered":"<h4>Caracter\u00edsticas y especificaciones:<\/h4>\n<p><strong>Mouse Gamer Pro Gaming Meetion G3360 USB, PC, Notebook <\/strong><\/p>\n<p><strong>TECNOLOG\u00cdA ACTUALIZADA. <\/strong><\/p>\n<ul>\n<li><strong>Dise\u00f1o ergon\u00f3mico, toque exquisito, respuesta r\u00e1pida, sopas l\u00edquidas, le brindan una maravillosa sensaci\u00f3n de juego.<\/strong><\/li>\n<li><strong>DPI conmutable de 7 grados. DPI que cambia libremente para el hogar, la oficina y los juegos.<\/strong><\/li>\n<li><strong>Sensor de juego profesional-pmw3360. Sensor profesional incorporado, f\u00e1cil de jugar para todo tipo de juegos.<\/strong><\/li>\n<li><strong>C\u00f3modas empu\u00f1aduras laterales de resistencia al deslizamiento. Las empu\u00f1aduras laterales de silicona pura ultra duraderas proporcionan una sensaci\u00f3n s\u00f3lida y una vida \u00fatil de uso.<\/strong><\/li>\n<\/ul>\n<p><strong>Especificaciones:<\/strong><\/p>\n<ul>\n<li><strong>Color: Negro<\/strong><\/li>\n<li><strong>Cantidad de clave: 6 + 1 botones<\/strong><\/li>\n<li><strong>Luz de fondo LED RGB<\/strong><\/li>\n<li><strong>DPI: 200-12000 ppp<\/strong><\/li>\n<li><strong>Cuadros por segundo: Max.12000 fps<\/strong><\/li>\n<li><strong>Tasa de sondeo: 125-1000 Hz \/ ms<\/strong><\/li>\n<li><strong>Aceleraci\u00f3n: 50 gramos<\/strong><\/li>\n<li><strong>Velocidad de seguimiento: 250 ips<\/strong><\/li>\n<li><strong>Sistema compatible: Win XP \/ Vista \/ 7\/8\/10 MAC OS<\/strong><\/li>\n<li><strong>Interfaz: USB<\/strong><\/li>\n<li><strong>Longitud del cable: 1.8 \u00b1 0.01m<\/strong><\/li>\n<li><strong>Dimensiones: 129 * 70 * 43.5 mm<\/strong><\/li>\n<li><strong>Peso: 160 \u00b1 5grs.<\/strong><\/li>\n<\/ul>\n<p><strong>\u00a0<\/strong><\/p>\n<h5><strong>*Las im\u00e1genes son a modo ilustrativo.<\/strong><\/h5>\n","protected":false},"excerpt":{"rendered":"<h3><span style=\"color: #008000;\"><strong>U$S 42<\/strong><\/span><\/h3>\n","protected":false},"featured_media":4840,"comment_status":"open","ping_status":"closed","template":"","meta":[],"_links":{"self":[{"href":"https:\/\/www.appoloviracel.com.uy\/index.php\/wp-json\/wp\/v2\/product\/4839"}],"collection":[{"href":"https:\/\/www.appoloviracel.com.uy\/index.php\/wp-json\/wp\/v2\/product"}],"about":[{"href":"https:\/\/www.appoloviracel.com.uy\/index.php\/wp-json\/wp\/v2\/types\/product"}],"replies":[{"embeddable":true,"href":"https:\/\/www.appoloviracel.com.uy\/index.php\/wp-json\/wp\/v2\/comments?post=4839"}],"wp:featuredmedia":[{"embeddable":true,"href":"https:\/\/www.appoloviracel.com.uy\/index.php\/wp-json\/wp\/v2\/media\/4840"}],"wp:attachment":[{"href":"https:\/\/www.appoloviracel.com.uy\/index.php\/wp-json\/wp\/v2\/media?parent=4839"}],"curies":[{"name":"wp","href":"https:\/\/api.w.org\/{rel}","templated":true}]}}