{"id":4818,"date":"2021-03-16T21:47:10","date_gmt":"2021-03-17T00:47:10","guid":{"rendered":"https:\/\/www.appoloviracel.com.uy\/?post_type=product&#038;p=4818"},"modified":"2021-11-20T10:28:37","modified_gmt":"2021-11-20T13:28:37","slug":"havit-kit-mouse-y-teclado-kb611","status":"publish","type":"product","link":"https:\/\/www.appoloviracel.com.uy\/index.php\/product\/havit-kit-mouse-y-teclado-kb611\/","title":{"rendered":"Combo Havit \u00abKB611\u00bb Mouse y Teclado"},"content":{"rendered":"<h4>Caracter\u00edsticas y especificaciones:<\/h4>\n<p>SET HAVIT ESPA\u00d1OL DE TECLADO Y MOUSE INALAMBRICO 2.4 GHZ NEGRO Set de teclado y mouse inal\u00e1mbrico negro Tipo: Set de teclado y mouse inal\u00e1mbricos Tecnolog\u00eda: wireless 2.4 G &#8211; inal\u00e1mbrico Color: Negro Teclado: 104 teclas e incluye teclas multimedia Mouse: 1600 Dpi Incluye: 2 pilas AAA Sistemas operativos: WINDOWS 8.1, WINDOWS 8, WINDOWS RT, WINDOWS 7 Dise\u00f1o: Ergonometrico<\/p>\n<p>Marca: Havit<br \/>\nModelo:\u00a0Havit KB611CM teclado y rat\u00f3n Combo<br \/>\ntipo de producto: Juego de teclado y rat\u00f3n<br \/>\nConectividad: Cableado<br \/>\nColor: Negro<br \/>\nInterfaz: USB, PS2<br \/>\nTeclado num\u00e9rico: S\u00ed<br \/>\nNumero de llaves: 104<br \/>\nResoluci\u00f3n: 1200 ppp.<br \/>\nTensi\u00f3n de funcionamiento: 4.5V-5.5V<br \/>\nCorriente de funcionamiento: 100mA<br \/>\nVoltaje: 5V<br \/>\nCaracter\u00edstica:\u00a012 teclas de acceso r\u00e1pido multimedia complejas comunes, que le permiten apreciar la facilidad de un control de administraci\u00f3n de teclas, un dise\u00f1o ultra-sim y antinoise, una forma elegante y una sensaci\u00f3n de escritura perfecta, un dise\u00f1o peque\u00f1o y exquisito, c\u00f3modo de llevar.<br \/>\nSistemas operativos: Windows 2000 \/ XP \/ Vista, Windows 7, Windows 8, Windows 10 \/ Linux \/ Mac<br \/>\nDimensi\u00f3n: Teclado &#8211; 438.5 * 140.7 * 23 mm, Rat\u00f3n &#8211; 110 * 60 * 36 mm<\/p>\n<h5><strong>\u00a0<\/strong><strong>*Las im\u00e1genes son a modo ilustrativo.<\/strong><\/h5>\n","protected":false},"excerpt":{"rendered":"<h3><span style=\"color: #339966;\"><strong>$ 580<\/strong><\/span><\/h3>\n","protected":false},"featured_media":4819,"comment_status":"open","ping_status":"closed","template":"","meta":[],"_links":{"self":[{"href":"https:\/\/www.appoloviracel.com.uy\/index.php\/wp-json\/wp\/v2\/product\/4818"}],"collection":[{"href":"https:\/\/www.appoloviracel.com.uy\/index.php\/wp-json\/wp\/v2\/product"}],"about":[{"href":"https:\/\/www.appoloviracel.com.uy\/index.php\/wp-json\/wp\/v2\/types\/product"}],"replies":[{"embeddable":true,"href":"https:\/\/www.appoloviracel.com.uy\/index.php\/wp-json\/wp\/v2\/comments?post=4818"}],"wp:featuredmedia":[{"embeddable":true,"href":"https:\/\/www.appoloviracel.com.uy\/index.php\/wp-json\/wp\/v2\/media\/4819"}],"wp:attachment":[{"href":"https:\/\/www.appoloviracel.com.uy\/index.php\/wp-json\/wp\/v2\/media?parent=4818"}],"curies":[{"name":"wp","href":"https:\/\/api.w.org\/{rel}","templated":true}]}}