{"id":4802,"date":"2021-03-16T21:34:01","date_gmt":"2021-03-17T00:34:01","guid":{"rendered":"https:\/\/www.appoloviracel.com.uy\/?post_type=product&#038;p=4802"},"modified":"2021-03-27T15:26:12","modified_gmt":"2021-03-27T18:26:12","slug":"genius-teclado-gx-gaming-scorpion-k215","status":"publish","type":"product","link":"https:\/\/www.appoloviracel.com.uy\/index.php\/product\/genius-teclado-gx-gaming-scorpion-k215\/","title":{"rendered":"Teclado Genius \u00abScorpion K215\u00bb GX Gaming"},"content":{"rendered":"<h4>Caracter\u00edsticas y especificaciones:<\/h4>\n<p><strong>Teclado Cableado Genius Scorpion K215 USB Teclas Multimedia Retroiluminado Gamer<\/strong><\/p>\n<ul>\n<li><strong>El K215 es el m\u00e1s reciente teclado con retroiluminaci\u00f3n LED de Genius que le permitir\u00e1 disfrutar m\u00e1s de sus sesiones de juegos en l\u00ednea.<\/strong><\/li>\n<li><strong>Este teclado de tama\u00f1o completo da a los jugadores m\u00e1s funciones y herramientas de batalla para salir victorioso en cualquier sesi\u00f3n de juegos.<\/strong><\/li>\n<li><strong>El K215 incluye numerosas funciones para un control avanzado de sus juegos, a\u00fan cuando se presionan varias teclas a la vez.<\/strong><\/li>\n<li><strong>Diez teclas de acceso directo para un control instant\u00e1neo de funciones multimedia y de Internet.<\/strong><\/li>\n<li><strong>Otra excelente caracter\u00edstica del K215 es que incluye seis teclas celestes de alta durabilidad, lo que permite a los jugadores localizar teclas espec\u00edficas en condiciones de baja luz o durante sesiones nocturnas de juego, lo que brinda una mejor experiencia.<\/strong><\/li>\n<li><strong>Retroiluminaci\u00f3n de fondo del teclado en 7 colores (arco iris) para trabajo nocturno<\/strong><\/li>\n<li><strong>Dise\u00f1o Gaming GX de alto confort<\/strong><\/li>\n<li><strong>C\u00f3modo y duradero: Las teclas del K215 se elevan hasta la mitad de la altura de un teclado regular, duran hasta 2 millones de pulsaciones<\/strong><\/li>\n<li><strong>Textura suave, excelente sensaci\u00f3n<\/strong><\/li>\n<li><strong>Mejor experiencia de juego<\/strong><\/li>\n<li><strong>12 Teclas de funci\u00f3n<\/strong><\/li>\n<li><strong>Control r\u00e1pido con 10 teclas multimedia (Mudo, Bajar Volumen, Subir Volumen, Hacia atr\u00e1s, Hacia adelante, Home, Correo, Anterior, Siguiente, Abandono de un juego)<\/strong><\/li>\n<li><strong>Dise\u00f1o de estructura s\u00f3lida con soporte antiderrame y resistente a salpicaduras<\/strong><\/li>\n<li><strong>Dise\u00f1o robusto<\/strong><\/li>\n<li><strong>Interfaz: USB<\/strong><\/li>\n<li><strong>Longitud del cable: 1,5 m<\/strong><\/li>\n<li><strong>Peso: 720 grs.<\/strong><\/li>\n<li><strong>Dimensiones: 467 * 190 * 28 mm<\/strong><\/li>\n<\/ul>\n<h5><\/h5>\n<h5><strong>*Las im\u00e1genes son a modo ilustrativo.<\/strong><\/h5>\n","protected":false},"excerpt":{"rendered":"<h3><span style=\"color: #339966;\"><strong>$ 950<\/strong><\/span><\/h3>\n","protected":false},"featured_media":4811,"comment_status":"open","ping_status":"closed","template":"","meta":[],"_links":{"self":[{"href":"https:\/\/www.appoloviracel.com.uy\/index.php\/wp-json\/wp\/v2\/product\/4802"}],"collection":[{"href":"https:\/\/www.appoloviracel.com.uy\/index.php\/wp-json\/wp\/v2\/product"}],"about":[{"href":"https:\/\/www.appoloviracel.com.uy\/index.php\/wp-json\/wp\/v2\/types\/product"}],"replies":[{"embeddable":true,"href":"https:\/\/www.appoloviracel.com.uy\/index.php\/wp-json\/wp\/v2\/comments?post=4802"}],"wp:featuredmedia":[{"embeddable":true,"href":"https:\/\/www.appoloviracel.com.uy\/index.php\/wp-json\/wp\/v2\/media\/4811"}],"wp:attachment":[{"href":"https:\/\/www.appoloviracel.com.uy\/index.php\/wp-json\/wp\/v2\/media?parent=4802"}],"curies":[{"name":"wp","href":"https:\/\/api.w.org\/{rel}","templated":true}]}}