{"id":4796,"date":"2021-03-16T16:55:36","date_gmt":"2021-03-16T19:55:36","guid":{"rendered":"https:\/\/www.appoloviracel.com.uy\/?post_type=product&#038;p=4796"},"modified":"2022-08-13T23:01:18","modified_gmt":"2022-08-14T02:01:18","slug":"transmisor-fm-para-auto-con-bluetooth","status":"publish","type":"product","link":"https:\/\/www.appoloviracel.com.uy\/index.php\/product\/transmisor-fm-para-auto-con-bluetooth\/","title":{"rendered":"Transmisor FM para Auto con Bluetooth"},"content":{"rendered":"<h4>Caracter\u00edsticas y especificaciones:<\/h4>\n<p>Este producto es un cargador especial del coche de Bluetooth con reproductor de MP3, adopta m\u00f3dulo Bluetooth de alto rendimiento profesional, integrado en el chip decodificador de MP3 \/ WMA que puede transmitir archivos de m\u00fasica en el disco USB al est\u00e9reo de autom\u00f3vil a trav\u00e9s de wireless. Se puede cambiar a una llamada entrante con el estado de manos libres, siempre y cuando el tel\u00e9fono m\u00f3vil est\u00e1 dotado de la funci\u00f3n Bluetooth. Una vez finalizada la llamada, se cambia a la reproducci\u00f3n de m\u00fasica de forma autom\u00e1tica.<\/p>\n<ul>\n<li>Cargador con Transmisor FM (para m\u00fasica y llamadas)<\/li>\n<li>1A \/ 2 USB (Inteligente)<\/li>\n<li>Conexi\u00f3n Bluetooth (v3.0)<\/li>\n<li>M\u00fasica y Llamadas<\/li>\n<li>Entrada USB para Pen Drive<\/li>\n<li>Frecuencia de transmisi\u00f3n: 87,5-108 MHz<\/li>\n<li>Ajustable a cualquier \u00e1ngulo, y aptos para todo tipo de veh\u00edculos.<\/li>\n<li>Transmisor de FM de frecuencia completa.<\/li>\n<li>Soporte pantalla LED, pantalla digital.<\/li>\n<li>Entrada de l\u00ednea de audio de apoyo.<\/li>\n<li>Con la energ\u00eda del interruptor de encendido \/ apagado (USB conexi\u00f3n directa).<\/li>\n<li>Apoyo reproductor de disco USB.<\/li>\n<li>Soporta MP3, WMA m\u00fasica.<\/li>\n<li>Respuesta Bluetooth, colgar, rechazar llamadas y otras funciones de rellamada.<\/li>\n<li>Reproducir m\u00fasica en est\u00e9reo Bluetooth.<\/li>\n<li>Cancelaci\u00f3n de eco y tecnolog\u00eda de supresi\u00f3n de ruido (CVC) durante una llamada.<\/li>\n<li>Voltaje de salida de la dual USB, la m\u00e1xima salida de 5v \/ 2A.<\/li>\n<li>Funci\u00f3n autom\u00e1tica de la memoria de apagado.<\/li>\n<li>Compatible con: iPhone 6\/6 Plus \/ 5s \/ 5c \/ 5 \/ 4S \/ 4; Galaxy S5 Samsung \/ S4 \/ S3 \/ S2 \/<\/li>\n<li>Tipo: Reproductor de MP3 de coche<\/li>\n<li>Caracter\u00edsticas: interruptor de potencia controlable, la memoria de puntos de interrupci\u00f3n de juego<\/li>\n<li>De color negro<\/li>\n<li>Voltaje: 5V<\/li>\n<li>Voltaje de funcionamiento: 12v<\/li>\n<li>M\u00fasica Fuente: Unidad flash, Celular<\/li>\n<li>Grado de distorsi\u00f3n (%): 0,1%<\/li>\n<li>Versi\u00f3n de Bluetooth: 2.0<\/li>\n<li>Protocolo Bluetooth: A2DP<\/li>\n<li>Transmitir Distancia: entre 10 y 15 metros aproximadamente<\/li>\n<li>Formato de soporte: WMA, MP3<\/li>\n<\/ul>\n<p><strong>\u00a0<\/strong><\/p>\n<h5><strong>*Las im\u00e1genes son a modo ilustrativo.<\/strong><\/h5>\n","protected":false},"excerpt":{"rendered":"<h3><span style=\"color: #339966;\"><strong>$ 550<\/strong><\/span><\/h3>\n","protected":false},"featured_media":4797,"comment_status":"open","ping_status":"closed","template":"","meta":[],"_links":{"self":[{"href":"https:\/\/www.appoloviracel.com.uy\/index.php\/wp-json\/wp\/v2\/product\/4796"}],"collection":[{"href":"https:\/\/www.appoloviracel.com.uy\/index.php\/wp-json\/wp\/v2\/product"}],"about":[{"href":"https:\/\/www.appoloviracel.com.uy\/index.php\/wp-json\/wp\/v2\/types\/product"}],"replies":[{"embeddable":true,"href":"https:\/\/www.appoloviracel.com.uy\/index.php\/wp-json\/wp\/v2\/comments?post=4796"}],"wp:featuredmedia":[{"embeddable":true,"href":"https:\/\/www.appoloviracel.com.uy\/index.php\/wp-json\/wp\/v2\/media\/4797"}],"wp:attachment":[{"href":"https:\/\/www.appoloviracel.com.uy\/index.php\/wp-json\/wp\/v2\/media?parent=4796"}],"curies":[{"name":"wp","href":"https:\/\/api.w.org\/{rel}","templated":true}]}}