{"id":4777,"date":"2021-03-15T23:47:54","date_gmt":"2021-03-16T02:47:54","guid":{"rendered":"https:\/\/www.appoloviracel.com.uy\/?post_type=product&#038;p=4777"},"modified":"2021-04-25T23:31:03","modified_gmt":"2021-04-26T02:31:03","slug":"cargador-m-tk-at896-inalambrico-para-auto-10w","status":"publish","type":"product","link":"https:\/\/www.appoloviracel.com.uy\/index.php\/product\/cargador-m-tk-at896-inalambrico-para-auto-10w\/","title":{"rendered":"Cargador M.TK \u00abAT896\u00bb Inal\u00e1mbrico para Auto  (10w)"},"content":{"rendered":"<h4>Caracter\u00edsticas y especificaciones:<\/h4>\n<ul>\n<li>AT896 Cargador r\u00e1pido inal\u00e1mbrico de 10 W para m\u00f3viles, con soporte para autom\u00f3vil y sensor infrarojo para ajuste autom\u00e1tico<\/li>\n<li>Color: Negro<\/li>\n<\/ul>\n<p><strong>\u00a0<\/strong><\/p>\n<h5><strong>*Las im\u00e1genes son a modo ilustrativo<\/strong><\/h5>\n","protected":false},"excerpt":{"rendered":"<h3><span style=\"color: #339966;\"><strong>$ 750<\/strong><\/span><\/h3>\n","protected":false},"featured_media":4778,"comment_status":"open","ping_status":"closed","template":"","meta":[],"_links":{"self":[{"href":"https:\/\/www.appoloviracel.com.uy\/index.php\/wp-json\/wp\/v2\/product\/4777"}],"collection":[{"href":"https:\/\/www.appoloviracel.com.uy\/index.php\/wp-json\/wp\/v2\/product"}],"about":[{"href":"https:\/\/www.appoloviracel.com.uy\/index.php\/wp-json\/wp\/v2\/types\/product"}],"replies":[{"embeddable":true,"href":"https:\/\/www.appoloviracel.com.uy\/index.php\/wp-json\/wp\/v2\/comments?post=4777"}],"wp:featuredmedia":[{"embeddable":true,"href":"https:\/\/www.appoloviracel.com.uy\/index.php\/wp-json\/wp\/v2\/media\/4778"}],"wp:attachment":[{"href":"https:\/\/www.appoloviracel.com.uy\/index.php\/wp-json\/wp\/v2\/media?parent=4777"}],"curies":[{"name":"wp","href":"https:\/\/api.w.org\/{rel}","templated":true}]}}