{"id":4737,"date":"2021-03-14T23:55:46","date_gmt":"2021-03-15T02:55:46","guid":{"rendered":"https:\/\/www.appoloviracel.com.uy\/?post_type=product&#038;p=4737"},"modified":"2021-03-31T13:23:45","modified_gmt":"2021-03-31T16:23:45","slug":"remax-life-power-bank-10-000mah-soporte-celular","status":"publish","type":"product","link":"https:\/\/www.appoloviracel.com.uy\/index.php\/product\/remax-life-power-bank-10-000mah-soporte-celular\/","title":{"rendered":"Power Bank Remax-Life \u00abRL-PB01\u00bb (10.000mAh, Soporte celular)"},"content":{"rendered":"<h4>Caracter\u00edsticas y especificaciones:<\/h4>\n<p>&lt;Remax-Life&gt; Power Bank\u00a0 10.000mAh, 1USB + microUSB, Lightning, Tipo C, Soporte celular<\/p>\n<ul>\n<li><strong>Producto de buena calidad durable. <\/strong><\/li>\n<li><strong>Materiales interiores de alta calidad Para mejorar la eficiencia de carga Ha sido certificado seg\u00fan los est\u00e1ndares internacionales de CE, FCC, RoHS.<\/strong><\/li>\n<li><strong>Detalles del producto Bater\u00eda de respaldo con 3 cables de carga: almacenamiento de cable, bonito dise\u00f1o, peso ligero-<\/strong><\/li>\n<li><strong>Puede poner el tel\u00e9fono Power Bank PowerBank 10000mAh (RL-PB01) Negro viene con cable 3 en 1, cable USB3 incorporado.<\/strong><\/li>\n<li><strong>Banco de energ\u00eda. Adem\u00e1s, el cable se puede almacenar c\u00f3modamente sin tener que transportar el cable por separado.<\/strong><\/li>\n<li><strong>La pantalla indicadora es LED cuando se usa la bater\u00eda. La bater\u00eda se reducir\u00e1 a 100, 75, 50, 25 %<\/strong><\/li>\n<li><strong>La bater\u00eda es liviana, f\u00e1cil de transportar,<\/strong><\/li>\n<li><strong>Admite una amplia variedad de dispositivos: viene con un cable de carga 3 en 1 incorporado,<\/strong><\/li>\n<li><strong>No hay necesidad de preocuparse por quedarse sin cable &#8211; dise\u00f1o elegante con soporte para tel\u00e9fono incorporado El soporte se puede sacar para usar y empujar hacia adentro &#8211; con un distintivo<\/strong><\/li>\n<li><strong>Dise\u00f1o llamativo<\/strong><\/li>\n<li><strong>Tama\u00f1o compacto adecuado para la portabilidad &#8211; ABS, material de PC &#8211; indicador de estado de trabajo claramente visible<\/strong><\/li>\n<li><strong>Admite una corriente de descarga m\u00e1xima de 2.0A (MAX)<\/strong><\/li>\n<li><strong>Admite la recarga de la bater\u00eda del Power Bank a trav\u00e9s del puerto Micro USB, tipo C<\/strong><\/li>\n<li><strong>Hay un bot\u00f3n de abrir para usar. Y ver el estado de la bater\u00eda<\/strong><\/li>\n<li><strong>Entrada micro usb: DC5v, 2.1A (MAX)<\/strong><\/li>\n<li><strong>Tipo de entrada-c: DC5v, 2.1A (MAX)<\/strong><\/li>\n<li><strong>Salida USB: DC5v, 2.1A (MAX)<\/strong><\/li>\n<li><strong>Salida micro usb: DC5v, 2.0A (MAX)<\/strong><\/li>\n<li><strong>Tipo de salida C: DC5v, 2.0A (MAX)<\/strong><\/li>\n<li><strong>Tensi\u00f3n de salida: DC5v, 1A (MAX)<\/strong><\/li>\n<li><strong>Bater\u00eda: bater\u00eda de pol\u00edmero de litio<\/strong><\/li>\n<\/ul>\n<h5><\/h5>\n<h5><strong>*Las im\u00e1genes son a modo ilustrativo.<\/strong><\/h5>\n","protected":false},"excerpt":{"rendered":"<h3><span style=\"color: #339966;\"><strong>$ 890<\/strong><\/span><\/h3>\n","protected":false},"featured_media":4738,"comment_status":"open","ping_status":"closed","template":"","meta":[],"_links":{"self":[{"href":"https:\/\/www.appoloviracel.com.uy\/index.php\/wp-json\/wp\/v2\/product\/4737"}],"collection":[{"href":"https:\/\/www.appoloviracel.com.uy\/index.php\/wp-json\/wp\/v2\/product"}],"about":[{"href":"https:\/\/www.appoloviracel.com.uy\/index.php\/wp-json\/wp\/v2\/types\/product"}],"replies":[{"embeddable":true,"href":"https:\/\/www.appoloviracel.com.uy\/index.php\/wp-json\/wp\/v2\/comments?post=4737"}],"wp:featuredmedia":[{"embeddable":true,"href":"https:\/\/www.appoloviracel.com.uy\/index.php\/wp-json\/wp\/v2\/media\/4738"}],"wp:attachment":[{"href":"https:\/\/www.appoloviracel.com.uy\/index.php\/wp-json\/wp\/v2\/media?parent=4737"}],"curies":[{"name":"wp","href":"https:\/\/api.w.org\/{rel}","templated":true}]}}