{"id":4730,"date":"2021-03-14T22:01:37","date_gmt":"2021-03-15T01:01:37","guid":{"rendered":"https:\/\/www.appoloviracel.com.uy\/?post_type=product&#038;p=4730"},"modified":"2022-10-17T09:13:40","modified_gmt":"2022-10-17T12:13:40","slug":"roca-power-bank-pb20-20-000mah","status":"publish","type":"product","link":"https:\/\/www.appoloviracel.com.uy\/index.php\/product\/roca-power-bank-pb20-20-000mah\/","title":{"rendered":"Power Bank ROCA \u00abPB20\u00bb (20.000mAh)"},"content":{"rendered":"<h4>Caracter\u00edsticas y especificaciones:<\/h4>\n<p>Powerbank robusta y liviana, a la vez que mejora la seguridad, lo que lleva a sus amplias aplicaciones en dispositivos digitales. Compar\u00e1dolo con los que usan bater\u00edas de iones de litio, este power bank es mucho m\u00e1s delgado. Es un cargador port\u00e1til que cabe perfectamente en tu mano mientras trabajas con tu tel\u00e9fono. Power bank de alta capacidad de 20000mAh compatible con la mayor\u00eda de tus dispositivos digitales. Con capacidad total, puede contener suficiente capacidad para cargar completamente tu dispositivo una o m\u00e1s veces.<\/p>\n<h5><strong>*Las im\u00e1genes son a modo ilustrativo.<\/strong><\/h5>\n","protected":false},"excerpt":{"rendered":"<h3><span style=\"color: #339966;\"><strong>$ 1.290<\/strong><\/span><\/h3>\n","protected":false},"featured_media":4731,"comment_status":"open","ping_status":"closed","template":"","meta":[],"_links":{"self":[{"href":"https:\/\/www.appoloviracel.com.uy\/index.php\/wp-json\/wp\/v2\/product\/4730"}],"collection":[{"href":"https:\/\/www.appoloviracel.com.uy\/index.php\/wp-json\/wp\/v2\/product"}],"about":[{"href":"https:\/\/www.appoloviracel.com.uy\/index.php\/wp-json\/wp\/v2\/types\/product"}],"replies":[{"embeddable":true,"href":"https:\/\/www.appoloviracel.com.uy\/index.php\/wp-json\/wp\/v2\/comments?post=4730"}],"wp:featuredmedia":[{"embeddable":true,"href":"https:\/\/www.appoloviracel.com.uy\/index.php\/wp-json\/wp\/v2\/media\/4731"}],"wp:attachment":[{"href":"https:\/\/www.appoloviracel.com.uy\/index.php\/wp-json\/wp\/v2\/media?parent=4730"}],"curies":[{"name":"wp","href":"https:\/\/api.w.org\/{rel}","templated":true}]}}