{"id":4712,"date":"2021-03-14T21:49:28","date_gmt":"2021-03-15T00:49:28","guid":{"rendered":"https:\/\/www.appoloviracel.com.uy\/?post_type=product&#038;p=4712"},"modified":"2021-03-31T13:23:10","modified_gmt":"2021-03-31T16:23:10","slug":"joyroom-power-bank-10-000-mah-2usb-d-m219","status":"publish","type":"product","link":"https:\/\/www.appoloviracel.com.uy\/index.php\/product\/joyroom-power-bank-10-000-mah-2usb-d-m219\/","title":{"rendered":"Power Bank JOYROOM \u00abD-M219\u00bb (10.000 mAh, 2USB)"},"content":{"rendered":"<h4>Caracter\u00edsticas y especificaciones:<\/h4>\n<ul>\n<li><strong>Marca: JOYROOM <\/strong><\/li>\n<li><strong>Capacidad de la bater\u00eda: 10.000 mAh<\/strong><\/li>\n<li><strong>Entrada: 5V, 2.1A<\/strong><\/li>\n<li><strong>Salida: DC5V, 2.1A dual USB <\/strong><\/li>\n<li><strong>Interfaz de salida: Doble USB<\/strong><\/li>\n<li><strong>Interfaz de entrada: USB a Micro USB<\/strong><\/li>\n<li><strong>Tipo de bater\u00eda: Bater\u00eda de pol\u00edmero de litio<\/strong><\/li>\n<li><strong>Lugar del origen: Guangdong, China<\/strong><\/li>\n<li><strong>N\u00famero de Modelo: MGD-006-1<\/strong><\/li>\n<li><strong>Peso: 290grs<\/strong><\/li>\n<li><strong>Dimensiones: 183*110*23mm<\/strong><\/li>\n<li><strong>Tipo del z\u00f3calo: Puerto USB<\/strong><\/li>\n<li><strong>Caracter\u00edsticas: Port\u00e1til<\/strong><\/li>\n<li><strong>Product name: Universal 10000mAh portable charger power bank<\/strong><\/li>\n<li><strong>USB Port: 2 Ports<\/strong><\/li>\n<li><strong>Color: Black, White<\/strong><\/li>\n<li><strong>Material: ABS+ pc<\/strong><\/li>\n<li><strong>Compatible con: iPhone X, 8, 8Plus, Samsung Galaxy, s9 Plus, s9<\/strong><\/li>\n<li><strong>El marco est\u00e1 chapado en metal, la superficie de pintura de vellosidades hace que el producto sea m\u00e1s elegante.<\/strong><\/li>\n<li><strong>Las Bater\u00edas de pol\u00edmero de alta densidad se pueden cargar y descargar r\u00e1pidamente. Soluci\u00f3n PCBA m\u00e1s inteligente, 2 salidas USB con entrada r\u00e1pida Android y Lightning, m\u00e1s segura y m\u00e1s confiable<\/strong><\/li>\n<\/ul>\n<p><strong>\u00a0<\/strong><\/p>\n<h5><strong>*Las im\u00e1genes son a modo ilustrativo.<\/strong><\/h5>\n","protected":false},"excerpt":{"rendered":"<h3><span style=\"color: #339966;\"><strong>$ 850<\/strong><\/span><\/h3>\n","protected":false},"featured_media":4713,"comment_status":"open","ping_status":"closed","template":"","meta":[],"_links":{"self":[{"href":"https:\/\/www.appoloviracel.com.uy\/index.php\/wp-json\/wp\/v2\/product\/4712"}],"collection":[{"href":"https:\/\/www.appoloviracel.com.uy\/index.php\/wp-json\/wp\/v2\/product"}],"about":[{"href":"https:\/\/www.appoloviracel.com.uy\/index.php\/wp-json\/wp\/v2\/types\/product"}],"replies":[{"embeddable":true,"href":"https:\/\/www.appoloviracel.com.uy\/index.php\/wp-json\/wp\/v2\/comments?post=4712"}],"wp:featuredmedia":[{"embeddable":true,"href":"https:\/\/www.appoloviracel.com.uy\/index.php\/wp-json\/wp\/v2\/media\/4713"}],"wp:attachment":[{"href":"https:\/\/www.appoloviracel.com.uy\/index.php\/wp-json\/wp\/v2\/media?parent=4712"}],"curies":[{"name":"wp","href":"https:\/\/api.w.org\/{rel}","templated":true}]}}