{"id":4702,"date":"2021-03-14T11:49:42","date_gmt":"2021-03-14T14:49:42","guid":{"rendered":"https:\/\/www.appoloviracel.com.uy\/?post_type=product&#038;p=4702"},"modified":"2021-08-05T20:31:38","modified_gmt":"2021-08-05T23:31:38","slug":"tp-link-extensor-de-4-puertos-usb-3-0-uh400","status":"publish","type":"product","link":"https:\/\/www.appoloviracel.com.uy\/index.php\/product\/tp-link-extensor-de-4-puertos-usb-3-0-uh400\/","title":{"rendered":"Extensor Tp-Link \u00abUH400\u00bb de 4 puertos USB 3.0"},"content":{"rendered":"<h4>Caracter\u00edsticas y especificaciones:<\/h4>\n<ul>\n<li>Los puertos USB 3.0 ofrecen velocidades de transferencia de hasta 5 Gbps, 10 veces m\u00e1s r\u00e1pido que el est\u00e1ndar USB 2.0<\/li>\n<li>La transferencia de datos de los 4 puertos implica que ya no tendr\u00e1 que intercambiar dispositivos, podr\u00e1 tenerlos todos conectados<\/li>\n<li>Dise\u00f1o compacto con cable retr\u00e1ctil<\/li>\n<\/ul>\n<p>*Nota: No se requieren drivers para Windows 8.1\/8\/7\/XP o Mac OS X y sistemas basados en Linux. Compatible con los anteriores USB 2.0\/1.1, la velocidad de transmisi\u00f3n actual est\u00e1 limitada por la configuraci\u00f3n del dispositivo conectado.<\/p>\n<p>ESPECIFICACIONES<\/p>\n<ul>\n<li>Dimensiones: 71 * 71 * 16.6 mm<\/li>\n<li>Interfaz de Entrada: 4 Puertos USB 3.0<\/li>\n<li>Interfaz de Salida: USB 3.0 Tipo-A<\/li>\n<li>Chipset: VIA VL812 Chipset con \u00daltimo Firmware<\/li>\n<li>Sistemas Soportados: Windows, Mac OS X y sistemas Linux<\/li>\n<\/ul>\n<p><strong>\u00a0<\/strong><\/p>\n<h5><strong>*Las im\u00e1genes son a modo ilustrativo.<\/strong><\/h5>\n","protected":false},"excerpt":{"rendered":"<h3><strong><span style=\"color: #339966;\">U$S 22<\/span> <\/strong><\/h3>\n","protected":false},"featured_media":4703,"comment_status":"open","ping_status":"closed","template":"","meta":[],"_links":{"self":[{"href":"https:\/\/www.appoloviracel.com.uy\/index.php\/wp-json\/wp\/v2\/product\/4702"}],"collection":[{"href":"https:\/\/www.appoloviracel.com.uy\/index.php\/wp-json\/wp\/v2\/product"}],"about":[{"href":"https:\/\/www.appoloviracel.com.uy\/index.php\/wp-json\/wp\/v2\/types\/product"}],"replies":[{"embeddable":true,"href":"https:\/\/www.appoloviracel.com.uy\/index.php\/wp-json\/wp\/v2\/comments?post=4702"}],"wp:featuredmedia":[{"embeddable":true,"href":"https:\/\/www.appoloviracel.com.uy\/index.php\/wp-json\/wp\/v2\/media\/4703"}],"wp:attachment":[{"href":"https:\/\/www.appoloviracel.com.uy\/index.php\/wp-json\/wp\/v2\/media?parent=4702"}],"curies":[{"name":"wp","href":"https:\/\/api.w.org\/{rel}","templated":true}]}}